{"id":301,"date":"2019-07-29T13:33:44","date_gmt":"2019-07-29T12:33:44","guid":{"rendered":"https:\/\/victoria-collection.de\/?page_id=301"},"modified":"2021-07-08T14:17:07","modified_gmt":"2021-07-08T13:17:07","slug":"was-wir-bieten","status":"publish","type":"page","link":"https:\/\/victoria-collection.de\/de\/was-wir-bieten\/","title":{"rendered":"Was wir bieten[WHAT WE OFFER"},"content":{"rendered":"\t\t<div data-elementor-type=\"wp-post\" data-elementor-id=\"301\" class=\"elementor elementor-301\" data-elementor-settings=\"[]\">\n\t\t\t\t\t\t<div class=\"elementor-inner\">\n\t\t\t\t\t\t\t<div class=\"elementor-section-wrap\">\n\t\t\t\t\t\t\t<section class=\"elementor-section elementor-top-section elementor-element elementor-element-e9ba5a8 elementor-section-stretched elementor-section-full_width elementor-section-height-default elementor-section-height-default\" data-id=\"e9ba5a8\" data-element_type=\"section\" data-settings=\"{&quot;stretch_section&quot;:&quot;section-stretched&quot;}\">\n\t\t\t\t\t\t<div class=\"elementor-container elementor-column-gap-default\">\n\t\t\t\t\t\t\t<div class=\"elementor-row\">\n\t\t\t\t\t<div class=\"elementor-column elementor-col-100 elementor-top-column elementor-element elementor-element-9f3820e\" data-id=\"9f3820e\" data-element_type=\"column\">\n\t\t\t<div class=\"elementor-column-wrap elementor-element-populated\">\n\t\t\t\t\t\t\t<div class=\"elementor-widget-wrap\">\n\t\t\t\t\t\t<div class=\"elementor-element elementor-element-ed01476 elementor-widget elementor-widget-heading\" data-id=\"ed01476\" data-element_type=\"widget\" data-widget_type=\"heading.default\">\n\t\t\t\t<div class=\"elementor-widget-container\">\n\t\t\t<h2 class=\"elementor-heading-title elementor-size-default\">Was wir bieten - und<br \/>was Sie erwartet\n\n<\/h2>\t\t<\/div>\n\t\t\t\t<\/div>\n\t\t\t\t<div class=\"elementor-element elementor-element-a22306d elementor-widget elementor-widget-text-editor\" data-id=\"a22306d\" data-element_type=\"widget\" data-widget_type=\"text-editor.default\">\n\t\t\t\t<div class=\"elementor-widget-container\">\n\t\t\t\t\t\t\t\t<div class=\"elementor-text-editor elementor-clearfix\">\n\t\t\t\t<h4>Bei uns finden Sie alles, was das Optikerherz h\u00f6her schlagen l\u00e4sst:<br \/><br \/>\n&#8211; Sortiment: Eine Auswahl an ausgefallenen Etuis und Lesehilfen, die keine W\u00fcnsche offen l\u00e4sst<br \/>\n&#8211; gepr\u00fcfte Qualit\u00e4t: Unsere Lesehilfen entsprechen der europ\u00e4ischen EN 14139:2010<br \/>\n&#8211; Lieferzeit: Lagernde Ware heute bestellt, morgen versandt<br \/>\n&#8211; Konditionen: Unschlagbare Preise runden das Angebot ab<br \/>\n&#8211; Personalisierung: kleine Mengen und schnelle Lieferung \u00fcberzeugen!<br \/>\n&#8211; g\u00fcnstige Fassungen: die neue MATRIX EYEWEAR Collection zu \u00fcberraschend g\u00fcnstigen Preisen<br \/>\n&#8211; Sonderanfertigungen: machbar ist (fast) alles!<\/h4>\n\t\n\t\t\t\t\t<\/div>\n\t\t\t\t\t\t<\/div>\n\t\t\t\t<\/div>\n\t\t\t\t<div class=\"elementor-element elementor-element-4b06668 elementor-widget elementor-widget-spacer\" data-id=\"4b06668\" data-element_type=\"widget\" data-widget_type=\"spacer.default\">\n\t\t\t\t<div class=\"elementor-widget-container\">\n\t\t\t\t\t<div class=\"elementor-spacer\">\n\t\t\t<div class=\"elementor-spacer-inner\"><\/div>\n\t\t<\/div>\n\t\t\t\t<\/div>\n\t\t\t\t<\/div>\n\t\t\t\t<div class=\"elementor-element elementor-element-5757c79 elementor-widget-divider--view-line elementor-widget elementor-widget-divider\" data-id=\"5757c79\" data-element_type=\"widget\" data-widget_type=\"divider.default\">\n\t\t\t\t<div class=\"elementor-widget-container\">\n\t\t\t\t\t<div class=\"elementor-divider\">\n\t\t\t<span class=\"elementor-divider-separator\">\n\t\t\t\t\t\t<\/span>\n\t\t<\/div>\n\t\t\t\t<\/div>\n\t\t\t\t<\/div>\n\t\t\t\t<div class=\"elementor-element elementor-element-74c755b elementor-widget elementor-widget-heading\" data-id=\"74c755b\" data-element_type=\"widget\" data-widget_type=\"heading.default\">\n\t\t\t\t<div class=\"elementor-widget-container\">\n\t\t\t<h2 class=\"elementor-heading-title elementor-size-default\">Sortiment - die VICTORIA COLLECTION <br>bietet das Richtige f\u00fcr jeden Anlass\n\n<\/h2>\t\t<\/div>\n\t\t\t\t<\/div>\n\t\t\t\t<div class=\"elementor-element elementor-element-20f115a elementor-widget elementor-widget-text-editor\" data-id=\"20f115a\" data-element_type=\"widget\" data-widget_type=\"text-editor.default\">\n\t\t\t\t<div class=\"elementor-widget-container\">\n\t\t\t\t\t\t\t\t<div class=\"elementor-text-editor elementor-clearfix\">\n\t\t\t\t<h4>Wir stellen unsere VICTORIA COLLECTION mit Liebe und Weitblick zusammen. <br \/>Das merkt man an der Trendsicherheit und der F\u00fclle an Treffern in jedem Geschmack.<br \/><br \/>\nVom einfachen Einstecketui zum edlen Echtlederetui , von der klassischen Lesehilfe <br \/>zum extravaganten Hingucker in jedem Gesicht &#8211; jedes Produkt trifft handverlesen voll ins Schwarze!<br \/><br \/>\nDazu gesellen sich schicke und n\u00fctzliche Accessoires.<\/h4>\n\n\n\t\t\t\t\t<\/div>\n\t\t\t\t\t\t<\/div>\n\t\t\t\t<\/div>\n\t\t\t\t<div class=\"elementor-element elementor-element-15b1d97 elementor-widget elementor-widget-spacer\" data-id=\"15b1d97\" data-element_type=\"widget\" data-widget_type=\"spacer.default\">\n\t\t\t\t<div class=\"elementor-widget-container\">\n\t\t\t\t\t<div class=\"elementor-spacer\">\n\t\t\t<div class=\"elementor-spacer-inner\"><\/div>\n\t\t<\/div>\n\t\t\t\t<\/div>\n\t\t\t\t<\/div>\n\t\t\t\t<div class=\"elementor-element elementor-element-9ae1407 elementor-widget-divider--view-line elementor-widget elementor-widget-divider\" data-id=\"9ae1407\" data-element_type=\"widget\" data-widget_type=\"divider.default\">\n\t\t\t\t<div class=\"elementor-widget-container\">\n\t\t\t\t\t<div class=\"elementor-divider\">\n\t\t\t<span class=\"elementor-divider-separator\">\n\t\t\t\t\t\t<\/span>\n\t\t<\/div>\n\t\t\t\t<\/div>\n\t\t\t\t<\/div>\n\t\t\t\t<div class=\"elementor-element elementor-element-531458b elementor-widget elementor-widget-heading\" data-id=\"531458b\" data-element_type=\"widget\" data-widget_type=\"heading.default\">\n\t\t\t\t<div class=\"elementor-widget-container\">\n\t\t\t<h2 class=\"elementor-heading-title elementor-size-default\">Gepr\u00fcfte Qualit\u00e4t - EN 14139:2010, <br \/>EN16128:2011 und EN 12472:2005+A1:2009\n\n<\/h2>\t\t<\/div>\n\t\t\t\t<\/div>\n\t\t\t\t<div class=\"elementor-element elementor-element-ca88bd5 elementor-widget elementor-widget-text-editor\" data-id=\"ca88bd5\" data-element_type=\"widget\" data-widget_type=\"text-editor.default\">\n\t\t\t\t<div class=\"elementor-widget-container\">\n\t\t\t\t\t\t\t\t<div class=\"elementor-text-editor elementor-clearfix\">\n\t\t\t\t<h4>Alle unsere Produkte werden von unserem Expertenteam nach der Produktion gepr\u00fcft. <br \/><br \/>Unsere Lesehilfen entsprechen der europ\u00e4ischen Norm EN14139:2010 <br \/>und durchlaufen Nickeltests nach EN 16128:2011 und EN 12472:2005+A1:2009.<br \/><br \/>\nS\u00e4mtliche Lesehilfen tragen die CE-Kennzeichnung und dokumentieren <br \/>damit die Erf\u00fcllung der EU-Richtlinien.<\/h4>\n\n\t\t\t\t\t<\/div>\n\t\t\t\t\t\t<\/div>\n\t\t\t\t<\/div>\n\t\t\t\t<div class=\"elementor-element elementor-element-b033ab6 elementor-widget elementor-widget-spacer\" data-id=\"b033ab6\" data-element_type=\"widget\" data-widget_type=\"spacer.default\">\n\t\t\t\t<div class=\"elementor-widget-container\">\n\t\t\t\t\t<div class=\"elementor-spacer\">\n\t\t\t<div class=\"elementor-spacer-inner\"><\/div>\n\t\t<\/div>\n\t\t\t\t<\/div>\n\t\t\t\t<\/div>\n\t\t\t\t<div class=\"elementor-element elementor-element-c4c79f8 elementor-widget-divider--view-line elementor-widget elementor-widget-divider\" data-id=\"c4c79f8\" data-element_type=\"widget\" data-widget_type=\"divider.default\">\n\t\t\t\t<div class=\"elementor-widget-container\">\n\t\t\t\t\t<div class=\"elementor-divider\">\n\t\t\t<span class=\"elementor-divider-separator\">\n\t\t\t\t\t\t<\/span>\n\t\t<\/div>\n\t\t\t\t<\/div>\n\t\t\t\t<\/div>\n\t\t\t\t<div class=\"elementor-element elementor-element-66186f7 elementor-widget elementor-widget-heading\" data-id=\"66186f7\" data-element_type=\"widget\" data-widget_type=\"heading.default\">\n\t\t\t\t<div class=\"elementor-widget-container\">\n\t\t\t<h2 class=\"elementor-heading-title elementor-size-default\">Lieferzeit - gerade bestellt <br \/>schon im Versand<\/h2>\t\t<\/div>\n\t\t\t\t<\/div>\n\t\t\t\t<div class=\"elementor-element elementor-element-8f9c34b elementor-widget elementor-widget-text-editor\" data-id=\"8f9c34b\" data-element_type=\"widget\" data-widget_type=\"text-editor.default\">\n\t\t\t\t<div class=\"elementor-widget-container\">\n\t\t\t\t\t\t\t\t<div class=\"elementor-text-editor elementor-clearfix\">\n\t\t\t\t<h4>Wir halten st\u00e4ndig tausende Produkte an unserem Lager vor. <br \/><br \/>Lagernde Ware erhalten Sie in der Regel schon am zweiten Tag nach Ihrer Bestellung. <br \/><br \/>\nSollten nicht alle Produkte vorr\u00e4tig sein, versenden wir unverz\u00fcglich alle lagernden Positionen &#8211; <br \/>und schicken Nachlieferungen selbstverst\u00e4ndlich portofrei so schnell wie m\u00f6glich hinterher.<\/h4>\n\n\t\t\t\t\t<\/div>\n\t\t\t\t\t\t<\/div>\n\t\t\t\t<\/div>\n\t\t\t\t<div class=\"elementor-element elementor-element-fe46230 elementor-widget elementor-widget-spacer\" data-id=\"fe46230\" data-element_type=\"widget\" data-widget_type=\"spacer.default\">\n\t\t\t\t<div class=\"elementor-widget-container\">\n\t\t\t\t\t<div class=\"elementor-spacer\">\n\t\t\t<div class=\"elementor-spacer-inner\"><\/div>\n\t\t<\/div>\n\t\t\t\t<\/div>\n\t\t\t\t<\/div>\n\t\t\t\t<div class=\"elementor-element elementor-element-fc6c5d6 elementor-widget-divider--view-line elementor-widget elementor-widget-divider\" data-id=\"fc6c5d6\" data-element_type=\"widget\" data-widget_type=\"divider.default\">\n\t\t\t\t<div class=\"elementor-widget-container\">\n\t\t\t\t\t<div class=\"elementor-divider\">\n\t\t\t<span class=\"elementor-divider-separator\">\n\t\t\t\t\t\t<\/span>\n\t\t<\/div>\n\t\t\t\t<\/div>\n\t\t\t\t<\/div>\n\t\t\t\t<div class=\"elementor-element elementor-element-3cfaf62 elementor-widget elementor-widget-heading\" data-id=\"3cfaf62\" data-element_type=\"widget\" data-widget_type=\"heading.default\">\n\t\t\t\t<div class=\"elementor-widget-container\">\n\t\t\t<h2 class=\"elementor-heading-title elementor-size-default\">Preise, so fantastisch wie unser Sortiment - <br \/>die Kombination ist unschlagbar\n\n<\/h2>\t\t<\/div>\n\t\t\t\t<\/div>\n\t\t\t\t<div class=\"elementor-element elementor-element-d3a9be7 elementor-widget elementor-widget-text-editor\" data-id=\"d3a9be7\" data-element_type=\"widget\" data-widget_type=\"text-editor.default\">\n\t\t\t\t<div class=\"elementor-widget-container\">\n\t\t\t\t\t\t\t\t<div class=\"elementor-text-editor elementor-clearfix\">\n\t\t\t\t<h4>Profitieren Sie das ganze Jahr von unseren g\u00fcnstigen Katalogpreisen! <br \/>Sonderaktionen und weitere Angebote runden das Spektrum ab. <br \/><br \/>\nBitte melden Sie sich an, um unsere Konditionen angezeigt zu bekommen<\/h4>\n\n\n\t\t\t\t\t<\/div>\n\t\t\t\t\t\t<\/div>\n\t\t\t\t<\/div>\n\t\t\t\t<div class=\"elementor-element elementor-element-161b71f elementor-widget elementor-widget-spacer\" data-id=\"161b71f\" data-element_type=\"widget\" data-widget_type=\"spacer.default\">\n\t\t\t\t<div class=\"elementor-widget-container\">\n\t\t\t\t\t<div class=\"elementor-spacer\">\n\t\t\t<div class=\"elementor-spacer-inner\"><\/div>\n\t\t<\/div>\n\t\t\t\t<\/div>\n\t\t\t\t<\/div>\n\t\t\t\t<div class=\"elementor-element elementor-element-04d09e0 elementor-widget-divider--view-line elementor-widget elementor-widget-divider\" data-id=\"04d09e0\" data-element_type=\"widget\" data-widget_type=\"divider.default\">\n\t\t\t\t<div class=\"elementor-widget-container\">\n\t\t\t\t\t<div class=\"elementor-divider\">\n\t\t\t<span class=\"elementor-divider-separator\">\n\t\t\t\t\t\t<\/span>\n\t\t<\/div>\n\t\t\t\t<\/div>\n\t\t\t\t<\/div>\n\t\t\t\t<div class=\"elementor-element elementor-element-f623908 elementor-widget elementor-widget-heading\" data-id=\"f623908\" data-element_type=\"widget\" data-widget_type=\"heading.default\">\n\t\t\t\t<div class=\"elementor-widget-container\">\n\t\t\t<h2 class=\"elementor-heading-title elementor-size-default\">Personalisierung - kleine Mengen <br \/>und kurze Lieferzeit\n\n<\/h2>\t\t<\/div>\n\t\t\t\t<\/div>\n\t\t\t\t<div class=\"elementor-element elementor-element-ee65b0d elementor-widget elementor-widget-text-editor\" data-id=\"ee65b0d\" data-element_type=\"widget\" data-widget_type=\"text-editor.default\">\n\t\t\t\t<div class=\"elementor-widget-container\">\n\t\t\t\t\t\t\t\t<div class=\"elementor-text-editor elementor-clearfix\">\n\t\t\t\t<h4>Mit Victoria Collection Basic haben wir unser Sortiment um viele g\u00fcnstige Mitgabeetuis erweitert. <br \/>Neue Formen und Farben machen es leicht, das passende Etui zu finden. Ob mit oder ohne Druck, <br \/>diese preiswerten Etuis k\u00f6nnen sich sehen lassen!<br \/><br \/>\nBitte melden Sie sich an, um weitere Details angezeigt zu bekommen.<\/h4>\n\n\n\t\t\t\t\t<\/div>\n\t\t\t\t\t\t<\/div>\n\t\t\t\t<\/div>\n\t\t\t\t<div class=\"elementor-element elementor-element-adaec1b elementor-widget elementor-widget-spacer\" data-id=\"adaec1b\" data-element_type=\"widget\" data-widget_type=\"spacer.default\">\n\t\t\t\t<div class=\"elementor-widget-container\">\n\t\t\t\t\t<div class=\"elementor-spacer\">\n\t\t\t<div class=\"elementor-spacer-inner\"><\/div>\n\t\t<\/div>\n\t\t\t\t<\/div>\n\t\t\t\t<\/div>\n\t\t\t\t<div class=\"elementor-element elementor-element-a7a2bb4 elementor-widget-divider--view-line elementor-widget elementor-widget-divider\" data-id=\"a7a2bb4\" data-element_type=\"widget\" data-widget_type=\"divider.default\">\n\t\t\t\t<div class=\"elementor-widget-container\">\n\t\t\t\t\t<div class=\"elementor-divider\">\n\t\t\t<span class=\"elementor-divider-separator\">\n\t\t\t\t\t\t<\/span>\n\t\t<\/div>\n\t\t\t\t<\/div>\n\t\t\t\t<\/div>\n\t\t\t\t<div class=\"elementor-element elementor-element-28faab7 elementor-widget elementor-widget-heading\" data-id=\"28faab7\" data-element_type=\"widget\" data-widget_type=\"heading.default\">\n\t\t\t\t<div class=\"elementor-widget-container\">\n\t\t\t<h2 class=\"elementor-heading-title elementor-size-default\">MATRIX EYEWEAR: Kunststoff- und Metallfassungen <br \/>zu \u00fcberraschend g\u00fcnstigen Preisen!\n\n<\/h2>\t\t<\/div>\n\t\t\t\t<\/div>\n\t\t\t\t<div class=\"elementor-element elementor-element-01cbdb5 elementor-widget elementor-widget-text-editor\" data-id=\"01cbdb5\" data-element_type=\"widget\" data-widget_type=\"text-editor.default\">\n\t\t\t\t<div class=\"elementor-widget-container\">\n\t\t\t\t\t\t\t\t<div class=\"elementor-text-editor elementor-clearfix\">\n\t\t\t\t<h4>Bitte melden Sie sich an, um weitere Details angezeigt zu bekommen.<\/h4>\n\t\t\t\t\t<\/div>\n\t\t\t\t\t\t<\/div>\n\t\t\t\t<\/div>\n\t\t\t\t<div class=\"elementor-element elementor-element-182f0e5 elementor-widget elementor-widget-spacer\" data-id=\"182f0e5\" data-element_type=\"widget\" data-widget_type=\"spacer.default\">\n\t\t\t\t<div class=\"elementor-widget-container\">\n\t\t\t\t\t<div class=\"elementor-spacer\">\n\t\t\t<div class=\"elementor-spacer-inner\"><\/div>\n\t\t<\/div>\n\t\t\t\t<\/div>\n\t\t\t\t<\/div>\n\t\t\t\t<div class=\"elementor-element elementor-element-9146f70 elementor-widget-divider--view-line elementor-widget elementor-widget-divider\" data-id=\"9146f70\" data-element_type=\"widget\" data-widget_type=\"divider.default\">\n\t\t\t\t<div class=\"elementor-widget-container\">\n\t\t\t\t\t<div class=\"elementor-divider\">\n\t\t\t<span class=\"elementor-divider-separator\">\n\t\t\t\t\t\t<\/span>\n\t\t<\/div>\n\t\t\t\t<\/div>\n\t\t\t\t<\/div>\n\t\t\t\t<div class=\"elementor-element elementor-element-ab6fa3b elementor-widget elementor-widget-heading\" data-id=\"ab6fa3b\" data-element_type=\"widget\" data-widget_type=\"heading.default\">\n\t\t\t\t<div class=\"elementor-widget-container\">\n\t\t\t<h2 class=\"elementor-heading-title elementor-size-default\">Sonderanfertigungen - machbar <br \/>ist (fast) alles\n\n<\/h2>\t\t<\/div>\n\t\t\t\t<\/div>\n\t\t\t\t<div class=\"elementor-element elementor-element-3ca19f0 elementor-widget elementor-widget-text-editor\" data-id=\"3ca19f0\" data-element_type=\"widget\" data-widget_type=\"text-editor.default\">\n\t\t\t\t<div class=\"elementor-widget-container\">\n\t\t\t\t\t\t\t\t<div class=\"elementor-text-editor elementor-clearfix\">\n\t\t\t\t<h4>Gerne beraten wir Sie bei Sonderauftr\u00e4gen und erstellen Ihnen individuelle Angebote. <br \/><br \/>\nSeien es bedruckte Mikrofasert\u00fccher in Sonderma\u00dfen, mit Ihrem Firmenlogo gepr\u00e4gte Etuis oder <br \/>\nau\u00dferordentlich gro\u00dfe St\u00fcckzahlen an Lesehilfen \u2013 sprechen Sie uns einfach an.<br \/><br \/>\nWir freuen uns darauf, Ihre Projekte mit Ihnen zu realisieren!<\/h4>\n\n\n\t\t\t\t\t<\/div>\n\t\t\t\t\t\t<\/div>\n\t\t\t\t<\/div>\n\t\t\t\t\t\t<\/div>\n\t\t\t\t\t<\/div>\n\t\t<\/div>\n\t\t\t\t\t\t\t\t<\/div>\n\t\t\t\t\t<\/div>\n\t\t<\/section>\n\t\t\t\t\t\t<\/div>\n\t\t\t\t\t\t<\/div>\n\t\t\t\t\t<\/div>\n\t\t","protected":false},"excerpt":{"rendered":"<p>Was wir bieten &#8211; undwas Sie erwartet Bei uns finden Sie alles, was das Optikerherz h\u00f6her schlagen l\u00e4sst: &#8211; Sortiment: Eine Auswahl an ausgefallenen Etuis und Lesehilfen, die keine W\u00fcnsche offen l\u00e4sst &#8211; gepr\u00fcfte Qualit\u00e4t: Unsere Lesehilfen entsprechen der europ\u00e4ischen EN 14139:2010 &#8211; Lieferzeit: Lagernde Ware heute bestellt, morgen versandt &#8211; Konditionen: Unschlagbare Preise runden [&hellip;]<\/p>\n","protected":false},"author":1,"featured_media":0,"parent":0,"menu_order":0,"comment_status":"closed","ping_status":"closed","template":"template-fullwidth-no-title.php","meta":[],"acf":[],"_links":{"self":[{"href":"https:\/\/victoria-collection.de\/de\/wp-json\/wp\/v2\/pages\/301"}],"collection":[{"href":"https:\/\/victoria-collection.de\/de\/wp-json\/wp\/v2\/pages"}],"about":[{"href":"https:\/\/victoria-collection.de\/de\/wp-json\/wp\/v2\/types\/page"}],"author":[{"embeddable":true,"href":"https:\/\/victoria-collection.de\/de\/wp-json\/wp\/v2\/users\/1"}],"replies":[{"embeddable":true,"href":"https:\/\/victoria-collection.de\/de\/wp-json\/wp\/v2\/comments?post=301"}],"version-history":[{"count":0,"href":"https:\/\/victoria-collection.de\/de\/wp-json\/wp\/v2\/pages\/301\/revisions"}],"wp:attachment":[{"href":"https:\/\/victoria-collection.de\/de\/wp-json\/wp\/v2\/media?parent=301"}],"curies":[{"name":"wp","href":"https:\/\/api.w.org\/{rel}","templated":true}]}}