{"id":49,"date":"2019-07-15T11:17:03","date_gmt":"2019-07-15T10:17:03","guid":{"rendered":"https:\/\/victoria-collection.de\/?page_id=49"},"modified":"2023-04-05T14:17:33","modified_gmt":"2023-04-05T13:17:33","slug":"agb","status":"publish","type":"page","link":"https:\/\/victoria-collection.de\/de\/agb\/","title":{"rendered":"AGB"},"content":{"rendered":"\t\t<div data-elementor-type=\"wp-post\" data-elementor-id=\"49\" class=\"elementor elementor-49\" data-elementor-settings=\"[]\">\n\t\t\t\t\t\t<div class=\"elementor-inner\">\n\t\t\t\t\t\t\t<div class=\"elementor-section-wrap\">\n\t\t\t\t\t\t\t<section class=\"elementor-section elementor-top-section elementor-element elementor-element-6257a509 elementor-section-boxed elementor-section-height-default elementor-section-height-default\" data-id=\"6257a509\" data-element_type=\"section\">\n\t\t\t\t\t\t<div class=\"elementor-container elementor-column-gap-default\">\n\t\t\t\t\t\t\t<div class=\"elementor-row\">\n\t\t\t\t\t<div class=\"elementor-column elementor-col-100 elementor-top-column elementor-element elementor-element-16be50c1\" data-id=\"16be50c1\" data-element_type=\"column\">\n\t\t\t<div class=\"elementor-column-wrap elementor-element-populated\">\n\t\t\t\t\t\t\t<div class=\"elementor-widget-wrap\">\n\t\t\t\t\t\t<div class=\"elementor-element elementor-element-be3e03c elementor-widget elementor-widget-heading\" data-id=\"be3e03c\" data-element_type=\"widget\" data-widget_type=\"heading.default\">\n\t\t\t\t<div class=\"elementor-widget-container\">\n\t\t\t<h2 class=\"elementor-heading-title elementor-size-default\">Allgemeine Gesch\u00e4ftsbedingungen<\/h2>\t\t<\/div>\n\t\t\t\t<\/div>\n\t\t\t\t<div class=\"elementor-element elementor-element-1766cfee elementor-widget elementor-widget-text-editor\" data-id=\"1766cfee\" data-element_type=\"widget\" data-widget_type=\"text-editor.default\">\n\t\t\t\t<div class=\"elementor-widget-container\">\n\t\t\t\t\t\t\t\t<div class=\"elementor-text-editor elementor-clearfix\">\n\t\t\t\t\n<h2>1. Geltungsbereich<\/h2>\n<h3 style=\"padding-left: 30px;\">1.1. Allgemeines<\/h3>\n<p style=\"padding-left: 30px;\">Die folgenden Bestimmungen gelten bis auf Widerruf durch unsere Seite. Jedwede von den in diesen Gesch\u00e4ftsbedingungen abweichende Vereinbarung bedarf der ausdr\u00fccklichen Zustimmung in Schriftform. Sofern nicht in schriftlicher Form anders festgehalten, gelten diese Gesch\u00e4ftsbedingungen ausschlie\u00dflich. Mit der Bestellung von Waren bei der VICTORIA COLLECTION GmbH erkl\u00e4ren sich beide Seiten des Handels als an die nachstehenden Vereinbarungen gebunden. Ma\u00dfgeblich sind jeweils die zum Zeitpunkt der Bestellung g\u00fcltigen allgemeinen Gesch\u00e4ftsbedingungen.<\/p>\n\n<h2>2. Bestellungen<\/h2>\n<h3 style=\"padding-left: 30px;\">2.1. Zustandekommen des Vertrags<\/h3>\n<p style=\"padding-left: 30px;\">Die Darstellungen der Produkte in den Printmedien und im Online-Shop stellen kein rechtlich bindendes Angebot, sondern eine Aufforderung zur Bestellung dar. Alle Angebote gelten solange der Vorrat reicht, wenn nicht ausdr\u00fccklich gegenteiliges angegeben ist. Irrt\u00fcmer sind vorbehalten. Durch Anklicken der Schaltfl\u00e4che &#8222;kostenpflichtig bestellen&#8220; im abschlie\u00dfenden Schritt des Bestellprozesses geben Sie eine verbindliche Bestellung der im Warenkorb enthaltenen Waren ab. Die Best\u00e4tigung des Eingangs der Bestellung folgt unmittelbar nach dem Absenden der Bestellung. Der Kaufvertrag kommt mit unserer separaten Auftragsbest\u00e4tigung oder Lieferung der Waren zustande. Sinngem\u00e4\u00df gilt dies auch f\u00fcr fernm\u00fcndlich und schriftlich \u00fcbermittelte Bestellungen.<\/p>\n\n<h2>3. Lieferung<\/h2>\n<h3 style=\"padding-left: 30px;\">3.1. Allgemeines<\/h3>\n<p style=\"padding-left: 30px;\">Wir liefern ausschlie\u00dflich f\u00fcr den gewerblichen Bedarf und in den in den Printmedien und dem Online-Shop ausgewiesenen Verpackungseinheiten. Etwaige \u00c4nderungen der bestellten Waren behalten wir uns in der Art vor, als dass wir uns nicht verpflichten, Artikel in Form und Funktion dauerhaft als lieferbar zu garantieren. Ferner behalten wir uns vor, marginale \u00c4nderungen wie gestalterische Ausf\u00fchrungen an den von uns vertriebenen Artikeln vorzunehmen, sofern diese \u00c4nderungen die Funktionalit\u00e4t, die Gebrauchseigenschaften und den Handelswert der bestellten Waren nicht oder nur unerheblich mindern. Sofern der bestellenden Seite die Annahme durch die genannten \u00c4nderungen unzumutbar gemacht wird, steht ihr frei, vom Vertrag zur\u00fcckzutreten. Ausdr\u00fccklich ausgeschlossen sind darauf fu\u00dfende Schadensersatzanspr\u00fcche, sowie anders geartete Schadensanspr\u00fcche.<\/p>\n\n<h3 style=\"padding-left: 30px;\">3.2. Termine und Lieferzeiten<\/h3>\n<p style=\"padding-left: 30px;\">Die von uns genannten Lieferzeiten sind, sofern nicht ausdr\u00fccklich und schriftlich anders vereinbart, keine Fixtermine. Die von uns angegebenen Liefertermine werden basierend auf den Angaben unserer Zulieferer zugesagt. Kleinere Abweichungen von den von uns anberaumten Lieferterminen sind uns zugestanden. In jedem Fall sind Schadensersatzanspr\u00fcche und Vertragsstrafen f\u00fcr nach dem genannten Termin erfolgte Lieferungen ausgeschlossen.<\/p>\n\n<h3 style=\"padding-left: 30px;\">3.3. Anteilige Lieferung<\/h3>\n<p style=\"padding-left: 30px;\">Wir sind jederzeit zur Lieferung von Teilmengen berechtigt.<\/p>\n\n<h3 style=\"padding-left: 30px;\">3.4. H\u00f6here Gewalt<\/h3>\n<p style=\"padding-left: 30px;\">Von uns nicht verschuldete Lieferverz\u00f6gerungen und solche, die f\u00fcr uns nicht vorhersehbar waren, berechtigen uns, die Lieferung bestellter Waren f\u00fcr die Zeit des uns einschr\u00e4nkenden Ereignisses, sowie einer moderaten Anlaufzeit nach dem Ende des Ereignisses zu stunden. Sollte die Lieferung bestellter Waren aufgrund eines solchen Ereignisses unm\u00f6glich oder erheblich erschwert worden sein, sind wir berechtigt, ganz oder in Teilen vom Vertrag zur\u00fcckzutreten.<\/p>\n\n<h3 style=\"padding-left: 30px;\">3.5. Vorbehalt der Belieferung<\/h3>\n<p style=\"padding-left: 30px;\">Wir behalten es uns ausdr\u00fccklich vor, die bestellende Seite, sofern sie mit einer Zahlung in Verzug geraten ist, nicht weiter zu beliefern.<\/p>\n\n<h2>4. Preise<\/h2>\n<h3 style=\"padding-left: 30px;\">4.1. G\u00fcltigkeit der Preise<\/h3>\n<p style=\"padding-left: 30px;\">F\u00fcr Bestellungen gelten, sofern nicht in schriftlicher Form anders vereinbart, die g\u00fcltigen Katalogpreise. Mit dem Erscheinen eines neuen Kataloges werden alle vorherigen Preise ung\u00fcltig. Wir behalten uns eventuelle Preis\u00e4nderungen aufgrund von Devisenschwankungen vor. Zeitlich begrenzte Nachl\u00e4sse k\u00f6nnen nur in Anspruch genommen werden, wenn die Bestellung der reduzierten Waren sp\u00e4testens am letzten Angebotstag bei uns eingeht. Vorbehalten sind Preis\u00e4nderungen, Druckfehler, Irrt\u00fcmer und Lieferm\u00f6glichkeiten. Ma\u00dfgebend ist immer der mit der bestellenden Seite geschlossene Vertrag.<\/p>\n\n<h3 style=\"padding-left: 30px;\">4.2. W\u00e4hrung des Handels<\/h3>\n<p style=\"padding-left: 30px;\">Alle von uns angebotenen Waren werden in der W\u00e4hrung Euro berechnet. Ausnahmen hiervon verlangen der ausdr\u00fccklichen Schriftform.<\/p>\n\n<h3 style=\"padding-left: 30px;\">4.3. Steuern und Abgaben<\/h3>\n<p style=\"padding-left: 30px;\">Die von uns ausgezeichneten Preise verstehen sich ausschlie\u00dflich netto zuz\u00fcglich etwaiger gesetzlicher Mehrwertsteuer. Die zum Zeitpunkt des Vertragsschlusses g\u00fcltigen Umsatzsteuers\u00e4tze werden auf diese Preise aufgeschlagen. Die Umsatzsteuer ist nicht zu entrichten, sofern die Lieferungen im importierenden Land nicht umsatzsteuerpflichtig sind.<\/p>\n\n<h2>5. Bezahlung<\/h2>\n<h3 style=\"padding-left: 30px;\">5.1. Akzeptierte Zahlungsarten<\/h3>\n<p style=\"padding-left: 30px;\">Die von uns akzeptierten Zahlungsarten sind SEPA-Bank\u00fcberweisungen, SEPA-Lastschriften, Vorkasse, Nachnahme und Bar. Andere Zahlungsarten werden von uns nicht akzeptiert.<\/p>\n\n<h3 style=\"padding-left: 30px;\">5.2. Zahlungsfristen<\/h3>\n<p style=\"padding-left: 30px;\">Die von uns berechneten Waren sind, sofern nicht in schriftlicher Form anders vereinbart, innerhalb von 30 Tagen ab Rechnungsstellung f\u00e4llig. Bei Zahlung innerhalb von 10 Tagen ab Rechnungsdatum gew\u00e4hren wir einen Skontoabzug in H\u00f6he von 2 % auf den Bruttowarenwert. Bei erteiltem SEPA-Basislastschriftmandat buchen wir die Rechnungsbetr\u00e4ge um 3 % vom Bruttowarenwert gek\u00fcrzt ab. Als gesetzlich vorgeschriebene Vorabbenachrichtigung (Pre-Notification) bei SEPA-Lastschriften gilt die Ank\u00fcndigung der Ziehung der Lastschrift auf dem Rechnungsbeleg. Die Frist ab Rechnungsstellung bis zum Einzug betr\u00e4gt mindestens 5 Tage.<\/p>\n\n<h3 style=\"padding-left: 30px;\">5.3. Zahlungsverzug<\/h3>\n<p style=\"padding-left: 30px;\">Kommt die bestellende Seite des Handel mit der Zahlung einer legitimen Rechnung in Verzug, sind wir berechtigt, die im Handelsgesetzbuch unter \u00a7 288 definierten Verzugszinsen zu erheben. Basis f\u00fcr die Deklarierung einer Zahlungsverpflichtung als in Verzug geraten ist immer das schlussendliche Datum der Wertstellung auf unserem Konto. Die Geltendmachung einer Forderung nach Verzugszinsen beschneidet dabei keines unserer Rechte, insbesondere nicht das Recht, einen externen Dienstleister mit der Einbringlichmachung der Forderung zu beauftragen.<\/p>\n\n<h3 style=\"padding-left: 30px;\">5.4. Aufrechnung<\/h3>\n<p style=\"padding-left: 30px;\">Die Aufrechnung ist nur mit unbestrittenen oder rechtskr\u00e4ftig festgestellten Forderungen uns gegen\u00fcber m\u00f6glich. Die Aufrechnung mit illegitimen Forderungen wird, wie unter 5.3. geregelt, als s\u00e4umige Zahlungsverpflichtung gewertet.<\/p>\n\n<h3 style=\"padding-left: 30px;\">5.5. Vorauskasse<\/h3>\n<p style=\"padding-left: 30px;\">Wir behalten uns das Recht vor, bestellte Waren nur gegen Vorkasse oder Nachnahme zu liefern.<\/p>\n\n<h2>6. Eigentumsvorbehalt<\/h2>\n<h3 style=\"padding-left: 30px;\">6.1. Vorbehalt des Eigentums<\/h3>\n<p style=\"padding-left: 30px;\">In jedem Fall bleibt die Ware bis zur vollst\u00e4ndigen Bezahlung unser Eigentum. Dieser Eigentumsvorbehalt bleibt auch wirksam, wenn die Ware zwischenzeitlich weiterver\u00e4u\u00dfert wurde. Im Falle des Weiterverkaufs wird die Forderung aus der Weiterver\u00e4u\u00dferung der Waren an uns abgetreten, sofern die bei uns bestellende Seite mit der Bezahlung der weiterverkauften Waren in Verzug ger\u00e4t. Die Geltendmachung unseres Rechtes auf Eigentumsvorbehalt ist nicht zwingend ein R\u00fccktritt unsererseits vom geschlossenen Kaufvertrag.<\/p>\n\n<h3 style=\"padding-left: 30px;\">6.2. Vorbehalt bei \u00c4nderung der Waren<\/h3>\n<p style=\"padding-left: 30px;\">Wird die bei uns bestellte Ware weiterverarbeitet, mit fremden Waren vermischt oder verbunden, so sind wir an der so neu entstanden Sache Miteigent\u00fcmer in dem Verh\u00e4ltnis, in dem die bei uns bestellte Ware Teil dieser neuen Sache ist. Dadurch bleibt der in diesen Gesch\u00e4ftsbedingungen geregelte Eigentumsvorbehalt auf die nunmehr neue Handelsware weiterhin g\u00fcltig.<\/p>\n\n<h3 style=\"padding-left: 30px;\">6.3. Informationspflicht bei Beeintr\u00e4chtigung unserer Rechte<\/h3>\n<p style=\"padding-left: 30px;\">Sofern unser Recht auf das Eigentum an der Vorbehaltsware beeintr\u00e4chtigt wird, insbesondere aufgrund von Zwangsvollstreckung oder anderen gerichtlichen Ma\u00dfnahmen, sind wir hier\u00fcber unverz\u00fcglich zu unterrichten.<\/p>\n\n<h2>7. Versand<\/h2>\n<h3 style=\"padding-left: 30px;\">7.1. Versandspesen<\/h3>\n<p style=\"padding-left: 30px;\">Der Versand der Waren wird separat in Rechnung gestellt. Vorbehalten sind Ausnahmen nach unserem Ermessen. Die in Rechnung gestellten Versandkosten sind innerhalb Deutschlands \u20ac 7,90 zzgl. MwSt, nach \u00d6sterreich \u20ac 11,90 und in die Schweiz \u20ac 17,90. Ausgenommen sind Bestellungen, deren Nettowarenwert die Summe von \u20ac 250,- \u00fcbersteigt. Ab der genannten Summe versenden wir auf eigene Kosten an eine Adresse. Die Versandspesen und Portofreiheitsgrenzen f\u00fcr Lieferungen in andere als die genannten L\u00e4nder erhalten Sie auf Anfrage, bzw. bei Bestellung.<\/p>\n\n<h3 style=\"padding-left: 30px;\">7.2. Transportversicherung<\/h3>\n<p style=\"padding-left: 30px;\">Durch uns versandte Ware wird gegen Transportsch\u00e4den wie beispielsweise Bruch versichert. Ausgenommen sind Bestellungen, die den unter 7.1. genannten Nettowarenwert \u00fcbersteigen. In diesen F\u00e4llen tragen wir die Kosten f\u00fcr die Versicherung der Sendung. Die Gefahr des zuf\u00e4lligen Untergangs oder einer zuf\u00e4lligen Verschlechterung der Ware geht mit der Annahme der Ware auf die bestellende Seite \u00fcber. Erkl\u00e4rt die bestellende Seite ohne hierzu berechtigt zu sein, sie n\u00e4hme die Ware nicht an, so geht die Gefahr ab dem Zeitpunkt der Verweigerung der Annahme auf die bestellende Seite \u00fcber.<\/p>\n\n<h2>8. Gew\u00e4hrleistung und M\u00e4ngelanspr\u00fcche<\/h2>\n<h3 style=\"padding-left: 30px;\">8.1. Gew\u00e4hrleistungsdauer<\/h3>\n<p style=\"padding-left: 30px;\">Die Victoria Collection GmbH leistet f\u00fcr die M\u00e4ngelfreiheit ihrer Produkte Gew\u00e4hr f\u00fcr den Zeitraum von einem Jahr ab Lieferung. Ausgenommen von der Gew\u00e4hrleistung sind Sch\u00e4den, die auf nat\u00fcrlichen Verschlei\u00df, unsachgem\u00e4\u00dfen Gebrauch und\/oder mangelnde oder falsche Pflege zur\u00fcckzuf\u00fchren sind. Die Gew\u00e4hrleistung erlischt, wenn die der bestellenden Seite \u00fcberlassene Ware unsachgem\u00e4\u00df behandelt wurde. Ferner erlischt sie, wenn die von uns gelieferten Fertiglesehilfen entgegen dem hiermit festgeschriebenen ausdr\u00fccklichen Widerspruch dagegen anders verglast und somit zur Korrektionsbrille umfunktioniert wurde.<\/p>\n\n<h3 style=\"padding-left: 30px;\">8.2. M\u00e4ngelanspr\u00fcche<\/h3>\n<p style=\"padding-left: 30px;\">Sollten an der gelieferten Ware M\u00e4ngel auftreten, sind wir innerhalb des unter 8.1. genannten Zeitraumes berechtigt, nach unserem Ermessen zu entscheiden, ob wir die schadhafte Ware unentgeltlich nachbessern oder neu liefern. Von dieser Regelung ausgenommen sind Waren, die nur unerheblich von der vereinbarten Beschaffenheit abweichen und deren Handelswert dadurch nicht oder nur nur marginal beeintr\u00e4chtigt ist. Vom Umtausch ausgeschlossen sind Sonderanfertigungen nach Kundenwunsch, sowie bedruckte Waren.<\/p>\n\n<h2>9. Erf\u00fcllungsort und Gerichtsstand<\/h2>\n<h3 style=\"padding-left: 30px;\">9.1. Erf\u00fcllungsort und Gerichtsstand<\/h3>\n<p style=\"padding-left: 30px;\">Erf\u00fcllungsort f\u00fcr Lieferungen sowie Gerichtsstand ist Stuttgart.<\/p>\n\n<h3 style=\"padding-left: 30px;\">9.2. Gesetzesgrundlage<\/h3>\n<p style=\"padding-left: 30px;\">Es gelten die Gesetze und Bestimmungen der Bundesrepublik Deutschland, sowie die Bestimmungen des UN-\u00dcbereinkommens \u00fcber Vertr\u00e4ge im internationalen Warenverkehr.<\/p>\n<p style=\"padding-left: 30px;\">Stand: 2023-04-05<\/p>\n\t\t\t\t\t<\/div>\n\t\t\t\t\t\t<\/div>\n\t\t\t\t<\/div>\n\t\t\t\t\t\t<\/div>\n\t\t\t\t\t<\/div>\n\t\t<\/div>\n\t\t\t\t\t\t\t\t<\/div>\n\t\t\t\t\t<\/div>\n\t\t<\/section>\n\t\t\t\t\t\t<\/div>\n\t\t\t\t\t\t<\/div>\n\t\t\t\t\t<\/div>\n\t\t","protected":false},"excerpt":{"rendered":"<p>Allgemeine Gesch\u00e4ftsbedingungen 1. Geltungsbereich 1.1. Allgemeines Die folgenden Bestimmungen gelten bis auf Widerruf durch unsere Seite. Jedwede von den in diesen Gesch\u00e4ftsbedingungen abweichende Vereinbarung bedarf der ausdr\u00fccklichen Zustimmung in Schriftform. Sofern nicht in schriftlicher Form anders festgehalten, gelten diese Gesch\u00e4ftsbedingungen ausschlie\u00dflich. Mit der Bestellung von Waren bei der VICTORIA COLLECTION GmbH erkl\u00e4ren sich beide Seiten [&hellip;]<\/p>\n","protected":false},"author":1,"featured_media":0,"parent":0,"menu_order":0,"comment_status":"closed","ping_status":"closed","template":"template-fullwidth-no-title.php","meta":[],"acf":[],"_links":{"self":[{"href":"https:\/\/victoria-collection.de\/de\/wp-json\/wp\/v2\/pages\/49"}],"collection":[{"href":"https:\/\/victoria-collection.de\/de\/wp-json\/wp\/v2\/pages"}],"about":[{"href":"https:\/\/victoria-collection.de\/de\/wp-json\/wp\/v2\/types\/page"}],"author":[{"embeddable":true,"href":"https:\/\/victoria-collection.de\/de\/wp-json\/wp\/v2\/users\/1"}],"replies":[{"embeddable":true,"href":"https:\/\/victoria-collection.de\/de\/wp-json\/wp\/v2\/comments?post=49"}],"version-history":[{"count":0,"href":"https:\/\/victoria-collection.de\/de\/wp-json\/wp\/v2\/pages\/49\/revisions"}],"wp:attachment":[{"href":"https:\/\/victoria-collection.de\/de\/wp-json\/wp\/v2\/media?parent=49"}],"curies":[{"name":"wp","href":"https:\/\/api.w.org\/{rel}","templated":true}]}}