{"id":1231,"date":"2019-09-12T13:02:18","date_gmt":"2019-09-12T12:02:18","guid":{"rendered":"https:\/\/victoria-collection.de\/?post_type=product&#038;p=1231"},"modified":"2026-03-31T21:45:59","modified_gmt":"2026-03-31T20:45:59","slug":"acryldisplay-4-brillen","status":"publish","type":"product","link":"https:\/\/victoria-collection.de\/de\/shop\/acryldisplay-4-brillen\/","title":{"rendered":"ACRYLDISPLAY 4 BRILLEN"},"content":{"rendered":"<p style=\"color: white; font-size: 0px;\">16274 ACRYLDISPLAY 4 BRILLEN &#8211; Hochwertiger Thekenaufsteller &#8211; High-quality counter display &#8211; pr\u00e9sentoir de comptoir haute qualit\u00e9 &#8211; aus Acryl &#8211; Made of acrylic &#8211; acrylique &#8211; f\u00fcr vier Brillen &#8211; For four pairs of glasses &#8211; pour quatre\u00a0paires de lunettes SCHWARZ\/WEISS BLACK\/WHITE NOIR\/BLANC<\/p>\n","protected":false},"excerpt":{"rendered":"<table style=\"width: 100%;\">\n<tbody>\n<tr>\n<td style=\"width: 20%;\"><strong>Modellnummer:<\/strong><\/td>\n<td style=\"width: 35%;\">16274<\/td>\n<td style=\"width: 15%;\"><\/td>\n<td style=\"width: 30%;\"><\/td>\n<\/tr>\n<tr>\n<td style=\"width: 20%;\"><\/td>\n<td style=\"width: 35%;\"><\/td>\n<td style=\"width: 15%;\"><\/td>\n<td style=\"width: 30%;\"><\/td>\n<\/tr>\n<tr>\n<td style=\"width: 20%;\"><strong>Verpackungseinheit:<\/strong><\/td>\n<td style=\"width: 35%;\">1 St\u00fcck<\/td>\n<td style=\"width: 15%;\"><strong>St\u00fcckpreis:<\/strong><\/td>\n<td style=\"width: 30%;\">\u20ac 15,90<\/td>\n<\/tr>\n<tr>\n<td style=\"width: 20%;\"><\/td>\n<td style=\"width: 35%;\"><\/td>\n<td style=\"width: 15%;\"><\/td>\n<td style=\"width: 30%;\"><\/td>\n<\/tr>\n<tr>\n<td style=\"width: 20%;\"><strong>Beschreibung:<\/strong><\/td>\n<td style=\"width: 35%;\">&#8211; Hochwertiger Thekenaufsteller<\/td>\n<td style=\"width: 15%;\"><strong>Produktma\u00dfe:<\/strong><\/td>\n<td style=\"width: 30%;\">L 270 \/ B 100 \/ H 300 mm<\/td>\n<\/tr>\n<tr>\n<td style=\"width: 20%;\"><\/td>\n<td style=\"width: 35%;\">&#8211; aus Acryl<\/td>\n<td style=\"width: 15%;\"><\/td>\n<td style=\"width: 30%;\"><\/td>\n<\/tr>\n<tr>\n<td style=\"width: 20%;\"><\/td>\n<td style=\"width: 35%;\">&#8211; f\u00fcr vier Brillen<\/td>\n<td style=\"width: 15%;\"><strong>Farben:<\/strong><\/td>\n<td style=\"width: 30%;\">Farbe 1 &#8211; SCHWARZ\/WEISS<\/td>\n<\/tr>\n<tr>\n<td style=\"width: 20%;\"><\/td>\n<td style=\"width: 35%;\"><\/td>\n<td style=\"width: 15%;\"><\/td>\n<td style=\"width: 30%;\"><\/td>\n<\/tr>\n<\/tbody>\n<\/table>\n<p><strong>Hinweis:<\/strong> Lieferung ohne Dekoration<\/p>\n","protected":false},"featured_media":1233,"template":"","meta":[],"product_cat":[213,211,465],"product_tag":[],"acf":[],"_links":{"self":[{"href":"https:\/\/victoria-collection.de\/de\/wp-json\/wp\/v2\/product\/1231"}],"collection":[{"href":"https:\/\/victoria-collection.de\/de\/wp-json\/wp\/v2\/product"}],"about":[{"href":"https:\/\/victoria-collection.de\/de\/wp-json\/wp\/v2\/types\/product"}],"wp:featuredmedia":[{"embeddable":true,"href":"https:\/\/victoria-collection.de\/de\/wp-json\/wp\/v2\/media\/1233"}],"wp:attachment":[{"href":"https:\/\/victoria-collection.de\/de\/wp-json\/wp\/v2\/media?parent=1231"}],"wp:term":[{"taxonomy":"product_cat","embeddable":true,"href":"https:\/\/victoria-collection.de\/de\/wp-json\/wp\/v2\/product_cat?post=1231"},{"taxonomy":"product_tag","embeddable":true,"href":"https:\/\/victoria-collection.de\/de\/wp-json\/wp\/v2\/product_tag?post=1231"}],"curies":[{"name":"wp","href":"https:\/\/api.w.org\/{rel}","templated":true}]}}