{"id":17436,"date":"2023-10-11T15:45:23","date_gmt":"2023-10-11T14:45:23","guid":{"rendered":"https:\/\/victoria-collection.de\/?post_type=product&#038;p=17436"},"modified":"2026-05-14T12:01:16","modified_gmt":"2026-05-14T11:01:16","slug":"magnus-tableau-6","status":"publish","type":"product","link":"https:\/\/victoria-collection.de\/de\/shop\/magnus-tableau-6\/","title":{"rendered":"MAGNUS TABLEAU"},"content":{"rendered":"<p style=\"color: white; font-size: 0px; !important;\">16263 TABLEAU &#8211; hochwertiges Tableau mit 4 F\u00e4chern &#8211; Bezug aus Kunstleder &#8211; Synthetic leather cover &#8211; rev\u00eatement en similicuir &#8211; mit Ziern\u00e4hten und Magnetverschluss &#8211; Decorative stitching and magnetic fastener &#8211; coutures d\u00e9coratives et fermeture aimant\u00e9e &#8211; graues Innenfutter &#8211; Grey lining &#8211; doublure int\u00e9rieure grise BRAUN BROWN BRUN<\/p>\n","protected":false},"excerpt":{"rendered":"<p>[visitor]<strong>DE:<\/strong> Beschreibungen und Preise werden nur angemeldeten Besuchern unserer Internetseite angezeigt, da sich unser Angebot ausschlie\u00dflich an Wiederverk\u00e4ufer richtet. Bitte melden Sie sich an, um die volle Funktionalit\u00e4t dieser Seite freizuschalten. <a href=\"https:\/\/victoria-collection.de\/de\/wp-login.php\">Bitte melden Sie sich hier an.<\/a><\/p>\n<p><strong>EN:<\/strong> Descriptions and prices are only displayed to registered visitors to our website, as our offer is aimed exclusively at resellers. Please log in to unlock the full functionality of this page. <a href=\"https:\/\/victoria-collection.de\/en\/wp-login.php\">Please log in here.<\/a><\/p>\n<p><strong>FR:<\/strong> Descriptions et les prix ne sont affich\u00e9s que pour les visiteurs enregistr\u00e9s sur notre site web, car notre offre s&#8217;adresse exclusivement aux revendeurs. Veuillez vous connecter pour d\u00e9verrouiller toutes les fonctionnalit\u00e9s de cette page. <a href=\"https:\/\/victoria-collection.de\/fr\/wp-login.php\">Veuillez vous inscrire ici.<\/a><\/p>\n<p>[\/visitor][member]<\/p>\n<table style =\"width:100%\">\n<tr>\n<td style=\"width:20%\"><strong>Modellnummer:<\/strong><\/td>\n<td style=\"width:35%\">16263<\/td>\n<td style=\"width:15%\">&nbsp;<\/td>\n<td style=\"width:30%\">&nbsp;<\/td>\n<\/tr>\n<tr>\n<td style=\"width:20%\">&nbsp;<\/td>\n<td style=\"width:35%\">&nbsp;<\/td>\n<td style=\"width:15%\">&nbsp;<\/td>\n<td style=\"width:30%\">&nbsp;<\/td>\n<\/tr>\n<tr>\n<td style=\"width:20%\"><strong>Verpackungseinheit:<\/strong><\/td>\n<td style=\"width:35%\">1 St\u00fcck<\/td>\n<td style=\"width:15%\"><strong>St\u00fcckpreis:<\/strong><\/td>\n<td style=\"width:30%\">\u20ac 12,90 <s>\u20ac 17,90<\/s><\/td>\n<\/tr>\n<tr>\n<td style=\"width:20%\">&nbsp;<\/td>\n<td style=\"width:35%\">&nbsp;<\/td>\n<td style=\"width:15%\">&nbsp;<\/td>\n<td style=\"width:30%\">&nbsp;<\/td>\n<\/tr>\n<tr>\n<td style=\"width:20%\"><strong>Beschreibung:<\/strong><\/td>\n<td style=\"width:35%\">&#8211; hochwertiges Tableau mit 4 F\u00e4chern<\/td>\n<td style=\"width:15%\"><strong>Produktma\u00dfe:<\/strong><\/td>\n<td style=\"width:30%\">L 240 \/ B 165 \/ H 48 mm<\/td>\n<\/tr>\n<tr>\n<td style=\"width:20%\">&nbsp;<\/td>\n<td style=\"width:35%\">&#8211; Bezug aus Kunstleder<\/td>\n<td style=\"width:15%\">&nbsp;<\/td>\n<td style=\"width:30%\">&nbsp;<\/td>\n<\/tr>\n<tr>\n<td style=\"width:20%\">&nbsp;<\/td>\n<td style=\"width:35%\">&#8211; mit Ziern\u00e4hten und Magnetverschluss<\/td>\n<td style=\"width:15%\"><strong>Farben:<\/strong><\/td>\n<td style=\"width:30%\">Farbe 1 &#8211; BRAUN<\/td>\n<\/tr>\n<tr>\n<td style=\"width:20%\">&nbsp;<\/td>\n<td style=\"width:35%\">&#8211; graues Innenfutter<\/td>\n<td style=\"width:15%\">&nbsp;<\/td>\n<td style=\"width:30%\">&nbsp;<\/td>\n<\/tr>\n<\/table>\n<p>[\/member]<\/p>\n","protected":false},"featured_media":17395,"template":"","meta":[],"product_cat":[213,465,315],"product_tag":[],"acf":[],"_links":{"self":[{"href":"https:\/\/victoria-collection.de\/de\/wp-json\/wp\/v2\/product\/17436"}],"collection":[{"href":"https:\/\/victoria-collection.de\/de\/wp-json\/wp\/v2\/product"}],"about":[{"href":"https:\/\/victoria-collection.de\/de\/wp-json\/wp\/v2\/types\/product"}],"wp:featuredmedia":[{"embeddable":true,"href":"https:\/\/victoria-collection.de\/de\/wp-json\/wp\/v2\/media\/17395"}],"wp:attachment":[{"href":"https:\/\/victoria-collection.de\/de\/wp-json\/wp\/v2\/media?parent=17436"}],"wp:term":[{"taxonomy":"product_cat","embeddable":true,"href":"https:\/\/victoria-collection.de\/de\/wp-json\/wp\/v2\/product_cat?post=17436"},{"taxonomy":"product_tag","embeddable":true,"href":"https:\/\/victoria-collection.de\/de\/wp-json\/wp\/v2\/product_tag?post=17436"}],"curies":[{"name":"wp","href":"https:\/\/api.w.org\/{rel}","templated":true}]}}