{"id":1763,"date":"2019-10-22T11:03:59","date_gmt":"2019-10-22T10:03:59","guid":{"rendered":"https:\/\/victoria-collection.de\/?post_type=product&#038;p=1763"},"modified":"2026-04-11T14:35:01","modified_gmt":"2026-04-11T13:35:01","slug":"hochwertige-mikrofasertuecher-im-display","status":"publish","type":"product","link":"https:\/\/victoria-collection.de\/de\/shop\/hochwertige-mikrofasertuecher-im-display\/","title":{"rendered":"HOCHWERTIGE MIKROFASERT\u00dcCHER IM DISPLAY"},"content":{"rendered":"<p style=\"color: white; font-size: 0px; !important;\">15138 HOCHWERTIGE MIKROFASERT\u00dcCHER IM DISPLAY &#8211; Mikrofasert\u00fccher in feinster Qualit\u00e4t &#8211; Superior quality microfibre cloths &#8211; chiffons en microfibres de tr\u00e8s grande qualit\u00e9 &#8211; im kompakten Thekendisplay &#8211; In a compact counter display &#8211; dans un pr\u00e9sentoir de comptoir compact &#8211; einzeln verpackt im Vinylm\u00e4ppchen &#8211; Individually packaged in vinyl cases &#8211; emball\u00e9s individuellement dans une pochette en vinyle &#8211; verschiedene Farben &#8211; Various colours &#8211; diff\u00e9rentes couleurs <\/p>\n","protected":false},"excerpt":{"rendered":"<p>[visitor]<strong>DE:<\/strong> Beschreibungen und Preise werden nur angemeldeten Besuchern unserer Internetseite angezeigt, da sich unser Angebot ausschlie\u00dflich an Wiederverk\u00e4ufer richtet. Bitte melden Sie sich an, um die volle Funktionalit\u00e4t dieser Seite freizuschalten. <a href=\"https:\/\/victoria-collection.de\/de\/wp-login.php\">Bitte melden Sie sich hier an.<\/a><\/p>\n<p><strong>EN:<\/strong> Descriptions and prices are only displayed to registered visitors to our website, as our offer is aimed exclusively at resellers. Please log in to unlock the full functionality of this page. <a href=\"https:\/\/victoria-collection.de\/en\/wp-login.php\">Please log in here.<\/a><\/p>\n<p><strong>FR:<\/strong> Descriptions et les prix ne sont affich\u00e9s que pour les visiteurs enregistr\u00e9s sur notre site web, car notre offre s&#8217;adresse exclusivement aux revendeurs. Veuillez vous connecter pour d\u00e9verrouiller toutes les fonctionnalit\u00e9s de cette page. <a href=\"https:\/\/victoria-collection.de\/fr\/wp-login.php\">Veuillez vous inscrire ici.<\/a><\/p>\n<p>[\/visitor][member]<\/p>\n<table style =\"width:100%\">\n<tr>\n<td style=\"width:20%\"><strong>Modellnummer:<\/strong><\/td>\n<td style=\"width:35%\">15138<\/td>\n<td style=\"width:15%\">&nbsp;<\/td>\n<td style=\"width:30%\">&nbsp;<\/td>\n<\/tr>\n<tr>\n<td style=\"width:20%\">&nbsp;<\/td>\n<td style=\"width:35%\">&nbsp;<\/td>\n<td style=\"width:15%\">&nbsp;<\/td>\n<td style=\"width:30%\">&nbsp;<\/td>\n<\/tr>\n<tr>\n<td style=\"width:20%\"><strong>Verpackungseinheit:<\/strong><\/td>\n<td style=\"width:35%\">30 St\u00fcck<\/td>\n<td style=\"width:15%\"><strong>St\u00fcckpreis:<\/strong><\/td>\n<td style=\"width:30%\">\u20ac 0,43<\/td>\n<\/tr>\n<tr>\n<td style=\"width:20%\">&nbsp;<\/td>\n<td style=\"width:35%\">&nbsp;<\/td>\n<td style=\"width:15%\">&nbsp;<\/td>\n<td style=\"width:30%\">&nbsp;<\/td>\n<\/tr>\n<tr>\n<td style=\"width:20%\"><strong>Beschreibung:<\/strong><\/td>\n<td style=\"width:35%\">&#8211; Mikrofasert\u00fccher in feinster Qualit\u00e4t<\/td>\n<td style=\"width:15%\"><strong>Produktma\u00dfe:<\/strong><\/td>\n<td style=\"width:30%\">L 180 \/ B 150 mm<\/td>\n<\/tr>\n<tr>\n<td style=\"width:20%\">&nbsp;<\/td>\n<td style=\"width:35%\">&#8211; im kompakten Thekendisplay<\/td>\n<td style=\"width:15%\">&nbsp;<\/td>\n<td style=\"width:30%\">&nbsp;<\/td>\n<\/tr>\n<tr>\n<td style=\"width:20%\">&nbsp;<\/td>\n<td style=\"width:35%\">&#8211; einzeln verpackt im Vinylm\u00e4ppchen<\/td>\n<td style=\"width:15%\"><strong>Farben:<\/strong><\/td>\n<td style=\"width:30%\">in 3 Farben sortiert<\/td>\n<\/tr>\n<tr>\n<td style=\"width:20%\">&nbsp;<\/td>\n<td style=\"width:35%\">&#8211; verschiedene Farben<\/td>\n<td style=\"width:15%\">&nbsp;<\/td>\n<td style=\"width:30%\">&nbsp;<\/td>\n<\/tr>\n<\/table>\n<p>[\/member]<\/p>\n","protected":false},"featured_media":1765,"template":"","meta":[],"product_cat":[213,466],"product_tag":[],"acf":[],"_links":{"self":[{"href":"https:\/\/victoria-collection.de\/de\/wp-json\/wp\/v2\/product\/1763"}],"collection":[{"href":"https:\/\/victoria-collection.de\/de\/wp-json\/wp\/v2\/product"}],"about":[{"href":"https:\/\/victoria-collection.de\/de\/wp-json\/wp\/v2\/types\/product"}],"wp:featuredmedia":[{"embeddable":true,"href":"https:\/\/victoria-collection.de\/de\/wp-json\/wp\/v2\/media\/1765"}],"wp:attachment":[{"href":"https:\/\/victoria-collection.de\/de\/wp-json\/wp\/v2\/media?parent=1763"}],"wp:term":[{"taxonomy":"product_cat","embeddable":true,"href":"https:\/\/victoria-collection.de\/de\/wp-json\/wp\/v2\/product_cat?post=1763"},{"taxonomy":"product_tag","embeddable":true,"href":"https:\/\/victoria-collection.de\/de\/wp-json\/wp\/v2\/product_tag?post=1763"}],"curies":[{"name":"wp","href":"https:\/\/api.w.org\/{rel}","templated":true}]}}