{"id":24496,"date":"2024-04-26T09:42:44","date_gmt":"2024-04-26T08:42:44","guid":{"rendered":"https:\/\/victoria-collection.de\/?post_type=product&#038;p=24496"},"modified":"2026-03-11T11:41:17","modified_gmt":"2026-03-11T10:41:17","slug":"lazer-sun-0033","status":"publish","type":"product","link":"https:\/\/victoria-collection.de\/de\/shop\/lazer-sun-0033\/","title":{"rendered":"LAZER SUN 0033"},"content":{"rendered":"<p style=\"color: white; font-size: 0px; !important;\">LS0033 LAZER SUN 0033 &#8211; Acetatfassung &#8211; Acetat frame &#8211; Monture en ac\u00e9tate &#8211; mit Federscharnier &#8211; Sprung hinges &#8211; charni\u00e8res \u00e0 ressort &#8211; 100% UV-Schutz, Kat. 3 &#8211; 100% Cat 3 UV protection &#8211; protection UV int\u00e9grale, cat.\u00a03 &#8211; 30-t\u00e4giges R\u00fcckgaberecht &#8211; 30-day right to return &#8211; droit de retour de 30\u00a0jours PURPLE PURPLE PURPRE HAVANNA HAVANA HAVANE <\/p>\n","protected":false},"excerpt":{"rendered":"<p>[visitor]<strong>DE:<\/strong> Beschreibungen und Preise werden nur angemeldeten Besuchern unserer Internetseite angezeigt, da sich unser Angebot ausschlie\u00dflich an Wiederverk\u00e4ufer richtet. Bitte melden Sie sich an, um die volle Funktionalit\u00e4t dieser Seite freizuschalten. <a href=\"https:\/\/victoria-collection.de\/de\/wp-login.php\">Bitte melden Sie sich hier an.<\/a><\/p>\n<p><strong>EN:<\/strong> Descriptions and prices are only displayed to registered visitors to our website, as our offer is aimed exclusively at resellers. Please log in to unlock the full functionality of this page. <a href=\"https:\/\/victoria-collection.de\/en\/wp-login.php\">Please log in here.<\/a><\/p>\n<p><strong>FR:<\/strong> Descriptions et les prix ne sont affich\u00e9s que pour les visiteurs enregistr\u00e9s sur notre site web, car notre offre s&#8217;adresse exclusivement aux revendeurs. Veuillez vous connecter pour d\u00e9verrouiller toutes les fonctionnalit\u00e9s de cette page. <a href=\"https:\/\/victoria-collection.de\/fr\/wp-login.php\">Veuillez vous inscrire ici.<\/a><\/p>\n<p>[\/visitor][member]<\/p>\n<table style =\"width:100%\">\n<tr>\n<td style=\"width:20%\"><strong>Modellnummer:<\/strong><\/td>\n<td style=\"width:35%\">LS0033<\/td>\n<td style=\"width:15%\">&nbsp;<\/td>\n<td style=\"width:30%\">&nbsp;<\/td>\n<\/tr>\n<tr>\n<td style=\"width:20%\">&nbsp;<\/td>\n<td style=\"width:35%\">&nbsp;<\/td>\n<td style=\"width:15%\">&nbsp;<\/td>\n<td style=\"width:30%\">&nbsp;<\/td>\n<\/tr>\n<tr>\n<td style=\"width:20%\"><strong>Verpackungseinheit:<\/strong><\/td>\n<td style=\"width:35%\">1 St\u00fcck<\/td>\n<td style=\"width:15%\"><strong>St\u00fcckpreis:<\/strong><\/td>\n<td style=\"width:30%\">\u20ac 15,90<\/td>\n<\/tr>\n<tr>\n<td style=\"width:20%\">&nbsp;<\/td>\n<td style=\"width:35%\">&nbsp;<\/td>\n<td style=\"width:15%\">&nbsp;<\/td>\n<td style=\"width:30%\">&nbsp;<\/td>\n<\/tr>\n<tr>\n<td style=\"width:20%\"><strong>Beschreibung:<\/strong><\/td>\n<td style=\"width:35%\">&#8211; Acetatfassung<\/td>\n<td style=\"width:15%\"><strong>Produktma\u00dfe:<\/strong><\/td>\n<td style=\"width:30%\">52 &#8211; 19 \/ 140 mm<\/td>\n<\/tr>\n<tr>\n<td style=\"width:20%\">&nbsp;<\/td>\n<td style=\"width:35%\">&#8211; mit Federscharnier<\/td>\n<td style=\"width:15%\">&nbsp;<\/td>\n<td style=\"width:30%\">&nbsp;<\/td>\n<\/tr>\n<tr>\n<td style=\"width:20%\">&nbsp;<\/td>\n<td style=\"width:35%\">&#8211; 100% UV-Schutz, Kat. 3<\/td>\n<td style=\"width:15%\"><strong>Farben:<\/strong><\/td>\n<td style=\"width:30%\">Farbe 1 &#8211; PURPLE<\/td>\n<\/tr>\n<tr>\n<td style=\"width:20%\">&nbsp;<\/td>\n<td style=\"width:35%\">&#8211; 30-t\u00e4giges R\u00fcckgaberecht<\/td>\n<td style=\"width:15%\">&nbsp;<\/td>\n<td style=\"width:30%\">Farbe 2 &#8211; HAVANNA<\/td>\n<\/tr>\n<\/table>\n<p>[\/member]<\/p>\n","protected":false},"featured_media":24787,"template":"","meta":[],"product_cat":[242,415,371,214],"product_tag":[],"acf":[],"_links":{"self":[{"href":"https:\/\/victoria-collection.de\/de\/wp-json\/wp\/v2\/product\/24496"}],"collection":[{"href":"https:\/\/victoria-collection.de\/de\/wp-json\/wp\/v2\/product"}],"about":[{"href":"https:\/\/victoria-collection.de\/de\/wp-json\/wp\/v2\/types\/product"}],"wp:featuredmedia":[{"embeddable":true,"href":"https:\/\/victoria-collection.de\/de\/wp-json\/wp\/v2\/media\/24787"}],"wp:attachment":[{"href":"https:\/\/victoria-collection.de\/de\/wp-json\/wp\/v2\/media?parent=24496"}],"wp:term":[{"taxonomy":"product_cat","embeddable":true,"href":"https:\/\/victoria-collection.de\/de\/wp-json\/wp\/v2\/product_cat?post=24496"},{"taxonomy":"product_tag","embeddable":true,"href":"https:\/\/victoria-collection.de\/de\/wp-json\/wp\/v2\/product_tag?post=24496"}],"curies":[{"name":"wp","href":"https:\/\/api.w.org\/{rel}","templated":true}]}}