{"id":32231,"date":"2025-12-01T16:38:03","date_gmt":"2025-12-01T15:38:03","guid":{"rendered":"https:\/\/victoria-collection.de\/?post_type=product&#038;p=32231"},"modified":"2026-05-11T14:06:11","modified_gmt":"2026-05-11T13:06:11","slug":"milano","status":"publish","type":"product","link":"https:\/\/victoria-collection.de\/de\/shop\/milano\/","title":{"rendered":"MILANO"},"content":{"rendered":"<p style=\"color: white; font-size: 0px; !important;\">370 MILANO &#8211; Leichte Kunststofflesehilfe &#8211; Lightweight plastic reading glasses &#8211; lunettes de lecture en plastique l\u00e9g\u00e8res &#8211; im zweifarbigen Design &#8211; Two-tone design &#8211; style bicolore &#8211; mit Federscharnier &#8211; Spring hinges &#8211; charni\u00e8res \u00e0 ressort &#8211; inkl. Einstecketui &#8211; Pouch included &#8211; avec \u00e9tui souple HAVANNA\/GRAU HAVANA\/GREY HAVANE\/GRIS HAVANNA\/BLAU HAVANA\/BLUE HAVANE\/BLEU HAVANNA\/GR\u00dcN HAVANA\/GREEN HAVANE\/VERT <\/p>\n","protected":false},"excerpt":{"rendered":"<p>[visitor]<strong>DE:<\/strong> Beschreibungen und Preise werden nur angemeldeten Besuchern unserer Internetseite angezeigt, da sich unser Angebot ausschlie\u00dflich an Wiederverk\u00e4ufer richtet. Bitte melden Sie sich an, um die volle Funktionalit\u00e4t dieser Seite freizuschalten. <a href=\"https:\/\/victoria-collection.de\/de\/wp-login.php\">Bitte melden Sie sich hier an.<\/a><\/p>\n<p><strong>EN:<\/strong> Descriptions and prices are only displayed to registered visitors to our website, as our offer is aimed exclusively at resellers. Please log in to unlock the full functionality of this page. <a href=\"https:\/\/victoria-collection.de\/en\/wp-login.php\">Please log in here.<\/a><\/p>\n<p><strong>FR:<\/strong> Descriptions et les prix ne sont affich\u00e9s que pour les visiteurs enregistr\u00e9s sur notre site web, car notre offre s&#8217;adresse exclusivement aux revendeurs. Veuillez vous connecter pour d\u00e9verrouiller toutes les fonctionnalit\u00e9s de cette page. <a href=\"https:\/\/victoria-collection.de\/fr\/wp-login.php\">Veuillez vous inscrire ici.<\/a><\/p>\n<p>[\/visitor][member]<\/p>\n<table style =\"width:100%\">\n<tr>\n<td style=\"width:20%\"><strong>Modellnummer:<\/strong><\/td>\n<td style=\"width:35%\">370<\/td>\n<td style=\"width:15%\">&nbsp;<\/td>\n<td style=\"width:30%\">&nbsp;<\/td>\n<\/tr>\n<tr>\n<td style=\"width:20%\">&nbsp;<\/td>\n<td style=\"width:35%\">&nbsp;<\/td>\n<td style=\"width:15%\">&nbsp;<\/td>\n<td style=\"width:30%\">&nbsp;<\/td>\n<\/tr>\n<tr>\n<td style=\"width:20%\"><strong>Verpackungseinheit:<\/strong><\/td>\n<td style=\"width:35%\">2 St\u00fcck<\/td>\n<td style=\"width:15%\"><strong>St\u00fcckpreis:<\/strong><\/td>\n<td style=\"width:30%\">\u20ac 4,90<\/td>\n<\/tr>\n<tr>\n<td style=\"width:20%\">&nbsp;<\/td>\n<td style=\"width:35%\">&nbsp;<\/td>\n<td style=\"width:15%\">&nbsp;<\/td>\n<td style=\"width:30%\">&nbsp;<\/td>\n<\/tr>\n<tr>\n<td style=\"width:20%\"><strong>Beschreibung:<\/strong><\/td>\n<td style=\"width:35%\">&#8211; Kunststofflesehilfe<\/td>\n<td style=\"width:15%\"><strong>Produktma\u00dfe:<\/strong><\/td>\n<td style=\"width:30%\">48 &#8211; 21 \/ 145 mm<\/td>\n<\/tr>\n<tr>\n<td style=\"width:20%\">&nbsp;<\/td>\n<td style=\"width:35%\">&#8211; im zweifarbigen Design<\/td>\n<td style=\"width:15%\">&nbsp;<\/td>\n<td style=\"width:30%\">&nbsp;<\/td>\n<\/tr>\n<tr>\n<td style=\"width:20%\">&nbsp;<\/td>\n<td style=\"width:35%\">&#8211; mit Federscharnier<\/td>\n<td style=\"width:15%\"><strong>Farben:<\/strong><\/td>\n<td style=\"width:30%\">Farbe 1 &#8211; HAVANNA\/GRAU<\/td>\n<\/tr>\n<tr>\n<td style=\"width:20%\">&nbsp;<\/td>\n<td style=\"width:35%\">&#8211; inkl. Einstecketui<\/td>\n<td style=\"width:15%\">&nbsp;<\/td>\n<td style=\"width:30%\">Farbe 2 &#8211; HAVANNA\/BLAU<\/td>\n<\/tr>\n<tr>\n<td style=\"width:20%\">&nbsp;<\/td>\n<td style=\"width:35%\">&nbsp;<\/td>\n<td style=\"width:15%\">&nbsp;<\/td>\n<td style=\"width:30%\">Farbe 3 &#8211; HAVANNA\/GR\u00dcN<\/td>\n<\/tr>\n<tr>\n<td style=\"width:20%\">&nbsp;<\/td>\n<td style=\"width:35%\">&nbsp;<\/td>\n<td style=\"width:15%\">&nbsp;<\/td>\n<\/td>\n<\/tr>\n<\/table>\n<p><!-- Hier beginnt der Settext --><\/p>\n<div style=\"line-height: 2px;height: 1px;background-color: lightgrey\"><\/div>\n<table style=\"width:100%\"><\/p>\n<tr>\n<td style=\"width:20%\"><strong>Im Set erh\u00e4ltlich:<\/strong><\/td>\n<td style=\"width:35%\">18-teilig inkl. Display<\/td>\n<td style=\"width:15%\"><strong>Setpreis:<\/strong><\/td>\n<td style=\"width:30%\">\u20ac 83,90 (\u20ac 4,66 \/ Stk.)<\/td>\n<\/tr>\n<tr>\n<td style=\"width:20%\">&nbsp;<\/td>\n<td style=\"width:35%\">von + 1,00 bis + 3,50<\/td>\n<td style=\"width:15%\">&nbsp;<\/td>\n<td style=\"width:30%\">&nbsp;<\/td>\n<\/tr>\n<tr>\n<td style=\"width:20%\">&nbsp;<\/td>\n<td style=\"width:35%\">in 3 Farben sortiert<\/td>\n<td style=\"width:15%\">&nbsp;<\/td>\n<td style=\"width:30%\">&nbsp;<\/td>\n<\/tr>\n<\/table>\n<p>[\/member]<\/p>\n","protected":false},"featured_media":32130,"template":"","meta":[],"product_cat":[211,214],"product_tag":[],"acf":[],"_links":{"self":[{"href":"https:\/\/victoria-collection.de\/de\/wp-json\/wp\/v2\/product\/32231"}],"collection":[{"href":"https:\/\/victoria-collection.de\/de\/wp-json\/wp\/v2\/product"}],"about":[{"href":"https:\/\/victoria-collection.de\/de\/wp-json\/wp\/v2\/types\/product"}],"wp:featuredmedia":[{"embeddable":true,"href":"https:\/\/victoria-collection.de\/de\/wp-json\/wp\/v2\/media\/32130"}],"wp:attachment":[{"href":"https:\/\/victoria-collection.de\/de\/wp-json\/wp\/v2\/media?parent=32231"}],"wp:term":[{"taxonomy":"product_cat","embeddable":true,"href":"https:\/\/victoria-collection.de\/de\/wp-json\/wp\/v2\/product_cat?post=32231"},{"taxonomy":"product_tag","embeddable":true,"href":"https:\/\/victoria-collection.de\/de\/wp-json\/wp\/v2\/product_tag?post=32231"}],"curies":[{"name":"wp","href":"https:\/\/api.w.org\/{rel}","templated":true}]}}