{"id":32506,"date":"2025-12-09T16:33:14","date_gmt":"2025-12-09T15:33:14","guid":{"rendered":"https:\/\/victoria-collection.de\/?post_type=product&#038;p=32506"},"modified":"2026-01-09T11:40:48","modified_gmt":"2026-01-09T10:40:48","slug":"york-mit-druck","status":"publish","type":"product","link":"https:\/\/victoria-collection.de\/de\/shop\/york-mit-druck\/","title":{"rendered":"YORK MIT DRUCK"},"content":{"rendered":"","protected":false},"excerpt":{"rendered":"<table style=\"width:100%\">\n<tr>\n<td style=\"width:35%\">\n&nbsp;<br \/>\n<strong>Beschreibung:<\/strong><br \/>\n&nbsp;<br \/>\n&nbsp;<br \/>\n&nbsp;<br \/>\n&nbsp;<br \/>\n<strong>St\u00fcckpreis:<\/strong><br \/>\nab 200 Stk.:<br \/>\nab 500 Stk.:<br \/>\n&nbsp;<br \/>\n<strong>Mindestbestellmenge:<\/strong><br \/>\n&nbsp;<br \/>\n<strong>M\u00f6gliche Druckfarben:<\/strong><br \/>\nab 200 St\u00fcck:<br \/>\n&nbsp;<br \/>\n<strong>Lieferzeit:<\/strong><br \/>\nab 200 St\u00fcck:<br \/>\n&nbsp;<br \/>\n<strong>Produktma\u00dfe:<\/strong><br \/>\n&nbsp;<br \/>\n<strong>Farben:<\/strong><br \/>\n&nbsp;<br \/>\n&nbsp;<br \/>\n&nbsp;\n<\/td>\n<td>\n&#8211; Metalletui mit Scharnier<br \/>\n&#8211; Bezug in Lederoptik<br \/>\n&#8211; angepasstes Innenfutter <br \/>\n&#8211; bedruckbar<br \/>\n&nbsp;<br \/>\nMengenstaffel<br \/>\n\u20ac 1,99<br \/>\n\u20ac 1,89<br \/>\n&nbsp;<br \/>\n200 St\u00fcck, weitere Mengen auf Anfrage<br \/>\n&nbsp;<br \/>\n&nbsp;<br \/>\nSCHWARZ,SILBER<br \/>\n&nbsp;<br \/>\n&nbsp;<br \/>\nca. 8 Wochen<br \/>\n&nbsp;<br \/>\n62 x 160 x 37 mm<br \/>\n&nbsp;<br \/>\nFarbe 1 &#8211; ROT<br \/>\nFarbe 2 &#8211; SCHWARZ<br \/>\n&nbsp;\n<\/td>\n<\/tr>\n<\/table>\n<p><\/p>\n<div style=\"line-height: 2px;height: 1px;background-color: lightgrey\"><\/div>\n<p>&nbsp;<br \/>\nDie Preise sind <strong>inklusive aller Drucknebenkosten<\/strong> angegeben.<br \/>\n<br \/>\nZur Realisierung Ihres Druckauftrags ben\u00f6tigen wir Ihr Logo als hochaufl\u00f6sende, druckf\u00e4hige Datei. Die folgenden Dateiformate sind hierbei m\u00f6glich: pdf, eps, jpg (jeweils mit mindestens 300 dpi Aufl\u00f6sung)<br \/>\n<br \/>\nDas Logo k\u00f6nnen Sie uns, sofern es noch nicht vorliegt, an mail@victoria-collection.de senden.<br \/>\n<br \/>\nGerne beraten wir Sie zu Druckauftr\u00e4gen auch pers\u00f6nlich.<\/p>\n","protected":false},"featured_media":32484,"template":"","meta":[],"product_cat":[212,245,306,214],"product_tag":[],"acf":[],"_links":{"self":[{"href":"https:\/\/victoria-collection.de\/de\/wp-json\/wp\/v2\/product\/32506"}],"collection":[{"href":"https:\/\/victoria-collection.de\/de\/wp-json\/wp\/v2\/product"}],"about":[{"href":"https:\/\/victoria-collection.de\/de\/wp-json\/wp\/v2\/types\/product"}],"wp:featuredmedia":[{"embeddable":true,"href":"https:\/\/victoria-collection.de\/de\/wp-json\/wp\/v2\/media\/32484"}],"wp:attachment":[{"href":"https:\/\/victoria-collection.de\/de\/wp-json\/wp\/v2\/media?parent=32506"}],"wp:term":[{"taxonomy":"product_cat","embeddable":true,"href":"https:\/\/victoria-collection.de\/de\/wp-json\/wp\/v2\/product_cat?post=32506"},{"taxonomy":"product_tag","embeddable":true,"href":"https:\/\/victoria-collection.de\/de\/wp-json\/wp\/v2\/product_tag?post=32506"}],"curies":[{"name":"wp","href":"https:\/\/api.w.org\/{rel}","templated":true}]}}