{"id":4373,"date":"2020-07-17T09:46:10","date_gmt":"2020-07-17T08:46:10","guid":{"rendered":"https:\/\/victoria-collection.de\/?post_type=product&#038;p=4373"},"modified":"2026-04-01T16:59:44","modified_gmt":"2026-04-01T15:59:44","slug":"multifunktionsschal","status":"publish","type":"product","link":"https:\/\/victoria-collection.de\/de\/shop\/multifunktionsschal\/","title":{"rendered":"MULTIFUNKTIONSSCHAL"},"content":{"rendered":"<p style=\"color: white; font-size: 0px; !important;\">15505 15506 15507 15508 MULTIFUNKTIONSSCHAL BLAUE BLUMEN &#8211; aus recycelten PET-Flaschen &#8211; made from recycled PET bottles &#8211; en bouteilles de PET recycl\u00e9es &#8211; sehr gut als Mund- und Nasenschutz geeignet &#8211; very well suited as mouth and nose protection &#8211; convient parfaitement comme protection buccale et nasale &#8211; atmungsaktives Material, schnelltrocknend, ohne N\u00e4hte &#8211; breathable material, fast drying, without seams &#8211; mat\u00e9riau respirant, s\u00e9chage rapide, pas de coutures &#8211; waschbar bei 40\u00b0C &#8211; Washable at 40\u00b0C &#8211; lavables \u00e0 40 \u00b0C FLOWER FLOWER FLOWER ZEBRA ZEBRA Z\u00c8BRE BLAUE BLUMEN BLUE FLOWERS FLEURS BLEUES LEOPARD LEOPARD LEOPARD <\/p>\n","protected":false},"excerpt":{"rendered":"<table style =\"width:100%\">\n<tr>\n<td style=\"width:20%\"><strong>Modellnummer:<\/strong><\/td>\n<td style=\"width:35%\">15505 &#8211; 15508<\/td>\n<td style=\"width:15%\">&nbsp;<\/td>\n<td style=\"width:30%\">&nbsp;<\/td>\n<\/tr>\n<tr>\n<td style=\"width:20%\">&nbsp;<\/td>\n<td style=\"width:35%\">&nbsp;<\/td>\n<td style=\"width:15%\">&nbsp;<\/td>\n<td style=\"width:30%\">&nbsp;<\/td>\n<\/tr>\n<tr>\n<td style=\"width:20%\"><strong>Verpackungseinheit:<\/strong><\/td>\n<td style=\"width:35%\">1 St\u00fcck<\/td>\n<td style=\"width:15%\"><strong>St\u00fcckpreis:<\/strong><\/td>\n<td style=\"width:30%\">\u20ac 1,90 <s>\u20ac 3,90<\/s><\/td>\n<\/tr>\n<tr>\n<td style=\"width:20%\">&nbsp;<\/td>\n<td style=\"width:35%\">&nbsp;<\/td>\n<td style=\"width:15%\">&nbsp;<\/td>\n<td style=\"width:30%\">&nbsp;<\/td>\n<\/tr>\n<tr>\n<td style=\"width:20%\"><strong>Beschreibung:<\/strong><\/td>\n<td style=\"width:35%\">&#8211; aus recycelten PET-Flaschen<\/td>\n<td style=\"width:15%\"><strong>Produktma\u00dfe:<\/strong><\/td>\n<td style=\"width:30%\">L 500 \/ B 240 mm<\/td>\n<\/tr>\n<tr>\n<td style=\"width:20%\">&nbsp;<\/td>\n<td style=\"width:35%\">&#8211; als Mund- und Nasenschutz geeignet<\/td>\n<td style=\"width:15%\">&nbsp;<\/td>\n<td style=\"width:30%\">&nbsp;<\/td>\n<\/tr>\n<tr>\n<td style=\"width:20%\">&nbsp;<\/td>\n<td style=\"width:35%\">&#8211; atmungsaktives Material, schnelltrocknend<\/td>\n<td style=\"width:15%\"><strong>Farben:<\/strong><\/td>\n<td style=\"width:30%\">Farbe 1 &#8211; FLOWER<\/td>\n<\/tr>\n<tr>\n<td style=\"width:20%\">&nbsp;<\/td>\n<td style=\"width:35%\">&#8211; waschbar bei 40\u00b0C<\/td>\n<td style=\"width:15%\">&nbsp;<\/td>\n<td style=\"width:30%\">Farbe 2 &#8211; ZEBRA<\/td>\n<\/tr>\n<tr>\n<td style=\"width:20%\">&nbsp;<\/td>\n<td style=\"width:35%\">&nbsp;<\/td>\n<td style=\"width:15%\">&nbsp;<\/td>\n<td style=\"width:30%\">Farbe 3 &#8211; BLAUE BLUMEN<\/td>\n<\/tr>\n<tr>\n<td style=\"width:20%\">&nbsp;<\/td>\n<td style=\"width:35%\">&nbsp;<\/td>\n<td style=\"width:15%\">&nbsp;<\/td>\n<td style=\"width:30%\">Farbe 4 &#8211; LEOPARD<\/td>\n<\/tr>\n<\/table>\n","protected":false},"featured_media":4303,"template":"","meta":[],"product_cat":[213,379,315],"product_tag":[],"acf":[],"_links":{"self":[{"href":"https:\/\/victoria-collection.de\/de\/wp-json\/wp\/v2\/product\/4373"}],"collection":[{"href":"https:\/\/victoria-collection.de\/de\/wp-json\/wp\/v2\/product"}],"about":[{"href":"https:\/\/victoria-collection.de\/de\/wp-json\/wp\/v2\/types\/product"}],"wp:featuredmedia":[{"embeddable":true,"href":"https:\/\/victoria-collection.de\/de\/wp-json\/wp\/v2\/media\/4303"}],"wp:attachment":[{"href":"https:\/\/victoria-collection.de\/de\/wp-json\/wp\/v2\/media?parent=4373"}],"wp:term":[{"taxonomy":"product_cat","embeddable":true,"href":"https:\/\/victoria-collection.de\/de\/wp-json\/wp\/v2\/product_cat?post=4373"},{"taxonomy":"product_tag","embeddable":true,"href":"https:\/\/victoria-collection.de\/de\/wp-json\/wp\/v2\/product_tag?post=4373"}],"curies":[{"name":"wp","href":"https:\/\/api.w.org\/{rel}","templated":true}]}}