{"id":6623,"date":"2020-12-22T10:50:30","date_gmt":"2020-12-22T09:50:30","guid":{"rendered":"https:\/\/victoria-collection.de\/?post_type=product&#038;p=6623"},"modified":"2026-04-15T09:06:47","modified_gmt":"2026-04-15T08:06:47","slug":"riga","status":"publish","type":"product","link":"https:\/\/victoria-collection.de\/de\/shop\/riga\/","title":{"rendered":"RIGA"},"content":{"rendered":"<p style=\"color: white; font-size: 0px; !important;\">11593 RIGA &#8211; Metalletui mit Scharnier &#8211; Hinged metal case &#8211; \u00e9tui m\u00e9tallique \u00e0 charni\u00e8re &#8211; Filzbezug aus recycelten PET-Flaschen &#8211; Nylon cover made from recycled PET bottles &#8211; rev\u00eatement en nylon \u00e0 partir de bouteilles en PET recycl\u00e9es &#8211; schwarzes Innenfutter &#8211; Black lining &#8211; doublure int\u00e9rieure noire <\/p>\n","protected":false},"excerpt":{"rendered":"<p>[visitor]<strong>DE:<\/strong> Beschreibungen und Preise werden nur angemeldeten Besuchern unserer Internetseite angezeigt, da sich unser Angebot ausschlie\u00dflich an Wiederverk\u00e4ufer richtet. Bitte melden Sie sich an, um die volle Funktionalit\u00e4t dieser Seite freizuschalten. <a href=\"https:\/\/victoria-collection.de\/de\/wp-login.php\">Bitte melden Sie sich hier an.<\/a><\/p>\n<p><strong>EN:<\/strong> Descriptions and prices are only displayed to registered visitors to our website, as our offer is aimed exclusively at resellers. Please log in to unlock the full functionality of this page. <a href=\"https:\/\/victoria-collection.de\/en\/wp-login.php\">Please log in here.<\/a><\/p>\n<p><strong>FR:<\/strong> Descriptions et les prix ne sont affich\u00e9s que pour les visiteurs enregistr\u00e9s sur notre site web, car notre offre s&#8217;adresse exclusivement aux revendeurs. Veuillez vous connecter pour d\u00e9verrouiller toutes les fonctionnalit\u00e9s de cette page. <a href=\"https:\/\/victoria-collection.de\/fr\/wp-login.php\">Veuillez vous inscrire ici.<\/a><\/p>\n<p>[\/visitor][member]<\/p>\n<table style =\"width:100%\">\n<tr>\n<td style=\"width:20%\"><strong>Modellnummer:<\/strong><\/td>\n<td style=\"width:35%\">11593<\/td>\n<td style=\"width:15%\">&nbsp;<\/td>\n<td style=\"width:30%\">&nbsp;<\/td>\n<\/tr>\n<tr>\n<td style=\"width:20%\">&nbsp;<\/td>\n<td style=\"width:35%\">&nbsp;<\/td>\n<td style=\"width:15%\">&nbsp;<\/td>\n<td style=\"width:30%\">&nbsp;<\/td>\n<\/tr>\n<tr>\n<td style=\"width:20%\"><strong>Verpackungseinheit:<\/strong><\/td>\n<td style=\"width:35%\">12 St\u00fcck<\/td>\n<td style=\"width:15%\"><strong>St\u00fcckpreis:<\/strong><\/td>\n<td style=\"width:30%\">\u20ac 3,90<\/td>\n<\/tr>\n<tr>\n<td style=\"width:20%\">&nbsp;<\/td>\n<td style=\"width:35%\">&nbsp;<\/td>\n<td style=\"width:15%\">&nbsp;<\/td>\n<td style=\"width:30%\">&nbsp;<\/td>\n<\/tr>\n<tr>\n<td style=\"width:20%\"><strong>Beschreibung:<\/strong><\/td>\n<td style=\"width:35%\">&#8211; Metalletui mit Scharnier<\/td>\n<td style=\"width:15%\"><strong>Produktma\u00dfe:<\/strong><\/td>\n<td style=\"width:30%\">L 158 \/ B 60 \/ H 35 mm<\/td>\n<\/tr>\n<tr>\n<td style=\"width:20%\">&nbsp;<\/td>\n<td style=\"width:35%\">&#8211; Filzbezug aus recycelten PET-Flaschen<\/td>\n<td style=\"width:15%\">&nbsp;<\/td>\n<td style=\"width:30%\">&nbsp;<\/td>\n<\/tr>\n<tr>\n<td style=\"width:20%\">&nbsp;<\/td>\n<td style=\"width:35%\">&#8211; schwarzes Innenfutter<\/td>\n<td style=\"width:15%\"><strong>Farben:<\/strong><\/td>\n<td style=\"width:30%\">in 3 Farben sortiert<\/td>\n<\/tr>\n<tr>\n<td style=\"width:20%\">&nbsp;<\/td>\n<td style=\"width:35%\">&nbsp;<\/td>\n<td style=\"width:15%\">&nbsp;<\/td>\n<td style=\"width:30%\">&nbsp;<\/td>\n<\/tr>\n<\/table>\n<p>[\/member]<\/p>\n","protected":false},"featured_media":6290,"template":"","meta":[],"product_cat":[212,306,379],"product_tag":[],"acf":[],"_links":{"self":[{"href":"https:\/\/victoria-collection.de\/de\/wp-json\/wp\/v2\/product\/6623"}],"collection":[{"href":"https:\/\/victoria-collection.de\/de\/wp-json\/wp\/v2\/product"}],"about":[{"href":"https:\/\/victoria-collection.de\/de\/wp-json\/wp\/v2\/types\/product"}],"wp:featuredmedia":[{"embeddable":true,"href":"https:\/\/victoria-collection.de\/de\/wp-json\/wp\/v2\/media\/6290"}],"wp:attachment":[{"href":"https:\/\/victoria-collection.de\/de\/wp-json\/wp\/v2\/media?parent=6623"}],"wp:term":[{"taxonomy":"product_cat","embeddable":true,"href":"https:\/\/victoria-collection.de\/de\/wp-json\/wp\/v2\/product_cat?post=6623"},{"taxonomy":"product_tag","embeddable":true,"href":"https:\/\/victoria-collection.de\/de\/wp-json\/wp\/v2\/product_tag?post=6623"}],"curies":[{"name":"wp","href":"https:\/\/api.w.org\/{rel}","templated":true}]}}