{"id":7223,"date":"2021-01-11T12:03:03","date_gmt":"2021-01-11T11:03:03","guid":{"rendered":"https:\/\/victoria-collection.de\/?post_type=product&#038;p=7223"},"modified":"2026-04-30T12:33:44","modified_gmt":"2026-04-30T11:33:44","slug":"california","status":"publish","type":"product","link":"https:\/\/victoria-collection.de\/de\/shop\/california\/","title":{"rendered":"CALIFORNIA"},"content":{"rendered":"<p style=\"color: white; font-size: 0px; !important;\">071 CALIFORNIA &#8211; Trendige Kunststofflesehilfe &#8211; Trendy plastic reading glasses &#8211; lunettes de lecture en plastique tendance &#8211; mit Federscharnier &#8211; Sprung hinges &#8211; charni\u00e8res \u00e0 ressort &#8211; farblich abgesetzte Innenseite &#8211; Contrasting inner colour &#8211; face int\u00e9rieure contrastante &#8211; inkl. Einstecketui &#8211; Pouch included &#8211; avec \u00e9tui souple DUNKELGR\u00dcN\/HELLGR\u00dcN DARK GREEN\/LIGHT GREEN VERTE FONC\u00c9\/VERTE CLAIR BLAU\/CRYSTAL BLUE\/CRYSTAL BLEU\/CRYSTAL BLAU\/ORANGE BLUE\/ORANGE BLEU\/ORANGE ROT\/PINK RED\/PINK ROUGE\/ROSE<br \/>\n071100<br \/>\n071101<br \/>\n071102<br \/>\n071103<br \/>\n071104<br \/>\n071150<br \/>\n071151<br \/>\n071152<br \/>\n071153<br \/>\n071154<br \/>\n071200<br \/>\n071201<br \/>\n071202<br \/>\n071203<br \/>\n071204<br \/>\n071250<br \/>\n071251<br \/>\n071252<br \/>\n071253<br \/>\n071254<br \/>\n071300<br \/>\n071301<br \/>\n071302<br \/>\n071303<br \/>\n071304<br \/>\n071351<br \/>\n071352<br \/>\n071353<br \/>\n071354<br \/>\n071999<\/p>\n","protected":false},"excerpt":{"rendered":"<p>[visitor]<strong>DE:<\/strong> Beschreibungen und Preise werden nur angemeldeten Besuchern unserer Internetseite angezeigt, da sich unser Angebot ausschlie\u00dflich an Wiederverk\u00e4ufer richtet. Bitte melden Sie sich an, um die volle Funktionalit\u00e4t dieser Seite freizuschalten. <a href=\"https:\/\/victoria-collection.de\/de\/wp-login.php\">Bitte melden Sie sich hier an.<\/a><\/p>\n<p><strong>EN:<\/strong> Descriptions and prices are only displayed to registered visitors to our website, as our offer is aimed exclusively at resellers. Please log in to unlock the full functionality of this page. <a href=\"https:\/\/victoria-collection.de\/en\/wp-login.php\">Please log in here.<\/a><\/p>\n<p><strong>FR:<\/strong> Descriptions et les prix ne sont affich\u00e9s que pour les visiteurs enregistr\u00e9s sur notre site web, car notre offre s&#8217;adresse exclusivement aux revendeurs. Veuillez vous connecter pour d\u00e9verrouiller toutes les fonctionnalit\u00e9s de cette page. <a href=\"https:\/\/victoria-collection.de\/fr\/wp-login.php\">Veuillez vous inscrire ici.<\/a><\/p>\n<p>[\/visitor][member]<\/p>\n<table style =\"width:100%\">\n<tr>\n<td style=\"width:20%\"><strong>Modellnummer:<\/strong><\/td>\n<td style=\"width:35%\">071<\/td>\n<td style=\"width:15%\">&nbsp;<\/td>\n<td style=\"width:30%\">&nbsp;<\/td>\n<\/tr>\n<tr>\n<td style=\"width:20%\">&nbsp;<\/td>\n<td style=\"width:35%\">&nbsp;<\/td>\n<td style=\"width:15%\">&nbsp;<\/td>\n<td style=\"width:30%\">&nbsp;<\/td>\n<\/tr>\n<tr>\n<td style=\"width:20%\"><strong>Verpackungseinheit:<\/strong><\/td>\n<td style=\"width:35%\">2 St\u00fcck<\/td>\n<td style=\"width:15%\"><strong>St\u00fcckpreis:<\/strong><\/td>\n<td style=\"width:30%\">\u20ac 5,20<\/td>\n<\/tr>\n<tr>\n<td style=\"width:20%\">&nbsp;<\/td>\n<td style=\"width:35%\">&nbsp;<\/td>\n<td style=\"width:15%\">&nbsp;<\/td>\n<td style=\"width:30%\">&nbsp;<\/td>\n<\/tr>\n<tr>\n<td style=\"width:20%\"><strong>Beschreibung:<\/strong><\/td>\n<td style=\"width:35%\">&#8211; Trendige Kunststofflesehilfe<\/td>\n<td style=\"width:15%\"><strong>Produktma\u00dfe:<\/strong><\/td>\n<td style=\"width:30%\">54 &#8211; 15 \/ 140 mm<\/td>\n<\/tr>\n<tr>\n<td style=\"width:20%\">&nbsp;<\/td>\n<td style=\"width:35%\">&#8211; mit Federscharnier<\/td>\n<td style=\"width:15%\">&nbsp;<\/td>\n<td style=\"width:30%\">&nbsp;<\/td>\n<\/tr>\n<tr>\n<td style=\"width:20%\">&nbsp;<\/td>\n<td style=\"width:35%\">&#8211; farblich abgesetzte Innenseite<\/td>\n<td style=\"width:15%\"><strong>Farben:<\/strong><\/td>\n<td style=\"width:30%\">Farbe 1 &#8211; DUNKELGR\u00dcN\/HELLGR\u00dcN<\/td>\n<\/tr>\n<tr>\n<td style=\"width:20%\">&nbsp;<\/td>\n<td style=\"width:35%\">&#8211; inkl. Einstecketui<\/td>\n<td style=\"width:15%\">&nbsp;<\/td>\n<td style=\"width:30%\">Farbe 2 &#8211; BLAU\/CRYSTAL<\/td>\n<\/tr>\n<tr>\n<td style=\"width:20%\">&nbsp;<\/td>\n<td style=\"width:35%\">&nbsp;<\/td>\n<td style=\"width:15%\">&nbsp;<\/td>\n<td style=\"width:30%\">Farbe 3 &#8211; BLAU\/ORANGE<\/td>\n<\/tr>\n<tr>\n<td style=\"width:20%\">&nbsp;<\/td>\n<td style=\"width:35%\">&nbsp;<\/td>\n<td style=\"width:15%\">&nbsp;<\/td>\n<td style=\"width:30%\">Farbe 4 &#8211; ROT\/PINK<\/td>\n<\/tr>\n<\/table>\n<p><!-- Hier beginnt der Settext --><\/p>\n<div style=\"line-height: 2px;height: 1px;background-color: lightgrey\"><\/div>\n<table style=\"width:100%\"><\/p>\n<tr>\n<td style=\"width:20%\"><strong>Im Set erh\u00e4ltlich:<\/strong><\/td>\n<td style=\"width:35%\">20-teilig<\/td>\n<td style=\"width:15%\"><strong>Setpreis:<\/strong><\/td>\n<td style=\"width:30%\">\u20ac96,90 (\u20ac 4,85 \/ Stk.)<\/td>\n<\/tr>\n<tr>\n<td style=\"width:20%\">&nbsp;<\/td>\n<td style=\"width:35%\">von + 1,00 bis + 3,00<\/td>\n<td style=\"width:15%\">&nbsp;<\/td>\n<td style=\"width:30%\">&nbsp;<\/td>\n<\/tr>\n<tr>\n<td style=\"width:20%\">&nbsp;<\/td>\n<td style=\"width:35%\">in 4 Farben sortiert<\/td>\n<td style=\"width:15%\">&nbsp;<\/td>\n<td style=\"width:30%\">&nbsp;<\/td>\n<\/tr>\n<\/table>\n<p>[\/member]<\/p>\n","protected":false},"featured_media":7474,"template":"","meta":[],"product_cat":[935,211],"product_tag":[],"acf":[],"_links":{"self":[{"href":"https:\/\/victoria-collection.de\/de\/wp-json\/wp\/v2\/product\/7223"}],"collection":[{"href":"https:\/\/victoria-collection.de\/de\/wp-json\/wp\/v2\/product"}],"about":[{"href":"https:\/\/victoria-collection.de\/de\/wp-json\/wp\/v2\/types\/product"}],"wp:featuredmedia":[{"embeddable":true,"href":"https:\/\/victoria-collection.de\/de\/wp-json\/wp\/v2\/media\/7474"}],"wp:attachment":[{"href":"https:\/\/victoria-collection.de\/de\/wp-json\/wp\/v2\/media?parent=7223"}],"wp:term":[{"taxonomy":"product_cat","embeddable":true,"href":"https:\/\/victoria-collection.de\/de\/wp-json\/wp\/v2\/product_cat?post=7223"},{"taxonomy":"product_tag","embeddable":true,"href":"https:\/\/victoria-collection.de\/de\/wp-json\/wp\/v2\/product_tag?post=7223"}],"curies":[{"name":"wp","href":"https:\/\/api.w.org\/{rel}","templated":true}]}}