{"id":7763,"date":"2021-02-03T15:52:16","date_gmt":"2021-02-03T14:52:16","guid":{"rendered":"https:\/\/victoria-collection.de\/?post_type=product&#038;p=7763"},"modified":"2026-01-12T12:23:51","modified_gmt":"2026-01-12T11:23:51","slug":"arthur-mit-druck","status":"publish","type":"product","link":"https:\/\/victoria-collection.de\/de\/shop\/arthur-mit-druck\/","title":{"rendered":"ARTHUR MIT DRUCK"},"content":{"rendered":"","protected":false},"excerpt":{"rendered":"<table style=\"width:100%\">\n<tr>\n<td style=\"width:35%\">\n&nbsp;<br \/>\n<strong>Beschreibung:<\/strong><br \/>\n&nbsp;<br \/>\n&nbsp;<br \/>\n&nbsp;<br \/>\n&nbsp;<br \/>\n<strong>St\u00fcckpreis:<\/strong><br \/>\nab 200 Stk.:<br \/>\nab 500 Stk.:<br \/>\n&nbsp;<br \/>\n<strong>Mindestbestellmenge:<\/strong><br \/>\n&nbsp;<br \/>\n<strong>M\u00f6gliche Druckfarben:<\/strong><br \/>\nab 200 St\u00fcck:<br \/>\n&nbsp;<br \/>\n<strong>Lieferzeit:<\/strong><br \/>\nab 200 St\u00fcck:<br \/>\n&nbsp;<br \/>\n<strong>Produktma\u00dfe:<\/strong><br \/>\n&nbsp;<br \/>\n<strong>Farben:<\/strong><br \/>\n&nbsp;<br \/>\n&nbsp;<br \/>\n&nbsp;<br \/>\n&nbsp;<br \/>\n&nbsp;\n<\/td>\n<td>\n&nbsp;<br \/>\n&#8211; Kunststoffetui<br \/>\n&#8211; mit Druckknopfverschluss<br \/>\n&#8211; beiges Innenfutter<br \/>\n&#8211; bedruckbar<br \/>\n&nbsp;<br \/>\nMengenstaffel<br \/>\n\u20ac 1,59<br \/>\n\u20ac 1,49<br \/>\n&nbsp;<br \/>\n200 St\u00fcck, weitere Mengen auf Anfrage<br \/>\n&nbsp;<br \/>\n&nbsp;<br \/>\nSCHWARZ, WEISS, GOLD, SILBER<br \/>\n&nbsp;<br \/>\n&nbsp;<br \/>\nca. 8 Wochen<br \/>\n&nbsp;<br \/>\n70 x 32 x 157 mm<br \/>\n&nbsp;<br \/>\nFarbe 1 &#8211; SCHWARZ<br \/>\nFarbe 2 &#8211; BLAU<br \/>\nFarbe 3 &#8211; ROT<br \/>\nFarbe 4 &#8211; WEINROT<br \/>\nFarbe 5 &#8211; GR\u00dcN<br \/>\n&nbsp;\n<\/td>\n<\/tr>\n<\/table>\n<p><\/p>\n<div style=\"line-height: 2px;height: 1px;background-color: lightgrey\"><\/div>\n<p>&nbsp;<br \/>\nDie Preise sind <strong>inklusive aller Drucknebenkosten<\/strong> angegeben.<br \/>\n<br \/>\nZur Realisierung Ihres Druckauftrags ben\u00f6tigen wir Ihr Logo als hochaufl\u00f6sende, druckf\u00e4hige Datei. Die folgenden Dateiformate sind hierbei m\u00f6glich: pdf, eps, jpg (jeweils mit mindestens 300 dpi Aufl\u00f6sung)<br \/>\n<br \/>\nDas Logo k\u00f6nnen Sie uns, sofern es noch nicht vorliegt, an mail@victoria-collection.de senden.<br \/>\n<br \/>\nGerne beraten wir Sie zu Druckauftr\u00e4gen auch pers\u00f6nlich.<\/p>\n","protected":false},"featured_media":7752,"template":"","meta":[],"product_cat":[212,245,377],"product_tag":[],"acf":[],"_links":{"self":[{"href":"https:\/\/victoria-collection.de\/de\/wp-json\/wp\/v2\/product\/7763"}],"collection":[{"href":"https:\/\/victoria-collection.de\/de\/wp-json\/wp\/v2\/product"}],"about":[{"href":"https:\/\/victoria-collection.de\/de\/wp-json\/wp\/v2\/types\/product"}],"wp:featuredmedia":[{"embeddable":true,"href":"https:\/\/victoria-collection.de\/de\/wp-json\/wp\/v2\/media\/7752"}],"wp:attachment":[{"href":"https:\/\/victoria-collection.de\/de\/wp-json\/wp\/v2\/media?parent=7763"}],"wp:term":[{"taxonomy":"product_cat","embeddable":true,"href":"https:\/\/victoria-collection.de\/de\/wp-json\/wp\/v2\/product_cat?post=7763"},{"taxonomy":"product_tag","embeddable":true,"href":"https:\/\/victoria-collection.de\/de\/wp-json\/wp\/v2\/product_tag?post=7763"}],"curies":[{"name":"wp","href":"https:\/\/api.w.org\/{rel}","templated":true}]}}