{"id":1225,"date":"2019-09-11T09:21:31","date_gmt":"2019-09-11T08:21:31","guid":{"rendered":"https:\/\/victoria-collection.de\/?post_type=product&#038;p=1225"},"modified":"2026-02-03T09:37:31","modified_gmt":"2026-02-03T08:37:31","slug":"acryldisplay-24-brillen","status":"publish","type":"product","link":"https:\/\/victoria-collection.de\/en\/shop\/acryldisplay-24-brillen\/","title":{"rendered":"ACRYLDISPLAY 24 BRILLEN"},"content":{"rendered":"<p style=\"color: white; font-size: 0px;\">16275 ACRYLDISPLAY 24 BRILLEN &#8211; Hochwertiger Thekenaufsteller &#8211; High-quality counter display &#8211; pr\u00e9sentoir de comptoir haute qualit\u00e9 &#8211; aus Acryl &#8211; Made of acrylic &#8211; acrylique &#8211; mit St\u00e4rkeneinteilung &#8211; With reading strengths &#8211; classement par puissance SCHWARZ\/WEISS BLACK\/WHITE NOIR\/BLANC<\/p>\n","protected":false},"excerpt":{"rendered":"<table style=\"width: 100%;\">\n<tbody>\n<tr>\n<td style=\"width: 20%;\"><strong>Modell Number:<\/strong><\/td>\n<td style=\"width: 35%;\">16275<\/td>\n<td style=\"width: 15%;\"><\/td>\n<td style=\"width: 30%;\"><\/td>\n<\/tr>\n<tr>\n<td style=\"width: 20%;\"><\/td>\n<td style=\"width: 35%;\"><\/td>\n<td style=\"width: 15%;\"><\/td>\n<td style=\"width: 30%;\"><\/td>\n<\/tr>\n<tr>\n<td style=\"width: 20%;\"><strong>Packaging unit:<\/strong><\/td>\n<td style=\"width: 35%;\">1 Piece<\/td>\n<td style=\"width: 15%;\"><strong>Price per piece:<\/strong><\/td>\n<td style=\"width: 30%;\">\u20ac 29,90<\/td>\n<\/tr>\n<tr>\n<td style=\"width: 20%;\"><\/td>\n<td style=\"width: 35%;\"><\/td>\n<td style=\"width: 15%;\"><\/td>\n<td style=\"width: 30%;\"><\/td>\n<\/tr>\n<tr>\n<td style=\"width: 20%;\"><strong>Description:<\/strong><\/td>\n<td style=\"width: 35%;\">&#8211; High-quality counter display<\/td>\n<td style=\"width: 15%;\"><strong>Dimensions:<\/strong><\/td>\n<td style=\"width: 30%;\">L 420 \/ W 140 \/ H 300 mm<\/td>\n<\/tr>\n<tr>\n<td style=\"width: 20%;\"><\/td>\n<td style=\"width: 35%;\">&#8211; Made of acrylic<\/td>\n<td style=\"width: 15%;\"><\/td>\n<td style=\"width: 30%;\"><\/td>\n<\/tr>\n<tr>\n<td style=\"width: 20%;\"><\/td>\n<td style=\"width: 35%;\">&#8211; With reading strengths<\/td>\n<td style=\"width: 15%;\"><strong>Colours:<\/strong><\/td>\n<td style=\"width: 30%;\">Colour 1 &#8211; BLACK\/WHITE<\/td>\n<\/tr>\n<tr>\n<td style=\"width: 20%;\"><\/td>\n<td style=\"width: 35%;\"><\/td>\n<td style=\"width: 15%;\"><\/td>\n<td style=\"width: 30%;\"><\/td>\n<\/tr>\n<\/tbody>\n<\/table>\n<p><strong>Note:<\/strong> Delivery without decoration<\/p>\n","protected":false},"featured_media":1226,"template":"","meta":[],"product_cat":[213,211,465],"product_tag":[],"acf":[],"_links":{"self":[{"href":"https:\/\/victoria-collection.de\/en\/wp-json\/wp\/v2\/product\/1225"}],"collection":[{"href":"https:\/\/victoria-collection.de\/en\/wp-json\/wp\/v2\/product"}],"about":[{"href":"https:\/\/victoria-collection.de\/en\/wp-json\/wp\/v2\/types\/product"}],"wp:featuredmedia":[{"embeddable":true,"href":"https:\/\/victoria-collection.de\/en\/wp-json\/wp\/v2\/media\/1226"}],"wp:attachment":[{"href":"https:\/\/victoria-collection.de\/en\/wp-json\/wp\/v2\/media?parent=1225"}],"wp:term":[{"taxonomy":"product_cat","embeddable":true,"href":"https:\/\/victoria-collection.de\/en\/wp-json\/wp\/v2\/product_cat?post=1225"},{"taxonomy":"product_tag","embeddable":true,"href":"https:\/\/victoria-collection.de\/en\/wp-json\/wp\/v2\/product_tag?post=1225"}],"curies":[{"name":"wp","href":"https:\/\/api.w.org\/{rel}","templated":true}]}}