{"id":1577,"date":"2019-10-09T09:01:26","date_gmt":"2019-10-09T08:01:26","guid":{"rendered":"https:\/\/victoria-collection.de\/?post_type=product&#038;p=1577"},"modified":"2026-04-22T08:27:45","modified_gmt":"2026-04-22T07:27:45","slug":"lucky","status":"publish","type":"product","link":"https:\/\/victoria-collection.de\/en\/shop\/lucky\/","title":{"rendered":"LUCKY"},"content":{"rendered":"<p style=\"color: white; font-size: 0px; !important;\">11400 LUCKY &#8211; Kinderetui mit Scharnier &#8211; Children\u2019s case with hinge &#8211; \u00e9tui pour enfants \u00e0 charni\u00e8re &#8211; Bezug mit tollen Tiermotiven &#8211; Cover with wonderful animal motifs &#8211; rev\u00eatement \u00e0 motifs d&#8217;animaux plein de charme &#8211; farblich angepasstes Innenfutter &#8211; Matching lining &#8211; doublure int\u00e9rieure de couleur assortie <\/p>\n","protected":false},"excerpt":{"rendered":"<table style =\"width:100%\">\n<tr>\n<td style=\"width:20%\"><strong>Modell Number:<\/strong><\/td>\n<td style=\"width:35%\">11400<\/td>\n<td style=\"width:15%\">&nbsp;<\/td>\n<td style=\"width:30%\">&nbsp;<\/td>\n<\/tr>\n<tr>\n<td style=\"width:20%\">&nbsp;<\/td>\n<td style=\"width:35%\">&nbsp;<\/td>\n<td style=\"width:15%\">&nbsp;<\/td>\n<td style=\"width:30%\">&nbsp;<\/td>\n<\/tr>\n<tr>\n<td style=\"width:20%\"><strong>Packaging unit:<\/strong><\/td>\n<td style=\"width:35%\">12 Piece<\/td>\n<td style=\"width:15%\"><strong>Price per piece:<\/strong><\/td>\n<td style=\"width:30%\">\u20ac 2,80<\/td>\n<\/tr>\n<tr>\n<td style=\"width:20%\">&nbsp;<\/td>\n<td style=\"width:35%\">&nbsp;<\/td>\n<td style=\"width:15%\">&nbsp;<\/td>\n<td style=\"width:30%\">&nbsp;<\/td>\n<\/tr>\n<tr>\n<td style=\"width:20%\"><strong>Description:<\/strong><\/td>\n<td style=\"width:35%\">&#8211; Children\u2019s case with hinge<\/td>\n<td style=\"width:15%\"><strong>Dimensions:<\/strong><\/td>\n<td style=\"width:30%\">L 160 \/ W 63 \/ H 37 mm<\/td>\n<\/tr>\n<tr>\n<td style=\"width:20%\">&nbsp;<\/td>\n<td style=\"width:35%\">&#8211; Cover with wonderful animal motifs<\/td>\n<td style=\"width:15%\">&nbsp;<\/td>\n<td style=\"width:30%\">&nbsp;<\/td>\n<\/tr>\n<tr>\n<td style=\"width:20%\">&nbsp;<\/td>\n<td style=\"width:35%\">&#8211; Matching lining<\/td>\n<td style=\"width:15%\"><strong>Colours:<\/strong><\/td>\n<td style=\"width:30%\">sorted in 3 colours<\/td>\n<\/tr>\n<tr>\n<td style=\"width:20%\">&nbsp;<\/td>\n<td style=\"width:35%\">&nbsp;<\/td>\n<td style=\"width:15%\">&nbsp;<\/td>\n<td style=\"width:30%\">&nbsp;<\/td>\n<\/tr>\n<\/table>\n","protected":false},"featured_media":1579,"template":"","meta":[],"product_cat":[212,310,306,892],"product_tag":[],"acf":[],"_links":{"self":[{"href":"https:\/\/victoria-collection.de\/en\/wp-json\/wp\/v2\/product\/1577"}],"collection":[{"href":"https:\/\/victoria-collection.de\/en\/wp-json\/wp\/v2\/product"}],"about":[{"href":"https:\/\/victoria-collection.de\/en\/wp-json\/wp\/v2\/types\/product"}],"wp:featuredmedia":[{"embeddable":true,"href":"https:\/\/victoria-collection.de\/en\/wp-json\/wp\/v2\/media\/1579"}],"wp:attachment":[{"href":"https:\/\/victoria-collection.de\/en\/wp-json\/wp\/v2\/media?parent=1577"}],"wp:term":[{"taxonomy":"product_cat","embeddable":true,"href":"https:\/\/victoria-collection.de\/en\/wp-json\/wp\/v2\/product_cat?post=1577"},{"taxonomy":"product_tag","embeddable":true,"href":"https:\/\/victoria-collection.de\/en\/wp-json\/wp\/v2\/product_tag?post=1577"}],"curies":[{"name":"wp","href":"https:\/\/api.w.org\/{rel}","templated":true}]}}