{"id":18048,"date":"2023-12-01T09:40:14","date_gmt":"2023-12-01T08:40:14","guid":{"rendered":"https:\/\/victoria-collection.de\/?post_type=product&#038;p=18048"},"modified":"2026-04-15T11:17:33","modified_gmt":"2026-04-15T10:17:33","slug":"lund","status":"publish","type":"product","link":"https:\/\/victoria-collection.de\/en\/shop\/lund\/","title":{"rendered":"LUND"},"content":{"rendered":"<p style=\"color: white; font-size: 0px; !important;\">11677 LUND &#8211; Einstecketui &#8211; Pouch &#8211; \u00e9tui souple &#8211; aus Kunstfilz &#8211; made of synthetic felt &#8211; en feutre synth\u00e9tique &#8211; mit besticktem Schriftzug &#8211; with embroidered lettering &#8211; avec \u00e9criture brod\u00e9e &#8211; in 4 Schriftfarben &#8211; in 4 font colours &#8211; en 4 couleurs d&#8217;\u00e9criture <\/p>\n","protected":false},"excerpt":{"rendered":"<p>[visitor]<strong>DE:<\/strong> Beschreibungen und Preise werden nur angemeldeten Besuchern unserer Internetseite angezeigt, da sich unser Angebot ausschlie\u00dflich an Wiederverk\u00e4ufer richtet. Bitte melden Sie sich an, um die volle Funktionalit\u00e4t dieser Seite freizuschalten. <a href=\"https:\/\/victoria-collection.de\/de\/wp-login.php\">Bitte melden Sie sich hier an.<\/a><\/p>\n<p><strong>EN:<\/strong> Descriptions and prices are only displayed to registered visitors to our website, as our offer is aimed exclusively at resellers. Please log in to unlock the full functionality of this page. <a href=\"https:\/\/victoria-collection.de\/en\/wp-login.php\">Please log in here.<\/a><\/p>\n<p><strong>FR:<\/strong> Descriptions et les prix ne sont affich\u00e9s que pour les visiteurs enregistr\u00e9s sur notre site web, car notre offre s&#8217;adresse exclusivement aux revendeurs. Veuillez vous connecter pour d\u00e9verrouiller toutes les fonctionnalit\u00e9s de cette page. <a href=\"https:\/\/victoria-collection.de\/fr\/wp-login.php\">Veuillez vous inscrire ici.<\/a><\/p>\n<p>[\/visitor][member]<\/p>\n<table style =\"width:100%\">\n<tr>\n<td style=\"width:20%\"><strong>Modell Number:<\/strong><\/td>\n<td style=\"width:35%\">11677<\/td>\n<td style=\"width:15%\">&nbsp;<\/td>\n<td style=\"width:30%\">&nbsp;<\/td>\n<\/tr>\n<tr>\n<td style=\"width:20%\">&nbsp;<\/td>\n<td style=\"width:35%\">&nbsp;<\/td>\n<td style=\"width:15%\">&nbsp;<\/td>\n<td style=\"width:30%\">&nbsp;<\/td>\n<\/tr>\n<tr>\n<td style=\"width:20%\"><strong>Packaging unit:<\/strong><\/td>\n<td style=\"width:35%\">12 Piece<\/td>\n<td style=\"width:15%\"><strong>Price per piece:<\/strong><\/td>\n<td style=\"width:30%\">\u20ac 1,70<\/td>\n<\/tr>\n<tr>\n<td style=\"width:20%\">&nbsp;<\/td>\n<td style=\"width:35%\">&nbsp;<\/td>\n<td style=\"width:15%\">&nbsp;<\/td>\n<td style=\"width:30%\">&nbsp;<\/td>\n<\/tr>\n<tr>\n<td style=\"width:20%\"><strong>Description:<\/strong><\/td>\n<td style=\"width:35%\">&#8211; Pouch<\/td>\n<td style=\"width:15%\"><strong>Dimensions:<\/strong><\/td>\n<td style=\"width:30%\">L 175 \/ W 75 \/ H mm<\/td>\n<\/tr>\n<tr>\n<td style=\"width:20%\">&nbsp;<\/td>\n<td style=\"width:35%\">&#8211; made of synthetic felt<\/td>\n<td style=\"width:15%\">&nbsp;<\/td>\n<td style=\"width:30%\">&nbsp;<\/td>\n<\/tr>\n<tr>\n<td style=\"width:20%\">&nbsp;<\/td>\n<td style=\"width:35%\">&#8211; with embroidered lettering<\/td>\n<td style=\"width:15%\"><strong>Colours:<\/strong><\/td>\n<td style=\"width:30%\">sorted in 4 colours<\/td>\n<\/tr>\n<tr>\n<td style=\"width:20%\">&nbsp;<\/td>\n<td style=\"width:35%\">&nbsp;<\/td>\n<td style=\"width:15%\">&nbsp;<\/td>\n<td style=\"width:30%\">&nbsp;<\/td>\n<\/tr>\n<\/table>\n<p>[\/member]<\/p>\n","protected":false},"featured_media":17987,"template":"","meta":[],"product_cat":[212,312],"product_tag":[],"acf":[],"_links":{"self":[{"href":"https:\/\/victoria-collection.de\/en\/wp-json\/wp\/v2\/product\/18048"}],"collection":[{"href":"https:\/\/victoria-collection.de\/en\/wp-json\/wp\/v2\/product"}],"about":[{"href":"https:\/\/victoria-collection.de\/en\/wp-json\/wp\/v2\/types\/product"}],"wp:featuredmedia":[{"embeddable":true,"href":"https:\/\/victoria-collection.de\/en\/wp-json\/wp\/v2\/media\/17987"}],"wp:attachment":[{"href":"https:\/\/victoria-collection.de\/en\/wp-json\/wp\/v2\/media?parent=18048"}],"wp:term":[{"taxonomy":"product_cat","embeddable":true,"href":"https:\/\/victoria-collection.de\/en\/wp-json\/wp\/v2\/product_cat?post=18048"},{"taxonomy":"product_tag","embeddable":true,"href":"https:\/\/victoria-collection.de\/en\/wp-json\/wp\/v2\/product_tag?post=18048"}],"curies":[{"name":"wp","href":"https:\/\/api.w.org\/{rel}","templated":true}]}}