{"id":30535,"date":"2025-08-11T09:12:26","date_gmt":"2025-08-11T08:12:26","guid":{"rendered":"https:\/\/victoria-collection.de\/?post_type=product&#038;p=30535"},"modified":"2026-02-03T09:39:08","modified_gmt":"2026-02-03T08:39:08","slug":"xel11","status":"publish","type":"product","link":"https:\/\/victoria-collection.de\/en\/shop\/xel11\/","title":{"rendered":"XEL11"},"content":{"rendered":"<p style=\"color: white; font-size: 0px;\">XEL11 X-EYES LITE 11 &#8211; Acetat-\/ Titanfassung &#8211; Acetate \/ titanium frame &#8211; monture en ac\u00e9tate \/ titane &#8211; 30-t\u00e4giges R\u00fcckgaberecht &#8211; 30-day right to return &#8211; droit de retour de 30\u00a0jours SCHWARZ BLACK NOIR ROT RED ROUGE<\/p>\n","protected":false},"excerpt":{"rendered":"<p>[visitor]<strong>DE:<\/strong> Beschreibungen und Preise werden nur angemeldeten Besuchern unserer Internetseite angezeigt, da sich unser Angebot ausschlie\u00dflich an Wiederverk\u00e4ufer richtet. Bitte melden Sie sich an, um die volle Funktionalit\u00e4t dieser Seite freizuschalten. <a href=\"https:\/\/victoria-collection.de\/de\/wp-login.php\">Bitte melden Sie sich hier an.<\/a><\/p>\n<p><strong>EN:<\/strong> Descriptions and prices are only displayed to registered visitors to our website, as our offer is aimed exclusively at resellers. Please log in to unlock the full functionality of this page. <a href=\"https:\/\/victoria-collection.de\/en\/wp-login.php\">Please log in here.<\/a><\/p>\n<p><strong>FR:<\/strong> Descriptions et les prix ne sont affich\u00e9s que pour les visiteurs enregistr\u00e9s sur notre site web, car notre offre s&#8217;adresse exclusivement aux revendeurs. Veuillez vous connecter pour d\u00e9verrouiller toutes les fonctionnalit\u00e9s de cette page. <a href=\"https:\/\/victoria-collection.de\/fr\/wp-login.php\">Veuillez vous inscrire ici.<\/a><\/p>\n<p>[\/visitor][member]<\/p>\n<table style=\"width: 100%;\">\n<tbody>\n<tr>\n<td style=\"width: 20%;\"><strong>Modell Number:<\/strong><\/td>\n<td style=\"width: 35%;\">XEL11<\/td>\n<td style=\"width: 15%;\"><\/td>\n<td style=\"width: 30%;\"><\/td>\n<\/tr>\n<tr>\n<td style=\"width: 20%;\"><\/td>\n<td style=\"width: 35%;\"><\/td>\n<td style=\"width: 15%;\"><\/td>\n<td style=\"width: 30%;\"><\/td>\n<\/tr>\n<tr>\n<td style=\"width: 20%;\"><strong>Packaging unit:<\/strong><\/td>\n<td style=\"width: 35%;\">1 Piece<\/td>\n<td style=\"width: 15%;\"><strong>Price per piece:<\/strong><\/td>\n<td style=\"width: 30%;\">\u20ac 39,90<\/td>\n<\/tr>\n<tr>\n<td style=\"width: 20%;\"><\/td>\n<td style=\"width: 35%;\"><\/td>\n<td style=\"width: 15%;\"><\/td>\n<td style=\"width: 30%;\"><\/td>\n<\/tr>\n<tr>\n<td style=\"width: 20%;\"><strong>Description:<\/strong><\/td>\n<td style=\"width: 35%;\">&#8211; Acetate\/titanium frame <\/td>\n<td style=\"width: 15%;\"><strong>Dimensions:<\/strong><\/td>\n<td style=\"width: 30%;\">52 &#8211; 16 \/ 140 mm<\/td>\n<\/tr>\n<tr>\n<td style=\"width: 20%;\"><\/td>\n<td style=\"width: 35%;\">&#8211; Includes folding case and microfibre cloth<\/td>\n<td style=\"width: 15%;\"><\/td>\n<td style=\"width: 30%;\"><\/td>\n<\/tr>\n<tr>\n<td style=\"width: 20%;\"><\/td>\n<td style=\"width: 35%;\">&#8211; 30-day right to return<\/td>\n<td style=\"width: 15%;\"><strong>Colours:<\/strong><\/td>\n<td style=\"width: 30%;\">Colour 1 &#8211; BLACK<\/td>\n<\/tr>\n<tr>\n<td style=\"width: 20%;\"><\/td>\n<td style=\"width: 35%;\"><\/td>\n<td style=\"width: 15%;\"><\/td>\n<td style=\"width: 30%;\">Colour 2 &#8211; RED<\/td>\n<\/tr>\n<\/tbody>\n<\/table>\n<p>[\/member]<\/p>\n","protected":false},"featured_media":30767,"template":"","meta":[],"product_cat":[242,214,893],"product_tag":[],"acf":[],"_links":{"self":[{"href":"https:\/\/victoria-collection.de\/en\/wp-json\/wp\/v2\/product\/30535"}],"collection":[{"href":"https:\/\/victoria-collection.de\/en\/wp-json\/wp\/v2\/product"}],"about":[{"href":"https:\/\/victoria-collection.de\/en\/wp-json\/wp\/v2\/types\/product"}],"wp:featuredmedia":[{"embeddable":true,"href":"https:\/\/victoria-collection.de\/en\/wp-json\/wp\/v2\/media\/30767"}],"wp:attachment":[{"href":"https:\/\/victoria-collection.de\/en\/wp-json\/wp\/v2\/media?parent=30535"}],"wp:term":[{"taxonomy":"product_cat","embeddable":true,"href":"https:\/\/victoria-collection.de\/en\/wp-json\/wp\/v2\/product_cat?post=30535"},{"taxonomy":"product_tag","embeddable":true,"href":"https:\/\/victoria-collection.de\/en\/wp-json\/wp\/v2\/product_tag?post=30535"}],"curies":[{"name":"wp","href":"https:\/\/api.w.org\/{rel}","templated":true}]}}