{"id":5344,"date":"2020-10-27T12:36:58","date_gmt":"2020-10-27T11:36:58","guid":{"rendered":"https:\/\/victoria-collection.de\/?post_type=product&#038;p=5344"},"modified":"2026-04-24T07:53:10","modified_gmt":"2026-04-24T06:53:10","slug":"lazer-junior-2190","status":"publish","type":"product","link":"https:\/\/victoria-collection.de\/en\/shop\/lazer-junior-2190\/","title":{"rendered":"LAZER JUNIOR 2190"},"content":{"rendered":"<p style=\"color: white; font-size: 0px; !important;\">L2190 LAZER JUNIOR 2190 &#8211; Metall- \/ Acetatfassung &#8211; Metal \/ acetat frame &#8211; monture en m\u00e9tal \/ ac\u00e9tate &#8211; mit Federscharnier &#8211; Sprung hinges &#8211; charni\u00e8res \u00e0 ressort &#8211; 30-t\u00e4giges R\u00fcckgaberecht &#8211; 30-day right to return &#8211; droit de retour de 30\u00a0jours BLACK BLACK NOIR BROWN BROWN MARRON NAVY NAVY BLEU OUTREMER <\/p>\n","protected":false},"excerpt":{"rendered":"<table style =\"width:100%\">\n<tr>\n<td style=\"width:20%\"><strong>Modell Number:<\/strong><\/td>\n<td style=\"width:35%\">L2190<\/td>\n<td style=\"width:15%\">&nbsp;<\/td>\n<td style=\"width:30%\">&nbsp;<\/td>\n<\/tr>\n<tr>\n<td style=\"width:20%\">&nbsp;<\/td>\n<td style=\"width:35%\">&nbsp;<\/td>\n<td style=\"width:15%\">&nbsp;<\/td>\n<td style=\"width:30%\">&nbsp;<\/td>\n<\/tr>\n<tr>\n<td style=\"width:20%\"><strong>Packaging unit:<\/strong><\/td>\n<td style=\"width:35%\">1 Piece<\/td>\n<td style=\"width:15%\"><strong>Price per piece:<\/strong><\/td>\n<td style=\"width:30%\">\u20ac 12,90<\/td>\n<\/tr>\n<tr>\n<td style=\"width:20%\">&nbsp;<\/td>\n<td style=\"width:35%\">&nbsp;<\/td>\n<td style=\"width:15%\">&nbsp;<\/td>\n<td style=\"width:30%\">&nbsp;<\/td>\n<\/tr>\n<tr>\n<td style=\"width:20%\"><strong>Description:<\/strong><\/td>\n<td style=\"width:35%\">&#8211; Metal \/ acetat frame<\/td>\n<td style=\"width:15%\"><strong>Dimensions:<\/strong><\/td>\n<td style=\"width:30%\">50 &#8211; 16 \/ 130 mm<\/td>\n<\/tr>\n<tr>\n<td style=\"width:20%\">&nbsp;<\/td>\n<td style=\"width:35%\">&#8211; Sprung hinges<\/td>\n<td style=\"width:15%\">&nbsp;<\/td>\n<td style=\"width:30%\">&nbsp;<\/td>\n<\/tr>\n<tr>\n<td style=\"width:20%\">&nbsp;<\/td>\n<td style=\"width:35%\">&#8211; 30-day right to return<\/td>\n<td style=\"width:15%\"><strong>Colours:<\/strong><\/td>\n<td style=\"width:30%\">Colour 1 &#8211; BLACK<\/td>\n<\/tr>\n<tr>\n<td style=\"width:20%\">&nbsp;<\/td>\n<td style=\"width:35%\">&nbsp;<\/td>\n<td style=\"width:15%\">&nbsp;<\/td>\n<td style=\"width:30%\">Colour 2 &#8211; BROWN<\/td>\n<\/tr>\n<tr>\n<td style=\"width:20%\">&nbsp;<\/td>\n<td style=\"width:35%\">&nbsp;<\/td>\n<td style=\"width:15%\">&nbsp;<\/td>\n<td style=\"width:30%\">Colour 3 &#8211; NAVY<\/td>\n<\/tr>\n<\/table>\n","protected":false},"featured_media":15830,"template":"","meta":[],"product_cat":[242,335],"product_tag":[],"acf":[],"_links":{"self":[{"href":"https:\/\/victoria-collection.de\/en\/wp-json\/wp\/v2\/product\/5344"}],"collection":[{"href":"https:\/\/victoria-collection.de\/en\/wp-json\/wp\/v2\/product"}],"about":[{"href":"https:\/\/victoria-collection.de\/en\/wp-json\/wp\/v2\/types\/product"}],"wp:featuredmedia":[{"embeddable":true,"href":"https:\/\/victoria-collection.de\/en\/wp-json\/wp\/v2\/media\/15830"}],"wp:attachment":[{"href":"https:\/\/victoria-collection.de\/en\/wp-json\/wp\/v2\/media?parent=5344"}],"wp:term":[{"taxonomy":"product_cat","embeddable":true,"href":"https:\/\/victoria-collection.de\/en\/wp-json\/wp\/v2\/product_cat?post=5344"},{"taxonomy":"product_tag","embeddable":true,"href":"https:\/\/victoria-collection.de\/en\/wp-json\/wp\/v2\/product_tag?post=5344"}],"curies":[{"name":"wp","href":"https:\/\/api.w.org\/{rel}","templated":true}]}}