{"id":6684,"date":"2021-01-04T16:41:42","date_gmt":"2021-01-04T15:41:42","guid":{"rendered":"https:\/\/victoria-collection.de\/?post_type=product&#038;p=6684"},"modified":"2026-04-27T06:22:16","modified_gmt":"2026-04-27T05:22:16","slug":"mikrofasertuch-aus-recycelten-pet-flaschen-save-the-earth","status":"publish","type":"product","link":"https:\/\/victoria-collection.de\/en\/shop\/mikrofasertuch-aus-recycelten-pet-flaschen-save-the-earth\/","title":{"rendered":"MIKROFASERTUCH AUS RECYCELTEN FLASCHEN &#8220;SAVE THE EARTH&#8221;"},"content":{"rendered":"<p style=\"color: white; font-size: 0px; !important;\">15142 MIKROFASERTUCH AUS RECYCELTEN FLASCHEN &#8220;SAVE THE EARTH&#8221; &#8211; aus recycelten PET-Flaschen &#8211; made from recycled PET bottles &#8211; en bouteilles de PET recycl\u00e9es &#8211; einzeln verpackt im Papieretui &#8211; Individually packaged in paper case &#8211; emball\u00e9s individuellement dans une pochette en papier &#8211; waschbar bei 40\u00b0C &#8211; Washable at 40\u00b0C &#8211; lavables \u00e0 40 \u00b0C &#8211; inkl. Thekendisplay &#8211; Counter display included &#8211; avec pr\u00e9sentoir de comptoir BLAU BLUE BLEU <\/p>\n","protected":false},"excerpt":{"rendered":"<p>[visitor]<strong>DE:<\/strong> Beschreibungen und Preise werden nur angemeldeten Besuchern unserer Internetseite angezeigt, da sich unser Angebot ausschlie\u00dflich an Wiederverk\u00e4ufer richtet. Bitte melden Sie sich an, um die volle Funktionalit\u00e4t dieser Seite freizuschalten. <a href=\"https:\/\/victoria-collection.de\/de\/wp-login.php\">Bitte melden Sie sich hier an.<\/a><\/p>\n<p><strong>EN:<\/strong> Descriptions and prices are only displayed to registered visitors to our website, as our offer is aimed exclusively at resellers. Please log in to unlock the full functionality of this page. <a href=\"https:\/\/victoria-collection.de\/en\/wp-login.php\">Please log in here.<\/a><\/p>\n<p><strong>FR:<\/strong> Descriptions et les prix ne sont affich\u00e9s que pour les visiteurs enregistr\u00e9s sur notre site web, car notre offre s&#8217;adresse exclusivement aux revendeurs. Veuillez vous connecter pour d\u00e9verrouiller toutes les fonctionnalit\u00e9s de cette page. <a href=\"https:\/\/victoria-collection.de\/fr\/wp-login.php\">Veuillez vous inscrire ici.<\/a><\/p>\n<p>[\/visitor][member]<\/p>\n<table style =\"width:100%\">\n<tr>\n<td style=\"width:20%\"><strong>Modell Number:<\/strong><\/td>\n<td style=\"width:35%\">15142<\/td>\n<td style=\"width:15%\">&nbsp;<\/td>\n<td style=\"width:30%\">&nbsp;<\/td>\n<\/tr>\n<tr>\n<td style=\"width:20%\">&nbsp;<\/td>\n<td style=\"width:35%\">&nbsp;<\/td>\n<td style=\"width:15%\">&nbsp;<\/td>\n<td style=\"width:30%\">&nbsp;<\/td>\n<\/tr>\n<tr>\n<td style=\"width:20%\"><strong>Packaging unit:<\/strong><\/td>\n<td style=\"width:35%\">15 Piece<\/td>\n<td style=\"width:15%\"><strong>Price per piece:<\/strong><\/td>\n<td style=\"width:30%\">\u20ac 0,99<\/td>\n<\/tr>\n<tr>\n<td style=\"width:20%\">&nbsp;<\/td>\n<td style=\"width:35%\">&nbsp;<\/td>\n<td style=\"width:15%\">&nbsp;<\/td>\n<td style=\"width:30%\">&nbsp;<\/td>\n<\/tr>\n<tr>\n<td style=\"width:20%\"><strong>Description:<\/strong><\/td>\n<td style=\"width:35%\">&#8211; made from recycled PET bottles<\/td>\n<td style=\"width:15%\"><strong>Dimensions:<\/strong><\/td>\n<td style=\"width:30%\">L 180 \/ W 150 \/ H mm<\/td>\n<\/tr>\n<tr>\n<td style=\"width:20%\">&nbsp;<\/td>\n<td style=\"width:35%\">&#8211; Individually packaged in paper case<\/td>\n<td style=\"width:15%\">&nbsp;<\/td>\n<td style=\"width:30%\">&nbsp;<\/td>\n<\/tr>\n<tr>\n<td style=\"width:20%\">&nbsp;<\/td>\n<td style=\"width:35%\">&#8211; Washable at 40\u00b0C<\/td>\n<td style=\"width:15%\"><strong>Colours:<\/strong><\/td>\n<td style=\"width:30%\">Colour 1 &#8211; BLUE<\/td>\n<\/tr>\n<tr>\n<td style=\"width:20%\">&nbsp;<\/td>\n<td style=\"width:35%\">&#8211; Counter display included<\/td>\n<td style=\"width:15%\">&nbsp;<\/td>\n<td style=\"width:30%\">&nbsp;<\/td>\n<\/tr>\n<\/table>\n<p>[\/member]<\/p>\n","protected":false},"featured_media":6301,"template":"","meta":[],"product_cat":[213,466,379],"product_tag":[],"acf":[],"_links":{"self":[{"href":"https:\/\/victoria-collection.de\/en\/wp-json\/wp\/v2\/product\/6684"}],"collection":[{"href":"https:\/\/victoria-collection.de\/en\/wp-json\/wp\/v2\/product"}],"about":[{"href":"https:\/\/victoria-collection.de\/en\/wp-json\/wp\/v2\/types\/product"}],"wp:featuredmedia":[{"embeddable":true,"href":"https:\/\/victoria-collection.de\/en\/wp-json\/wp\/v2\/media\/6301"}],"wp:attachment":[{"href":"https:\/\/victoria-collection.de\/en\/wp-json\/wp\/v2\/media?parent=6684"}],"wp:term":[{"taxonomy":"product_cat","embeddable":true,"href":"https:\/\/victoria-collection.de\/en\/wp-json\/wp\/v2\/product_cat?post=6684"},{"taxonomy":"product_tag","embeddable":true,"href":"https:\/\/victoria-collection.de\/en\/wp-json\/wp\/v2\/product_tag?post=6684"}],"curies":[{"name":"wp","href":"https:\/\/api.w.org\/{rel}","templated":true}]}}