{"id":7140,"date":"2021-01-11T10:01:05","date_gmt":"2021-01-11T09:01:05","guid":{"rendered":"https:\/\/victoria-collection.de\/?post_type=product&#038;p=7140"},"modified":"2026-04-30T14:52:55","modified_gmt":"2026-04-30T13:52:55","slug":"lara","status":"publish","type":"product","link":"https:\/\/victoria-collection.de\/en\/shop\/lara\/","title":{"rendered":"LARA"},"content":{"rendered":"<p style=\"color: white; font-size: 0px; !important;\">300 LARA &#8211; Kunststofflesehilfe in gl\u00e4nzenden Farben &#8211; Plastic reading glasses with lustrous finish &#8211; lunettes de lecture en plastique couleurs brillantes &#8211; mit Federscharnier &#8211; Sprung hinges &#8211; charni\u00e8res \u00e0 ressort &#8211; B\u00fcgel im Streifendesign &#8211; Stripy arms &#8211; branches \u00e0 rayures &#8211; inkl. Einstecketui &#8211; Pouch included &#8211; avec \u00e9tui souple SCHWARZ BLACK NOIR BLAU BLUE BLEU BEERE BERRY BERRY BRAUN BROWN MARRON<br \/>\n300100<br \/>\n300101<br \/>\n300102<br \/>\n300103<br \/>\n300104<br \/>\n300150<br \/>\n300151<br \/>\n300152<br \/>\n300153<br \/>\n300154<br \/>\n300200<br \/>\n300201<br \/>\n300202<br \/>\n300203<br \/>\n300204<br \/>\n300250<br \/>\n300251<br \/>\n300252<br \/>\n300253<br \/>\n300254<br \/>\n300300<br \/>\n300301<br \/>\n300302<br \/>\n300303<br \/>\n300304<br \/>\n300350<br \/>\n300351<br \/>\n300352<br \/>\n300353<br \/>\n300354<br \/>\n300999<\/p>\n","protected":false},"excerpt":{"rendered":"<p>[visitor]<strong>DE:<\/strong> Beschreibungen und Preise werden nur angemeldeten Besuchern unserer Internetseite angezeigt, da sich unser Angebot ausschlie\u00dflich an Wiederverk\u00e4ufer richtet. Bitte melden Sie sich an, um die volle Funktionalit\u00e4t dieser Seite freizuschalten. <a href=\"https:\/\/victoria-collection.de\/de\/wp-login.php\">Bitte melden Sie sich hier an.<\/a><\/p>\n<p><strong>EN:<\/strong> Descriptions and prices are only displayed to registered visitors to our website, as our offer is aimed exclusively at resellers. Please log in to unlock the full functionality of this page. <a href=\"https:\/\/victoria-collection.de\/en\/wp-login.php\">Please log in here.<\/a><\/p>\n<p><strong>FR:<\/strong> Descriptions et les prix ne sont affich\u00e9s que pour les visiteurs enregistr\u00e9s sur notre site web, car notre offre s&#8217;adresse exclusivement aux revendeurs. Veuillez vous connecter pour d\u00e9verrouiller toutes les fonctionnalit\u00e9s de cette page. <a href=\"https:\/\/victoria-collection.de\/fr\/wp-login.php\">Veuillez vous inscrire ici.<\/a><\/p>\n<p>[\/visitor][member]<\/p>\n<table style =\"width:100%\">\n<tr>\n<td style=\"width:20%\"><strong>Modell Number:<\/strong><\/td>\n<td style=\"width:35%\">300<\/td>\n<td style=\"width:15%\">&nbsp;<\/td>\n<td style=\"width:30%\">&nbsp;<\/td>\n<\/tr>\n<tr>\n<td style=\"width:20%\">&nbsp;<\/td>\n<td style=\"width:35%\">&nbsp;<\/td>\n<td style=\"width:15%\">&nbsp;<\/td>\n<td style=\"width:30%\">&nbsp;<\/td>\n<\/tr>\n<tr>\n<td style=\"width:20%\"><strong>Packaging unit:<\/strong><\/td>\n<td style=\"width:35%\">2 Piece<\/td>\n<td style=\"width:15%\"><strong>Price per piece:<\/strong><\/td>\n<td style=\"width:30%\">\u20ac 3,90<\/td>\n<\/tr>\n<tr>\n<td style=\"width:20%\">&nbsp;<\/td>\n<td style=\"width:35%\">&nbsp;<\/td>\n<td style=\"width:15%\">&nbsp;<\/td>\n<td style=\"width:30%\">&nbsp;<\/td>\n<\/tr>\n<tr>\n<td style=\"width:20%\"><strong>Diopters:<\/strong><\/td>\n<td style=\"width:35%\">from + 1,00 to + 3,50<\/td>\n<td style=\"width:15%\"><strong>Dimensions:<\/strong><\/td>\n<td style=\"width:30%\">145 &#8211; 51 \/ 19 mm<\/td>\n<\/tr>\n<tr>\n<td style=\"width:20%\">&nbsp;<\/td>\n<td style=\"width:35%\">&nbsp;<\/td>\n<td style=\"width:15%\">&nbsp;<\/td>\n<td style=\"width:30%\">&nbsp;<\/td>\n<\/tr>\n<tr>\n<td style=\"width:20%\"><strong>Description:<\/strong><\/td>\n<td style=\"width:35%\">&#8211; Plastic reading glasses with lustrous finish<\/td>\n<td style=\"width:15%\"><strong>Colours:<\/strong><\/td>\n<td style=\"width:30%\">Colour 1 &#8211; BLACK<\/td>\n<\/tr>\n<tr>\n<td style=\"width:20%\">&nbsp;<\/td>\n<td style=\"width:35%\">&#8211; Sprung hinges<\/td>\n<td style=\"width:15%\">&nbsp;<\/td>\n<td style=\"width:30%\">Colour 2 &#8211; BLUE<\/td>\n<\/tr>\n<tr>\n<td style=\"width:20%\">&nbsp;<\/td>\n<td style=\"width:35%\">&#8211; Stripy arms<\/td>\n<td style=\"width:15%\">&nbsp;<\/td>\n<td style=\"width:30%\">Colour 3 &#8211; BERRY<\/td>\n<\/tr>\n<tr>\n<td style=\"width:20%\">&nbsp;<\/td>\n<td style=\"width:35%\">&#8211; Pouch included<\/td>\n<td style=\"width:15%\">&nbsp;<\/td>\n<td style=\"width:30%\">Colour 4 &#8211; BROWN<\/td>\n<\/tr>\n<\/table>\n<p><!-- Hier beginnt der Settext --><\/p>\n<div style=\"line-height: 2px;height: 1px;background-color: lightgrey\"><\/div>\n<table style=\"width:100%\"><\/p>\n<tr>\n<td style=\"width:20%\"><strong>Available as a set:<\/strong><\/td>\n<td style=\"width:35%\">20-piece<\/td>\n<td style=\"width:15%\"><strong>Set price:<\/strong><\/td>\n<td style=\"width:30%\">\u20ac 69,90 (\u20ac 3,50 \/ pc)<\/td>\n<\/tr>\n<tr>\n<td style=\"width:20%\">&nbsp;<\/td>\n<td style=\"width:35%\">from + 1,00 to + 3,00<\/td>\n<td style=\"width:15%\">&nbsp;<\/td>\n<td style=\"width:30%\">&nbsp;<\/td>\n<\/tr>\n<tr>\n<td style=\"width:20%\">&nbsp;<\/td>\n<td style=\"width:35%\">sorted in 4 colours<\/td>\n<td style=\"width:15%\">&nbsp;<\/td>\n<td style=\"width:30%\">&nbsp;<\/td>\n<\/tr>\n<\/table>\n<p>[\/member]<\/p>\n","protected":false},"featured_media":2138,"template":"","meta":[],"product_cat":[935,211],"product_tag":[],"acf":[],"_links":{"self":[{"href":"https:\/\/victoria-collection.de\/en\/wp-json\/wp\/v2\/product\/7140"}],"collection":[{"href":"https:\/\/victoria-collection.de\/en\/wp-json\/wp\/v2\/product"}],"about":[{"href":"https:\/\/victoria-collection.de\/en\/wp-json\/wp\/v2\/types\/product"}],"wp:featuredmedia":[{"embeddable":true,"href":"https:\/\/victoria-collection.de\/en\/wp-json\/wp\/v2\/media\/2138"}],"wp:attachment":[{"href":"https:\/\/victoria-collection.de\/en\/wp-json\/wp\/v2\/media?parent=7140"}],"wp:term":[{"taxonomy":"product_cat","embeddable":true,"href":"https:\/\/victoria-collection.de\/en\/wp-json\/wp\/v2\/product_cat?post=7140"},{"taxonomy":"product_tag","embeddable":true,"href":"https:\/\/victoria-collection.de\/en\/wp-json\/wp\/v2\/product_tag?post=7140"}],"curies":[{"name":"wp","href":"https:\/\/api.w.org\/{rel}","templated":true}]}}