{"id":8609,"date":"2021-05-25T14:09:57","date_gmt":"2021-05-25T13:09:57","guid":{"rendered":"https:\/\/victoria-collection.de\/?post_type=product&#038;p=8609"},"modified":"2026-04-24T10:41:43","modified_gmt":"2026-04-24T09:41:43","slug":"lazer-sun-0023","status":"publish","type":"product","link":"https:\/\/victoria-collection.de\/en\/shop\/lazer-sun-0023\/","title":{"rendered":"LAZER SUN 0023"},"content":{"rendered":"<p style=\"color: white; font-size: 0px; !important;\">LS0023 LAZER SUN 0023 &#8211; Acetatfassung &#8211; Acetat frame &#8211; Monture en ac\u00e9tate &#8211; mit Federscharnier &#8211; Sprung hinges &#8211; charni\u00e8res \u00e0 ressort &#8211; 30-t\u00e4giges R\u00fcckgaberecht &#8211; 30-day right to return &#8211; droit de retour de 30\u00a0jours &#8211; 100% UV-Schutz, Kat. 3 &#8211; 100% Cat 3 UV protection &#8211; protection UV int\u00e9grale, cat.\u00a03 NUDE NUDE NUDE PINK PINK ROSE <\/p>\n","protected":false},"excerpt":{"rendered":"<table style =\"width:100%\">\n<tr>\n<td style=\"width:20%\"><strong>Modell Number:<\/strong><\/td>\n<td style=\"width:35%\">LS0023<\/td>\n<td style=\"width:15%\">&nbsp;<\/td>\n<td style=\"width:30%\">&nbsp;<\/td>\n<\/tr>\n<tr>\n<td style=\"width:20%\">&nbsp;<\/td>\n<td style=\"width:35%\">&nbsp;<\/td>\n<td style=\"width:15%\">&nbsp;<\/td>\n<td style=\"width:30%\">&nbsp;<\/td>\n<\/tr>\n<tr>\n<td style=\"width:20%\"><strong>Packaging unit:<\/strong><\/td>\n<td style=\"width:35%\">1 Piece<\/td>\n<td style=\"width:15%\"><strong>Price per piece:<\/strong><\/td>\n<td style=\"width:30%\">\u20ac 15,90<\/td>\n<\/tr>\n<tr>\n<td style=\"width:20%\">&nbsp;<\/td>\n<td style=\"width:35%\">&nbsp;<\/td>\n<td style=\"width:15%\">&nbsp;<\/td>\n<td style=\"width:30%\">&nbsp;<\/td>\n<\/tr>\n<tr>\n<td style=\"width:20%\"><strong>Description:<\/strong><\/td>\n<td style=\"width:35%\">&#8211; Acetat frame<\/td>\n<td style=\"width:15%\"><strong>Dimensions:<\/strong><\/td>\n<td style=\"width:30%\">52 &#8211; 20 \/ 140 mm<\/td>\n<\/tr>\n<tr>\n<td style=\"width:20%\">&nbsp;<\/td>\n<td style=\"width:35%\">&#8211; Sprung hinges<\/td>\n<td style=\"width:15%\">&nbsp;<\/td>\n<td style=\"width:30%\">&nbsp;<\/td>\n<\/tr>\n<tr>\n<td style=\"width:20%\">&nbsp;<\/td>\n<td style=\"width:35%\">&#8211; 30-day right to return<\/td>\n<td style=\"width:15%\"><strong>Colours:<\/strong><\/td>\n<td style=\"width:30%\">Colour 1 &#8211; NUDE<\/td>\n<\/tr>\n<tr>\n<td style=\"width:20%\">&nbsp;<\/td>\n<td style=\"width:35%\">&#8211; 100% Cat 3 UV protection<\/td>\n<td style=\"width:15%\">&nbsp;<\/td>\n<td style=\"width:30%\">Colour 2 &#8211; PINK<\/td>\n<\/tr>\n<\/table>\n","protected":false},"featured_media":16051,"template":"","meta":[],"product_cat":[242,415],"product_tag":[],"acf":[],"_links":{"self":[{"href":"https:\/\/victoria-collection.de\/en\/wp-json\/wp\/v2\/product\/8609"}],"collection":[{"href":"https:\/\/victoria-collection.de\/en\/wp-json\/wp\/v2\/product"}],"about":[{"href":"https:\/\/victoria-collection.de\/en\/wp-json\/wp\/v2\/types\/product"}],"wp:featuredmedia":[{"embeddable":true,"href":"https:\/\/victoria-collection.de\/en\/wp-json\/wp\/v2\/media\/16051"}],"wp:attachment":[{"href":"https:\/\/victoria-collection.de\/en\/wp-json\/wp\/v2\/media?parent=8609"}],"wp:term":[{"taxonomy":"product_cat","embeddable":true,"href":"https:\/\/victoria-collection.de\/en\/wp-json\/wp\/v2\/product_cat?post=8609"},{"taxonomy":"product_tag","embeddable":true,"href":"https:\/\/victoria-collection.de\/en\/wp-json\/wp\/v2\/product_tag?post=8609"}],"curies":[{"name":"wp","href":"https:\/\/api.w.org\/{rel}","templated":true}]}}