{"id":10185,"date":"2021-12-22T13:15:46","date_gmt":"2021-12-22T12:15:46","guid":{"rendered":"https:\/\/victoria-collection.de\/?post_type=product&#038;p=10185"},"modified":"2026-04-18T12:50:39","modified_gmt":"2026-04-18T11:50:39","slug":"amazonia","status":"publish","type":"product","link":"https:\/\/victoria-collection.de\/fr\/shop\/amazonia\/","title":{"rendered":"AMAZONIA"},"content":{"rendered":"<p style=\"color: white; font-size: 0px; !important;\">11614 AMAZONIA &#8211; Mikrofaserbezug mit Dschungeltieren &#8211; Microfiber cover with jungle animals &#8211; rev\u00eatement \u00e0 motifs d&rsquo; animaux de la jungle &#8211; mit passendem Mikrofasertuch &#8211; with matching microfibre cloth &#8211; avec chiffon en microfibre assorti &#8211; schwarzes Innenfutter &#8211; Black lining &#8211; doublure int\u00e9rieure noire <\/p>\n","protected":false},"excerpt":{"rendered":"<p>[visitor]<strong>DE:<\/strong> Beschreibungen und Preise werden nur angemeldeten Besuchern unserer Internetseite angezeigt, da sich unser Angebot ausschlie\u00dflich an Wiederverk\u00e4ufer richtet. Bitte melden Sie sich an, um die volle Funktionalit\u00e4t dieser Seite freizuschalten. <a href=\"https:\/\/victoria-collection.de\/de\/wp-login.php\">Bitte melden Sie sich hier an.<\/a><\/p>\n<p><strong>EN:<\/strong> Descriptions and prices are only displayed to registered visitors to our website, as our offer is aimed exclusively at resellers. Please log in to unlock the full functionality of this page. <a href=\"https:\/\/victoria-collection.de\/en\/wp-login.php\">Please log in here.<\/a><\/p>\n<p><strong>FR:<\/strong> Descriptions et les prix ne sont affich\u00e9s que pour les visiteurs enregistr\u00e9s sur notre site web, car notre offre s&rsquo;adresse exclusivement aux revendeurs. Veuillez vous connecter pour d\u00e9verrouiller toutes les fonctionnalit\u00e9s de cette page. <a href=\"https:\/\/victoria-collection.de\/fr\/wp-login.php\">Veuillez vous inscrire ici.<\/a><\/p>\n<p>[\/visitor][member]<\/p>\n<table style =\"width:100%\">\n<tr>\n<td style=\"width:20%\"><strong>Num\u00e9ro du mod\u00e8le:<\/strong><\/td>\n<td style=\"width:35%\">11614<\/td>\n<td style=\"width:15%\">&nbsp;<\/td>\n<td style=\"width:30%\">&nbsp;<\/td>\n<\/tr>\n<tr>\n<td style=\"width:20%\">&nbsp;<\/td>\n<td style=\"width:35%\">&nbsp;<\/td>\n<td style=\"width:15%\">&nbsp;<\/td>\n<td style=\"width:30%\">&nbsp;<\/td>\n<\/tr>\n<tr>\n<td style=\"width:20%\"><strong>Conditionnement:<\/strong><\/td>\n<td style=\"width:35%\">12 Pi\u00e8ce<\/td>\n<td style=\"width:15%\"><strong>Prix \u00e0 l&rsquo;unit\u00e9:<\/strong><\/td>\n<td style=\"width:30%\">\u20ac 3,50<\/td>\n<\/tr>\n<tr>\n<td style=\"width:20%\">&nbsp;<\/td>\n<td style=\"width:35%\">&nbsp;<\/td>\n<td style=\"width:15%\">&nbsp;<\/td>\n<td style=\"width:30%\">&nbsp;<\/td>\n<\/tr>\n<tr>\n<td style=\"width:20%\"><strong>Description:<\/strong><\/td>\n<td style=\"width:35%\">&#8211; rev\u00eatement \u00e0 motifs d&rsquo; animaux de la jungle<\/td>\n<td style=\"width:15%\"><strong>Dimensions:<\/strong><\/td>\n<td style=\"width:30%\">L 160 \/ L 60 \/ H 40 mm<\/td>\n<\/tr>\n<tr>\n<td style=\"width:20%\">&nbsp;<\/td>\n<td style=\"width:35%\">&#8211; avec chiffon en microfibre assorti<\/td>\n<td style=\"width:15%\">&nbsp;<\/td>\n<td style=\"width:30%\">&nbsp;<\/td>\n<\/tr>\n<tr>\n<td style=\"width:20%\">&nbsp;<\/td>\n<td style=\"width:35%\">&#8211; doublure int\u00e9rieure noire<\/td>\n<td style=\"width:15%\"><strong>Couleurs:<\/strong><\/td>\n<td style=\"width:30%\">tri\u00e9s en 3 couleurs<\/td>\n<\/tr>\n<tr>\n<td style=\"width:20%\">&nbsp;<\/td>\n<td style=\"width:35%\">&nbsp;<\/td>\n<td style=\"width:15%\">&nbsp;<\/td>\n<td style=\"width:30%\">&nbsp;<\/td>\n<\/tr>\n<\/table>\n<p>[\/member]<\/p>\n","protected":false},"featured_media":10187,"template":"","meta":[],"product_cat":[212,378,468,306],"product_tag":[],"acf":[],"_links":{"self":[{"href":"https:\/\/victoria-collection.de\/fr\/wp-json\/wp\/v2\/product\/10185"}],"collection":[{"href":"https:\/\/victoria-collection.de\/fr\/wp-json\/wp\/v2\/product"}],"about":[{"href":"https:\/\/victoria-collection.de\/fr\/wp-json\/wp\/v2\/types\/product"}],"wp:featuredmedia":[{"embeddable":true,"href":"https:\/\/victoria-collection.de\/fr\/wp-json\/wp\/v2\/media\/10187"}],"wp:attachment":[{"href":"https:\/\/victoria-collection.de\/fr\/wp-json\/wp\/v2\/media?parent=10185"}],"wp:term":[{"taxonomy":"product_cat","embeddable":true,"href":"https:\/\/victoria-collection.de\/fr\/wp-json\/wp\/v2\/product_cat?post=10185"},{"taxonomy":"product_tag","embeddable":true,"href":"https:\/\/victoria-collection.de\/fr\/wp-json\/wp\/v2\/product_tag?post=10185"}],"curies":[{"name":"wp","href":"https:\/\/api.w.org\/{rel}","templated":true}]}}