{"id":13650,"date":"2022-12-02T11:08:09","date_gmt":"2022-12-02T10:08:09","guid":{"rendered":"https:\/\/victoria-collection.de\/?post_type=product&#038;p=13650"},"modified":"2026-05-11T13:59:20","modified_gmt":"2026-05-11T12:59:20","slug":"venice","status":"publish","type":"product","link":"https:\/\/victoria-collection.de\/fr\/shop\/venice\/","title":{"rendered":"VENICE"},"content":{"rendered":"<p style=\"color: white; font-size: 0px; !important;\">335 VENICE &#8211; Hochwertige Kunststofflesehilfe &#8211; High-quality plastic reading glasses &#8211; lunettes de lecture en plastique haute qualit\u00e9 &#8211; mit Metallfederscharnier &#8211; Sprung metal hinges &#8211; charni\u00e8res \u00e0 ressort m\u00e9talliques &#8211; in gl\u00e4nzenden Farben &#8211; Lustrous finish &#8211; couleurs brillantes &#8211; inkl. Einstecketui &#8211; Pouch included &#8211; avec \u00e9tui souple SCHWARZ BLACK NOIR BLAU BLUE BLEU ROT RED ROUGE <\/p>\n","protected":false},"excerpt":{"rendered":"<p>[visitor]<strong>DE:<\/strong> Beschreibungen und Preise werden nur angemeldeten Besuchern unserer Internetseite angezeigt, da sich unser Angebot ausschlie\u00dflich an Wiederverk\u00e4ufer richtet. Bitte melden Sie sich an, um die volle Funktionalit\u00e4t dieser Seite freizuschalten. <a href=\"https:\/\/victoria-collection.de\/de\/wp-login.php\">Bitte melden Sie sich hier an.<\/a><\/p>\n<p><strong>EN:<\/strong> Descriptions and prices are only displayed to registered visitors to our website, as our offer is aimed exclusively at resellers. Please log in to unlock the full functionality of this page. <a href=\"https:\/\/victoria-collection.de\/en\/wp-login.php\">Please log in here.<\/a><\/p>\n<p><strong>FR:<\/strong> Descriptions et les prix ne sont affich\u00e9s que pour les visiteurs enregistr\u00e9s sur notre site web, car notre offre s&rsquo;adresse exclusivement aux revendeurs. Veuillez vous connecter pour d\u00e9verrouiller toutes les fonctionnalit\u00e9s de cette page. <a href=\"https:\/\/victoria-collection.de\/fr\/wp-login.php\">Veuillez vous inscrire ici.<\/a><\/p>\n<p>[\/visitor][member]<\/p>\n<table style =\"width:100%\">\n<tr>\n<td style=\"width:20%\"><strong>Num\u00e9ro du mod\u00e8le:<\/strong><\/td>\n<td style=\"width:35%\">335<\/td>\n<td style=\"width:15%\">&nbsp;<\/td>\n<td style=\"width:30%\">&nbsp;<\/td>\n<\/tr>\n<tr>\n<td style=\"width:20%\">&nbsp;<\/td>\n<td style=\"width:35%\">&nbsp;<\/td>\n<td style=\"width:15%\">&nbsp;<\/td>\n<td style=\"width:30%\">&nbsp;<\/td>\n<\/tr>\n<tr>\n<td style=\"width:20%\"><strong>Conditionnement:<\/strong><\/td>\n<td style=\"width:35%\">2 Pi\u00e8ce<\/td>\n<td style=\"width:15%\"><strong>Prix \u00e0 l&rsquo;unit\u00e9:<\/strong><\/td>\n<td style=\"width:30%\">\u20ac 6,50 <\/td>\n<\/tr>\n<tr>\n<td style=\"width:20%\">&nbsp;<\/td>\n<td style=\"width:35%\">&nbsp;<\/td>\n<td style=\"width:15%\">&nbsp;<\/td>\n<td style=\"width:30%\">&nbsp;<\/td>\n<\/tr>\n<tr>\n<td style=\"width:20%\"><strong>Description:<\/strong><\/td>\n<td style=\"width:35%\">&#8211; lunettes de lecture en plastique haute qualit\u00e9<\/td>\n<td style=\"width:15%\"><strong>Dimensions:<\/strong><\/td>\n<td style=\"width:30%\">53 &#8211; 17 \/ 140 mm<\/td>\n<\/tr>\n<tr>\n<td style=\"width:20%\">&nbsp;<\/td>\n<td style=\"width:35%\">&#8211; charni\u00e8res \u00e0 ressort m\u00e9talliques<\/td>\n<td style=\"width:15%\">&nbsp;<\/td>\n<td style=\"width:30%\">&nbsp;<\/td>\n<\/tr>\n<tr>\n<td style=\"width:20%\">&nbsp;<\/td>\n<td style=\"width:35%\">&#8211; couleurs brillantes<\/td>\n<td style=\"width:15%\"><strong>Couleurs:<\/strong><\/td>\n<td style=\"width:30%\">Couleur 1 &#8211; NOIR<\/td>\n<\/tr>\n<tr>\n<td style=\"width:20%\">&nbsp;<\/td>\n<td style=\"width:35%\">&#8211; avec \u00e9tui souple<\/td>\n<td style=\"width:15%\">&nbsp;<\/td>\n<td style=\"width:30%\">Couleur 2 &#8211; BLEU<\/td>\n<\/tr>\n<tr>\n<td style=\"width:20%\">&nbsp;<\/td>\n<td style=\"width:35%\">&nbsp;<\/td>\n<td style=\"width:15%\">&nbsp;<\/td>\n<td style=\"width:30%\">Couleur 3 &#8211; ROUGE<\/td>\n<\/tr>\n<\/table>\n<p><!-- Hier beginnt der Settext --><\/p>\n<div style=\"line-height: 2px;height: 1px;background-color: lightgrey\"><\/div>\n<table style=\"width:100%\"><\/p>\n<tr>\n<td style=\"width:20%\"><strong>Disponible sous forme d&rsquo;ensemble:<\/strong><\/td>\n<td style=\"width:35%\">15 parties<\/td>\n<td style=\"width:15%\"><strong>Prix fixe:<\/strong><\/td>\n<td style=\"width:30%\">\u20ac 89,90 (\u20ac 5,99 \/ pce)<\/td>\n<\/tr>\n<tr>\n<td style=\"width:20%\">&nbsp;<\/td>\n<td style=\"width:35%\">de + 1,50 \u00e0 + 3,50<\/td>\n<td style=\"width:15%\">&nbsp;<\/td>\n<td style=\"width:30%\">&nbsp;<\/td>\n<\/tr>\n<tr>\n<td style=\"width:20%\">&nbsp;<\/td>\n<td style=\"width:35%\">tri\u00e9s en 3 couleurs<\/td>\n<td style=\"width:15%\">&nbsp;<\/td>\n<td style=\"width:30%\">&nbsp;<\/td>\n<\/tr>\n<\/table>\n<p>[\/member]<\/p>\n","protected":false},"featured_media":13918,"template":"","meta":[],"product_cat":[211],"product_tag":[],"acf":[],"_links":{"self":[{"href":"https:\/\/victoria-collection.de\/fr\/wp-json\/wp\/v2\/product\/13650"}],"collection":[{"href":"https:\/\/victoria-collection.de\/fr\/wp-json\/wp\/v2\/product"}],"about":[{"href":"https:\/\/victoria-collection.de\/fr\/wp-json\/wp\/v2\/types\/product"}],"wp:featuredmedia":[{"embeddable":true,"href":"https:\/\/victoria-collection.de\/fr\/wp-json\/wp\/v2\/media\/13918"}],"wp:attachment":[{"href":"https:\/\/victoria-collection.de\/fr\/wp-json\/wp\/v2\/media?parent=13650"}],"wp:term":[{"taxonomy":"product_cat","embeddable":true,"href":"https:\/\/victoria-collection.de\/fr\/wp-json\/wp\/v2\/product_cat?post=13650"},{"taxonomy":"product_tag","embeddable":true,"href":"https:\/\/victoria-collection.de\/fr\/wp-json\/wp\/v2\/product_tag?post=13650"}],"curies":[{"name":"wp","href":"https:\/\/api.w.org\/{rel}","templated":true}]}}