{"id":13905,"date":"2022-12-07T12:15:47","date_gmt":"2022-12-07T11:15:47","guid":{"rendered":"https:\/\/victoria-collection.de\/?post_type=product&#038;p=13905"},"modified":"2026-04-30T14:05:45","modified_gmt":"2026-04-30T13:05:45","slug":"logic-gross-bicolor-4","status":"publish","type":"product","link":"https:\/\/victoria-collection.de\/fr\/shop\/logic-gross-bicolor-4\/","title":{"rendered":"LOGIC GROSS BICOLOR"},"content":{"rendered":"<p style=\"color: white; font-size: 0px; !important;\">14088 LOGIC MEDIUM LANG BICOLOR &#8211; Etuis mit raffiniertem Rollmechanismus &#8211; Magic colour-changing cases &#8211; \u00e9tuis \u00e0 m\u00e9canisme rotatif raffin\u00e9 &#8211; 2x K\u00f6rper blau, Band gelb auf hellblau &#8211; 2x main body blue, yellow and pale blue bands &#8211; 2x corps bleu, bande jaune sur bleu clair &#8211; 2x K\u00f6rper blau, Band gr\u00fcn auf rot &#8211; 2x main body grey, green and red bands &#8211; 2x corps bleu, bande verte et rouge &#8211; 2x K\u00f6rper blau, Band lila auf pink &#8211; 2x main body blue, purple and pink bands &#8211; 2x corps bleu, bande mauve sur fuchsia &#8211; 2x K\u00f6rper blau, Band metallicblau auf silber &#8211; 2x main body blue, blue metallic and silver bands &#8211; 2x corps bleu, bande bleu m\u00e9tallis\u00e9 sur argent <\/p>\n","protected":false},"excerpt":{"rendered":"<p>[visitor]<strong>DE:<\/strong> Beschreibungen und Preise werden nur angemeldeten Besuchern unserer Internetseite angezeigt, da sich unser Angebot ausschlie\u00dflich an Wiederverk\u00e4ufer richtet. Bitte melden Sie sich an, um die volle Funktionalit\u00e4t dieser Seite freizuschalten. <a href=\"https:\/\/victoria-collection.de\/de\/wp-login.php\">Bitte melden Sie sich hier an.<\/a><\/p>\n<p><strong>EN:<\/strong> Descriptions and prices are only displayed to registered visitors to our website, as our offer is aimed exclusively at resellers. Please log in to unlock the full functionality of this page. <a href=\"https:\/\/victoria-collection.de\/en\/wp-login.php\">Please log in here.<\/a><\/p>\n<p><strong>FR:<\/strong> Descriptions et les prix ne sont affich\u00e9s que pour les visiteurs enregistr\u00e9s sur notre site web, car notre offre s&rsquo;adresse exclusivement aux revendeurs. Veuillez vous connecter pour d\u00e9verrouiller toutes les fonctionnalit\u00e9s de cette page. <a href=\"https:\/\/victoria-collection.de\/fr\/wp-login.php\">Veuillez vous inscrire ici.<\/a><\/p>\n<p>[\/visitor][member]<\/p>\n<table style =\"width:100%\">\n<tr>\n<td style=\"width:20%\"><strong>Num\u00e9ro du mod\u00e8le:<\/strong><\/td>\n<td style=\"width:35%\">14088<\/td>\n<td style=\"width:15%\">&nbsp;<\/td>\n<td style=\"width:30%\">&nbsp;<\/td>\n<\/tr>\n<tr>\n<td style=\"width:20%\">&nbsp;<\/td>\n<td style=\"width:35%\">&nbsp;<\/td>\n<td style=\"width:15%\">&nbsp;<\/td>\n<td style=\"width:30%\">&nbsp;<\/td>\n<\/tr>\n<tr>\n<td style=\"width:20%\"><strong>Conditionnement:<\/strong><\/td>\n<td style=\"width:35%\">8 Pi\u00e8ce<\/td>\n<td style=\"width:15%\"><strong>Prix \u00e0 l&rsquo;unit\u00e9:<\/strong><\/td>\n<td style=\"width:30%\">\u20ac 4,40<\/td>\n<\/tr>\n<tr>\n<td style=\"width:20%\">&nbsp;<\/td>\n<td style=\"width:35%\">&nbsp;<\/td>\n<td style=\"width:15%\">&nbsp;<\/td>\n<td style=\"width:30%\">&nbsp;<\/td>\n<\/tr>\n<tr>\n<td style=\"width:20%\"><strong>Description:<\/strong><\/td>\n<td style=\"width:35%\">&#8211; \u00e9tuis \u00e0 m\u00e9canisme rotatif raffin\u00e9<\/td>\n<td style=\"width:15%\"><strong>Dimensions:<\/strong><\/td>\n<td style=\"width:30%\">L 160 \/ L 65 \/ H 44 mm<\/td>\n<\/tr>\n<tr>\n<td style=\"width:20%\">&nbsp;<\/td>\n<td style=\"width:35%\">&#8211; 2x corps bleu, bande jaune sur bleu clair<\/td>\n<td style=\"width:15%\">&nbsp;<\/td>\n<td style=\"width:30%\">&nbsp;<\/td>\n<\/tr>\n<tr>\n<td style=\"width:20%\">&nbsp;<\/td>\n<td style=\"width:35%\">&#8211; 2x corps bleu, bande tricolore<\/td>\n<td style=\"width:15%\"><strong>Couleurs:<\/strong><\/td>\n<td style=\"width:30%\">tri\u00e9s en 4 couleurs<\/td>\n<\/tr>\n<tr>\n<td style=\"width:20%\">&nbsp;<\/td>\n<td style=\"width:35%\">&#8211; 2x corps bleu, bande mauve sur fuchsia<\/td>\n<td style=\"width:15%\">&nbsp;<\/td>\n<td style=\"width:30%\">&nbsp;<\/td>\n<\/tr>\n<tr>\n<td style=\"width:20%\">&nbsp;<\/td>\n<td style=\"width:35%\">&nbsp;<\/td>\n<td style=\"width:15%\">&nbsp;<\/td>\n<td style=\"width:30%\">&nbsp;<\/td>\n<\/tr>\n<tr>\n<td style=\"width:20%\">&nbsp;<\/td>\n<td style=\"width:35%\">&#8211; 2x corps bleu, bande bleu m\u00e9tallis\u00e9 sur argent<\/td>\n<td style=\"width:15%\">&nbsp;<\/td>\n<td style=\"width:30%\">&nbsp;<\/td>\n<\/tr>\n<\/table>\n<p>[\/member]<\/p>\n","protected":false},"featured_media":14135,"template":"","meta":[],"product_cat":[212,309],"product_tag":[],"acf":[],"_links":{"self":[{"href":"https:\/\/victoria-collection.de\/fr\/wp-json\/wp\/v2\/product\/13905"}],"collection":[{"href":"https:\/\/victoria-collection.de\/fr\/wp-json\/wp\/v2\/product"}],"about":[{"href":"https:\/\/victoria-collection.de\/fr\/wp-json\/wp\/v2\/types\/product"}],"wp:featuredmedia":[{"embeddable":true,"href":"https:\/\/victoria-collection.de\/fr\/wp-json\/wp\/v2\/media\/14135"}],"wp:attachment":[{"href":"https:\/\/victoria-collection.de\/fr\/wp-json\/wp\/v2\/media?parent=13905"}],"wp:term":[{"taxonomy":"product_cat","embeddable":true,"href":"https:\/\/victoria-collection.de\/fr\/wp-json\/wp\/v2\/product_cat?post=13905"},{"taxonomy":"product_tag","embeddable":true,"href":"https:\/\/victoria-collection.de\/fr\/wp-json\/wp\/v2\/product_tag?post=13905"}],"curies":[{"name":"wp","href":"https:\/\/api.w.org\/{rel}","templated":true}]}}