{"id":14062,"date":"2022-12-12T12:51:21","date_gmt":"2022-12-12T11:51:21","guid":{"rendered":"https:\/\/victoria-collection.de\/?post_type=product&#038;p=14062"},"modified":"2026-04-08T14:02:59","modified_gmt":"2026-04-08T13:02:59","slug":"gafas-2","status":"publish","type":"product","link":"https:\/\/victoria-collection.de\/fr\/shop\/gafas-2\/","title":{"rendered":"GAFAS"},"content":{"rendered":"<p style=\"color: white; font-size: 0px; !important;\">11626 GAFAS &#8211; Einstecketui &#8211; Pouch &#8211; \u00e9tui souple &#8211; mit Stahlfederverschluss &#8211; Steel spring top &#8211; fermeture \u00e0 ressort en acier &#8211; mit verschiedenen Brillendesigns &#8211; with different glasses designs &#8211; avec diff\u00e9rents designs de lunettes &#8211; in 3 Farben sortiert &#8211; In 3 colours &#8211; disponible en 3\u00a0couleurs <\/p>\n","protected":false},"excerpt":{"rendered":"<p>[visitor]<strong>DE:<\/strong> Beschreibungen und Preise werden nur angemeldeten Besuchern unserer Internetseite angezeigt, da sich unser Angebot ausschlie\u00dflich an Wiederverk\u00e4ufer richtet. Bitte melden Sie sich an, um die volle Funktionalit\u00e4t dieser Seite freizuschalten. <a href=\"https:\/\/victoria-collection.de\/de\/wp-login.php\">Bitte melden Sie sich hier an.<\/a><\/p>\n<p><strong>EN:<\/strong> Descriptions and prices are only displayed to registered visitors to our website, as our offer is aimed exclusively at resellers. Please log in to unlock the full functionality of this page. <a href=\"https:\/\/victoria-collection.de\/en\/wp-login.php\">Please log in here.<\/a><\/p>\n<p><strong>FR:<\/strong> Descriptions et les prix ne sont affich\u00e9s que pour les visiteurs enregistr\u00e9s sur notre site web, car notre offre s&rsquo;adresse exclusivement aux revendeurs. Veuillez vous connecter pour d\u00e9verrouiller toutes les fonctionnalit\u00e9s de cette page. <a href=\"https:\/\/victoria-collection.de\/fr\/wp-login.php\">Veuillez vous inscrire ici.<\/a><\/p>\n<p>[\/visitor][member]<\/p>\n<table style =\"width:100%\">\n<tr>\n<td style=\"width:20%\"><strong>Num\u00e9ro du mod\u00e8le:<\/strong><\/td>\n<td style=\"width:35%\">11626<\/td>\n<td style=\"width:15%\">&nbsp;<\/td>\n<td style=\"width:30%\">&nbsp;<\/td>\n<\/tr>\n<tr>\n<td style=\"width:20%\">&nbsp;<\/td>\n<td style=\"width:35%\">&nbsp;<\/td>\n<td style=\"width:15%\">&nbsp;<\/td>\n<td style=\"width:30%\">&nbsp;<\/td>\n<\/tr>\n<tr>\n<td style=\"width:20%\"><strong>Conditionnement:<\/strong><\/td>\n<td style=\"width:35%\">12 Pi\u00e8ce<\/td>\n<td style=\"width:15%\"><strong>Prix \u00e0 l&rsquo;unit\u00e9:<\/strong><\/td>\n<td style=\"width:30%\">\u20ac 1,30<\/td>\n<\/tr>\n<tr>\n<td style=\"width:20%\">&nbsp;<\/td>\n<td style=\"width:35%\">&nbsp;<\/td>\n<td style=\"width:15%\">&nbsp;<\/td>\n<td style=\"width:30%\">&nbsp;<\/td>\n<\/tr>\n<tr>\n<td style=\"width:20%\"><strong>Description:<\/strong><\/td>\n<td style=\"width:35%\">&#8211; \u00e9tui souple<\/td>\n<td style=\"width:15%\"><strong>Dimensions:<\/strong><\/td>\n<td style=\"width:30%\">L 175 \/ L 95 \/ H mm<\/td>\n<\/tr>\n<tr>\n<td style=\"width:20%\">&nbsp;<\/td>\n<td style=\"width:35%\">&#8211; fermeture \u00e0 ressort en acier<\/td>\n<td style=\"width:15%\">&nbsp;<\/td>\n<td style=\"width:30%\">&nbsp;<\/td>\n<\/tr>\n<tr>\n<td style=\"width:20%\">&nbsp;<\/td>\n<td style=\"width:35%\">&#8211; avec diff\u00e9rents designs de lunettes<\/td>\n<td style=\"width:15%\"><strong>Couleurs:<\/strong><\/td>\n<td style=\"width:30%\">tri\u00e9s en couleurs<\/td>\n<\/tr>\n<tr>\n<td style=\"width:20%\">&nbsp;<\/td>\n<td style=\"width:35%\">&#8211; disponible en 3\u00a0couleurs<\/td>\n<td style=\"width:15%\">&nbsp;<\/td>\n<td style=\"width:30%\">&nbsp;<\/td>\n<\/tr>\n<\/table>\n<p>[\/member]<\/p>\n","protected":false},"featured_media":14000,"template":"","meta":[],"product_cat":[212,312],"product_tag":[],"acf":[],"_links":{"self":[{"href":"https:\/\/victoria-collection.de\/fr\/wp-json\/wp\/v2\/product\/14062"}],"collection":[{"href":"https:\/\/victoria-collection.de\/fr\/wp-json\/wp\/v2\/product"}],"about":[{"href":"https:\/\/victoria-collection.de\/fr\/wp-json\/wp\/v2\/types\/product"}],"wp:featuredmedia":[{"embeddable":true,"href":"https:\/\/victoria-collection.de\/fr\/wp-json\/wp\/v2\/media\/14000"}],"wp:attachment":[{"href":"https:\/\/victoria-collection.de\/fr\/wp-json\/wp\/v2\/media?parent=14062"}],"wp:term":[{"taxonomy":"product_cat","embeddable":true,"href":"https:\/\/victoria-collection.de\/fr\/wp-json\/wp\/v2\/product_cat?post=14062"},{"taxonomy":"product_tag","embeddable":true,"href":"https:\/\/victoria-collection.de\/fr\/wp-json\/wp\/v2\/product_tag?post=14062"}],"curies":[{"name":"wp","href":"https:\/\/api.w.org\/{rel}","templated":true}]}}