{"id":1541,"date":"2019-10-09T08:05:19","date_gmt":"2019-10-09T07:05:19","guid":{"rendered":"https:\/\/victoria-collection.de\/?post_type=product&#038;p=1541"},"modified":"2026-05-13T07:54:00","modified_gmt":"2026-05-13T06:54:00","slug":"logic-medium-lang-bicolor","status":"publish","type":"product","link":"https:\/\/victoria-collection.de\/fr\/shop\/logic-medium-lang-bicolor\/","title":{"rendered":"LOGIC MEDIUM LANG BICOLOR"},"content":{"rendered":"<p style=\"color: white; font-size: 0px; !important;\">14082 LOGIC MEDIUM LANG BICOLOR &#8211; Etuis mit raffiniertem Rollmechanismus &#8211; Magic colour-changing cases &#8211; \u00e9tuis \u00e0 m\u00e9canisme rotatif raffin\u00e9 &#8211; 2x K\u00f6rper blau, Band gelb auf hellblau &#8211; 2x main body blue, yellow and pale blue bands &#8211; 2x corps bleu, bande jaune sur bleu clair &#8211; 2x K\u00f6rper blau, Band gr\u00fcn auf rot &#8211; 2x main body grey, green and red bands &#8211; 2x corps bleu, bande verte et rouge &#8211; 2x K\u00f6rper blau, Band lila auf pink &#8211; 2x main body blue, purple and pink bands &#8211; 2x corps bleu, bande mauve sur fuchsia &#8211; 2x K\u00f6rper blau, Band metallicblau auf silber &#8211; 2x main body blue, blue metallic and silver bands &#8211; 2x corps bleu, bande bleu m\u00e9tallis\u00e9 sur argent <\/p>\n","protected":false},"excerpt":{"rendered":"<table style =\"width:100%\">\n<tr>\n<td style=\"width:20%\"><strong>Num\u00e9ro du mod\u00e8le:<\/strong><\/td>\n<td style=\"width:35%\">14082<\/td>\n<td style=\"width:15%\">&nbsp;<\/td>\n<td style=\"width:30%\">&nbsp;<\/td>\n<\/tr>\n<tr>\n<td style=\"width:20%\">&nbsp;<\/td>\n<td style=\"width:35%\">&nbsp;<\/td>\n<td style=\"width:15%\">&nbsp;<\/td>\n<td style=\"width:30%\">&nbsp;<\/td>\n<\/tr>\n<tr>\n<td style=\"width:20%\"><strong>Conditionnement:<\/strong><\/td>\n<td style=\"width:35%\">8 Pi\u00e8ce<\/td>\n<td style=\"width:15%\"><strong>Prix \u00e0 l&rsquo;unit\u00e9:<\/strong><\/td>\n<td style=\"width:30%\">\u20ac 4,40<\/td>\n<\/tr>\n<tr>\n<td style=\"width:20%\">&nbsp;<\/td>\n<td style=\"width:35%\">&nbsp;<\/td>\n<td style=\"width:15%\">&nbsp;<\/td>\n<td style=\"width:30%\">&nbsp;<\/td>\n<\/tr>\n<tr>\n<td style=\"width:20%\"><strong>Description:<\/strong><\/td>\n<td style=\"width:35%\">&#8211; \u00e9tuis \u00e0 m\u00e9canisme rotatif raffin\u00e9<\/td>\n<td style=\"width:15%\"><strong>Dimensions:<\/strong><\/td>\n<td style=\"width:30%\">L 162 \/ L 56 \/ H 40 mm<\/td>\n<\/tr>\n<tr>\n<td style=\"width:20%\">&nbsp;<\/td>\n<td style=\"width:35%\">&#8211; 2x corps bleu, bande jaune sur bleu clair<\/td>\n<td style=\"width:15%\">&nbsp;<\/td>\n<td style=\"width:30%\">&nbsp;<\/td>\n<\/tr>\n<tr>\n<td style=\"width:20%\">&nbsp;<\/td>\n<td style=\"width:35%\">&#8211; 2x corps bleu, bande verte et rouge<\/td>\n<td style=\"width:15%\"><strong>Couleurs:<\/strong><\/td>\n<td style=\"width:30%\">tri\u00e9s en 4 couleurs<\/td>\n<\/tr>\n<tr>\n<td style=\"width:20%\">&nbsp;<\/td>\n<td style=\"width:35%\">&#8211; 2x corps bleu, bande mauve sur fuchsia<\/td>\n<td style=\"width:15%\">&nbsp;<\/td>\n<td style=\"width:30%\">&nbsp;<\/td>\n<\/tr>\n<tr>\n<td style=\"width:20%\">&nbsp;<\/td>\n<td style=\"width:35%\">&#8211; 2x corps bleu, bande bleu m\u00e9tallis\u00e9 sur argent<\/td>\n<td style=\"width:15%\">&nbsp;<\/td>\n<td style=\"width:30%\">&nbsp;<\/td>\n<\/tr>\n<\/table>\n","protected":false},"featured_media":1543,"template":"","meta":[],"product_cat":[212,309],"product_tag":[],"acf":[],"_links":{"self":[{"href":"https:\/\/victoria-collection.de\/fr\/wp-json\/wp\/v2\/product\/1541"}],"collection":[{"href":"https:\/\/victoria-collection.de\/fr\/wp-json\/wp\/v2\/product"}],"about":[{"href":"https:\/\/victoria-collection.de\/fr\/wp-json\/wp\/v2\/types\/product"}],"wp:featuredmedia":[{"embeddable":true,"href":"https:\/\/victoria-collection.de\/fr\/wp-json\/wp\/v2\/media\/1543"}],"wp:attachment":[{"href":"https:\/\/victoria-collection.de\/fr\/wp-json\/wp\/v2\/media?parent=1541"}],"wp:term":[{"taxonomy":"product_cat","embeddable":true,"href":"https:\/\/victoria-collection.de\/fr\/wp-json\/wp\/v2\/product_cat?post=1541"},{"taxonomy":"product_tag","embeddable":true,"href":"https:\/\/victoria-collection.de\/fr\/wp-json\/wp\/v2\/product_tag?post=1541"}],"curies":[{"name":"wp","href":"https:\/\/api.w.org\/{rel}","templated":true}]}}