{"id":30575,"date":"2025-08-11T14:22:42","date_gmt":"2025-08-11T13:22:42","guid":{"rendered":"https:\/\/victoria-collection.de\/?post_type=product&#038;p=30575"},"modified":"2026-04-07T14:52:24","modified_gmt":"2026-04-07T13:52:24","slug":"xel29","status":"publish","type":"product","link":"https:\/\/victoria-collection.de\/fr\/shop\/xel29\/","title":{"rendered":"XEL29"},"content":{"rendered":"<p style=\"color: white; font-size: 0px;\">XEL29 X-EYES LITE 29 &#8211; Acetat-\/ Titanfassung &#8211; Acetate \/ titanium frame &#8211; monture en ac\u00e9tate \/ titane &#8211; 30-t\u00e4giges R\u00fcckgaberecht &#8211; 30-day right to return &#8211; droit de retour de 30\u00a0jours SCHWARZ\/HAVANNA BLACK\/HAVANA NOIR\/HAVANE PINK\/PURPLE PINK\/PURPLE PINK\/PURPRE TEAL TEAL TEAL<\/p>\n","protected":false},"excerpt":{"rendered":"<p>[visitor]<strong>DE:<\/strong> Beschreibungen und Preise werden nur angemeldeten Besuchern unserer Internetseite angezeigt, da sich unser Angebot ausschlie\u00dflich an Wiederverk\u00e4ufer richtet. Bitte melden Sie sich an, um die volle Funktionalit\u00e4t dieser Seite freizuschalten. <a href=\"https:\/\/victoria-collection.de\/de\/wp-login.php\">Bitte melden Sie sich hier an.<\/a><\/p>\n<p><strong>EN:<\/strong> Descriptions and prices are only displayed to registered visitors to our website, as our offer is aimed exclusively at resellers. Please log in to unlock the full functionality of this page. <a href=\"https:\/\/victoria-collection.de\/en\/wp-login.php\">Please log in here.<\/a><\/p>\n<p><strong>FR:<\/strong> Descriptions et les prix ne sont affich\u00e9s que pour les visiteurs enregistr\u00e9s sur notre site web, car notre offre s&rsquo;adresse exclusivement aux revendeurs. Veuillez vous connecter pour d\u00e9verrouiller toutes les fonctionnalit\u00e9s de cette page. <a href=\"https:\/\/victoria-collection.de\/fr\/wp-login.php\">Veuillez vous inscrire ici.<\/a><\/p>\n<p>[\/visitor][member]<\/p>\n<table style=\"width: 100%;\">\n<tbody>\n<tr>\n<td style=\"width: 20%;\"><strong>Num\u00e9ro du mod\u00e8le:<\/strong><\/td>\n<td style=\"width: 35%;\">XEL29<\/td>\n<td style=\"width: 15%;\"><\/td>\n<td style=\"width: 30%;\"><\/td>\n<\/tr>\n<tr>\n<td style=\"width: 20%;\"><\/td>\n<td style=\"width: 35%;\"><\/td>\n<td style=\"width: 15%;\"><\/td>\n<td style=\"width: 30%;\"><\/td>\n<\/tr>\n<tr>\n<td style=\"width: 20%;\"><strong>Conditionnement:<\/strong><\/td>\n<td style=\"width: 35%;\">1 Pi\u00e8ce<\/td>\n<td style=\"width: 15%;\"><strong>Prix \u00e0 l&rsquo;unit\u00e9:<\/strong><\/td>\n<td style=\"width: 30%;\">\u20ac 39,90<\/td>\n<\/tr>\n<tr>\n<td style=\"width: 20%;\"><\/td>\n<td style=\"width: 35%;\"><\/td>\n<td style=\"width: 15%;\"><\/td>\n<td style=\"width: 30%;\"><\/td>\n<\/tr>\n<tr>\n<td style=\"width: 20%;\"><strong>Description:<\/strong><\/td>\n<td style=\"width: 35%;\">&#8211; Monture en ac\u00e9tate\/titane <\/td>\n<td style=\"width: 15%;\"><strong>Dimensions:<\/strong><\/td>\n<td style=\"width: 30%;\">50 &#8211; 15 \/ 140 mm<\/td>\n<\/tr>\n<tr>\n<td style=\"width: 20%;\"><\/td>\n<td style=\"width: 35%;\">&#8211; \u00c9tui pliable et chiffon en microfibre inclus<\/td>\n<td style=\"width: 15%;\"><\/td>\n<td style=\"width: 30%;\"><\/td>\n<\/tr>\n<tr>\n<td style=\"width: 20%;\"><\/td>\n<td style=\"width: 35%;\">&#8211; droit de retour de 30\u00a0jours<\/td>\n<td style=\"width: 15%;\"><strong>Couleurs:<\/strong><\/td>\n<td style=\"width: 30%;\">Couleur 3 &#8211; NOIR\/HAVANE<\/td>\n<\/tr>\n<tr>\n<td style=\"width: 20%;\"><\/td>\n<td style=\"width: 35%;\"><\/td>\n<td style=\"width: 15%;\"><\/td>\n<td style=\"width: 30%;\">Couleur 1 &#8211; PINK\/PURPLE<\/td>\n<\/tr>\n<tr>\n<td style=\"width: 20%;\"><\/td>\n<td style=\"width: 35%;\"><\/td>\n<td style=\"width: 15%;\"><\/td>\n<td style=\"width: 30%;\">Couleur 2 &#8211; TEAL<\/td>\n<\/tr>\n<\/tbody>\n<\/table>\n<p>[\/member]<\/p>\n","protected":false},"featured_media":30734,"template":"","meta":[],"product_cat":[242,214,893],"product_tag":[],"acf":[],"_links":{"self":[{"href":"https:\/\/victoria-collection.de\/fr\/wp-json\/wp\/v2\/product\/30575"}],"collection":[{"href":"https:\/\/victoria-collection.de\/fr\/wp-json\/wp\/v2\/product"}],"about":[{"href":"https:\/\/victoria-collection.de\/fr\/wp-json\/wp\/v2\/types\/product"}],"wp:featuredmedia":[{"embeddable":true,"href":"https:\/\/victoria-collection.de\/fr\/wp-json\/wp\/v2\/media\/30734"}],"wp:attachment":[{"href":"https:\/\/victoria-collection.de\/fr\/wp-json\/wp\/v2\/media?parent=30575"}],"wp:term":[{"taxonomy":"product_cat","embeddable":true,"href":"https:\/\/victoria-collection.de\/fr\/wp-json\/wp\/v2\/product_cat?post=30575"},{"taxonomy":"product_tag","embeddable":true,"href":"https:\/\/victoria-collection.de\/fr\/wp-json\/wp\/v2\/product_tag?post=30575"}],"curies":[{"name":"wp","href":"https:\/\/api.w.org\/{rel}","templated":true}]}}