{"id":7763,"date":"2021-02-03T15:52:16","date_gmt":"2021-02-03T14:52:16","guid":{"rendered":"https:\/\/victoria-collection.de\/?post_type=product&#038;p=7763"},"modified":"2026-01-12T12:23:51","modified_gmt":"2026-01-12T11:23:51","slug":"arthur-mit-druck","status":"publish","type":"product","link":"https:\/\/victoria-collection.de\/fr\/shop\/arthur-mit-druck\/","title":{"rendered":"ARTHUR MIT DRUCK"},"content":{"rendered":"","protected":false},"excerpt":{"rendered":"<table style=\"width:100%\">\n<tr>\n<td style=\"width:35%\">\n&nbsp;<br \/>\n<strong>Description:<\/strong><br \/>\n&nbsp;<br \/>\n&nbsp;<br \/>\n&nbsp;<br \/>\n&nbsp;<br \/>\n<strong>Prix \u00e0 lunit\u00e9:<\/strong><br \/>\nde 200 pcs:<br \/>\nde 500 pcs:<br \/>\n&nbsp;<br \/>\n<strong>Quantit\u00e9 minimale:<\/strong><br \/>\n&nbsp;<br \/>\n<strong>Encres d&rsquo;imprimerie:<\/strong><br \/>\nde 200 pi\u00e8ces:<br \/>\n&nbsp;<br \/>\n<strong>D\u00e9lai de livraison:<\/strong><br \/>\nde 200 pi\u00e8ces:<br \/>\n&nbsp;<br \/>\n<strong>Dimensions du produit:<\/strong><br \/>\n&nbsp;<br \/>\n<strong>Couleurs:<\/strong><br \/>\n&nbsp;<br \/>\n&nbsp;<br \/>\n&nbsp;<br \/>\n&nbsp;<br \/>\n&nbsp;\n<\/td>\n<td>\n&nbsp;<br \/>\n&#8211; \u00e9tui en plastique<br \/>\n&#8211; fermeture \u00e0 bouton-pression<br \/>\n&#8211; doublure int\u00e9rieure beige<br \/>\n&#8211; imprimable<br \/>\n&nbsp;<br \/>\n\u00c9chelle de quantit\u00e9<br \/>\n\u20ac 1,59<br \/>\n\u20ac 1,49<br \/>\n&nbsp;<br \/>\n200 pi\u00e8ces<br \/>\n&nbsp;<br \/>\n&nbsp;<br \/>\nNOIR, BLANC, OR, ARGENT<br \/>\n&nbsp;<br \/>\n&nbsp;<br \/>\nenviron 8 semaines<br \/>\n&nbsp;<br \/>\n70 x 32 x 157 mm<br \/>\n&nbsp;<br \/>\nCouleur 1 &#8211; NOIR<br \/>\nCouleur 2 &#8211; BLEU<br \/>\nCouleur 3 &#8211; ROUGE<br \/>\nCouleur 4 &#8211; BORDEAUX<br \/>\nCouleur 5 &#8211; VERT<br \/>\n&nbsp;\n<\/td>\n<\/tr>\n<\/table>\n<p><\/p>\n<div style=\"line-height: 2px;height: 1px;background-color: lightgrey\"><\/div>\n<p>&nbsp;<br \/>\nLes prix sont indiqu\u00e9s en <strong>incluant tous les frais d&rsquo;impression annexes<\/strong>.<br \/>\n<br \/>\nPour la r\u00e9alisation de votre commande d&rsquo;impression, nous avons besoin de votre logo sous forme de fichier haute r\u00e9solution et imprimable. Les formats de fichiers suivants sont possibles : pdf, eps, jpg (chacun avec une r\u00e9solution d&rsquo;au moins 300 dpi)<br \/>\n<br \/>\nVous pouvez nous envoyer le logo, s&rsquo;il n&rsquo;est pas d\u00e9j\u00e0 disponible, \u00e0 mail@victoria-collection.de.<br \/>\n<br \/>\nNous sommes \u00e9galement heureux de vous conseiller personnellement sur les commandes d&rsquo;impression.<\/p>\n","protected":false},"featured_media":7752,"template":"","meta":[],"product_cat":[212,245,377],"product_tag":[],"acf":[],"_links":{"self":[{"href":"https:\/\/victoria-collection.de\/fr\/wp-json\/wp\/v2\/product\/7763"}],"collection":[{"href":"https:\/\/victoria-collection.de\/fr\/wp-json\/wp\/v2\/product"}],"about":[{"href":"https:\/\/victoria-collection.de\/fr\/wp-json\/wp\/v2\/types\/product"}],"wp:featuredmedia":[{"embeddable":true,"href":"https:\/\/victoria-collection.de\/fr\/wp-json\/wp\/v2\/media\/7752"}],"wp:attachment":[{"href":"https:\/\/victoria-collection.de\/fr\/wp-json\/wp\/v2\/media?parent=7763"}],"wp:term":[{"taxonomy":"product_cat","embeddable":true,"href":"https:\/\/victoria-collection.de\/fr\/wp-json\/wp\/v2\/product_cat?post=7763"},{"taxonomy":"product_tag","embeddable":true,"href":"https:\/\/victoria-collection.de\/fr\/wp-json\/wp\/v2\/product_tag?post=7763"}],"curies":[{"name":"wp","href":"https:\/\/api.w.org\/{rel}","templated":true}]}}